{"id":23223,"date":"2024-07-23T13:09:55","date_gmt":"2024-07-23T10:09:55","guid":{"rendered":"https:\/\/kutluyayinevi.com\/magaza\/?post_type=product&#038;p=23223"},"modified":"2026-02-20T12:40:08","modified_gmt":"2026-02-20T09:40:08","slug":"kor-mehmet-oner","status":"publish","type":"product","link":"https:\/\/kutluyayinevi.com\/magaza\/urun\/kor-mehmet-oner\/","title":{"rendered":"K\u00f6r &#8211; Mehmet \u00d6ner"},"content":{"rendered":"<div class=\"phenom-desc\">\n<div class=\"comment-container\">\n<div class=\"action-comment can-view-video markeddown js-comment is-comments-rewrite\" dir=\"auto\">\n<div class=\"current-comment js-friendly-links js-open-card\">\n<p>Bu kitap, ya\u015fl\u0131 ve g\u00f6rme duyusundan mahrum asil bir kad\u0131n\u0131n dramatik hik\u00e2yesidir. Ayr\u0131ca, k\u00f6rl\u00fc\u011f\u00fcn as\u0131l mahiyetini derin bir tefekk\u00fcr konusu etmektedir. Sahip oldu\u011fu didaktik \u00f6gelerle de okuyucuya rehber olacakt\u0131r.<\/p>\n<\/div>\n<\/div>\n<\/div>\n<\/div>\n","protected":false},"excerpt":{"rendered":"<p>Bu kitap, ya\u015fl\u0131 ve g\u00f6rme duyusundan mahrum asil bir kad\u0131n\u0131n dramatik hik\u00e2yesidir. Ayr\u0131ca, k\u00f6rl\u00fc\u011f\u00fcn as\u0131l mahiyetini derin bir tefekk\u00fcr konusu etmektedir. Sahip oldu\u011fu didaktik \u00f6gelerle de okuyucuya rehber olacakt\u0131r.<\/p>\n","protected":false},"featured_media":23224,"comment_status":"closed","ping_status":"closed","template":"","meta":[],"product_brand":[],"product_cat":[24],"product_tag":[],"class_list":{"0":"post-23223","1":"product","2":"type-product","3":"status-publish","4":"has-post-thumbnail","6":"product_cat-roman","8":"first","9":"instock","10":"sale","11":"shipping-taxable","12":"purchasable","13":"product-type-simple"},"_links":{"self":[{"href":"https:\/\/kutluyayinevi.com\/magaza\/wp-json\/wp\/v2\/product\/23223","targetHints":{"allow":["GET"]}}],"collection":[{"href":"https:\/\/kutluyayinevi.com\/magaza\/wp-json\/wp\/v2\/product"}],"about":[{"href":"https:\/\/kutluyayinevi.com\/magaza\/wp-json\/wp\/v2\/types\/product"}],"replies":[{"embeddable":true,"href":"https:\/\/kutluyayinevi.com\/magaza\/wp-json\/wp\/v2\/comments?post=23223"}],"wp:featuredmedia":[{"embeddable":true,"href":"https:\/\/kutluyayinevi.com\/magaza\/wp-json\/wp\/v2\/media\/23224"}],"wp:attachment":[{"href":"https:\/\/kutluyayinevi.com\/magaza\/wp-json\/wp\/v2\/media?parent=23223"}],"wp:term":[{"taxonomy":"product_brand","embeddable":true,"href":"https:\/\/kutluyayinevi.com\/magaza\/wp-json\/wp\/v2\/product_brand?post=23223"},{"taxonomy":"product_cat","embeddable":true,"href":"https:\/\/kutluyayinevi.com\/magaza\/wp-json\/wp\/v2\/product_cat?post=23223"},{"taxonomy":"product_tag","embeddable":true,"href":"https:\/\/kutluyayinevi.com\/magaza\/wp-json\/wp\/v2\/product_tag?post=23223"}],"curies":[{"name":"wp","href":"https:\/\/api.w.org\/{rel}","templated":true}]}}