{"id":23234,"date":"2024-08-07T09:57:50","date_gmt":"2024-08-07T06:57:50","guid":{"rendered":"https:\/\/kutluyayinevi.com\/magaza\/?post_type=product&#038;p=23234"},"modified":"2026-02-23T10:18:24","modified_gmt":"2026-02-23T07:18:24","slug":"takim-sporlari-saha-malzeme-bilgisi-muzaffer-doggun","status":"publish","type":"product","link":"https:\/\/kutluyayinevi.com\/magaza\/urun\/takim-sporlari-saha-malzeme-bilgisi-muzaffer-doggun\/","title":{"rendered":"Tak\u0131m Sporlar\u0131 Saha Malzeme Bilgisi &#8211; Muzaffer Do\u011fg\u00fcn"},"content":{"rendered":"<p>Muzaffer DO\u011eG\u00dcN, 1977 Do\u011fumlu K\u0131br\u0131s&#8217;\u0131n kuzeyinde turistik bir \u015fehir olan Girne\u2019ye ba\u011fl\u0131 Alsancak k\u00f6y\u00fcnde ya\u015fayan ve halen Girne Amerikan \u00dcniversitesinde \u00f6\u011fretim \u00fcyeli\u011fi yan\u0131nda idari olarak da spor koordinat\u00f6rl\u00fc\u011f\u00fc g\u00f6revini de birlikte yapmakta olan spor a\u015f\u0131\u011f\u0131, tek bir bran\u015fta kalmay\u0131p t\u00fcm bran\u015f ve k\u00fclt\u00fcrlerini deneyimleyip \u00f6\u011frenmeyi ve \u00f6\u011fretmeyi severek yapan ve edindi\u011fi kaynaklar\u0131 kitap haline getirip bilgi payla\u015f\u0131ld\u0131k\u00e7a \u00e7o\u011fal\u0131r felsefesini kendine g\u00f6rev edinmi\u015f bir bilim adam\u0131 olarak \u00fc\u00e7 kitab yazm\u0131\u015f ve her yazm\u0131\u015f oldu\u011fu eserlerden ilham alarak bir di\u011fer yeni eserin do\u011fu\u015funa kaynak olarak kazand\u0131rm\u0131\u015ft\u0131r.<\/p>\n<p>Neden bu kitab\u0131 okumal\u0131s\u0131n? Spor bilimlerinin i\u00e7inde olan beden e\u011fitimi \u00f6\u011fretmenli\u011fi, spor y\u00f6neticili\u011fi b\u00f6l\u00fcm\u00fc, antren\u00f6rl\u00fck b\u00f6l\u00fcm\u00fcn\u00fcn \u00f6\u011fretim g\u00f6rd\u00fckleri ve sonras\u0131nda dan\u0131\u015fabilece\u011finiz asla eskimeyen bir bilgi kayna\u011f\u0131. \u00d6zelikle olimpik sporlara dahil olan bran\u015flar se\u00e7ilerek haz\u0131rlanm\u0131\u015f olmas\u0131n\u0131n yan\u0131nda rekreasyon b\u00f6l\u00fcm\u00fc i\u00e7inde a\u00e7\u0131k veya kapal\u0131 ki i\u015f hayatlar\u0131nda olsun her zaman bilgisine alanlarda yap\u0131lan e\u011fitsel oyun alanlar\u0131n\u0131 \u00f6rnek alaca\u011f\u0131, profesy\u00f6nel veya amat\u00f6r sporcunun do\u011fru bildi\u011fi yanl\u0131\u015flar\u0131 \u00f6\u011frenece\u011fi ve \u00f6\u011fretece\u011fi her bireysel ve tak\u0131m sporlar\u0131 yapan bireylerin okumas\u0131nda ve k\u00fct\u00fcphanesinde bulundurmas\u0131 gereken bir bilgi hazinesi olup gelecek nesillere de aktarabilece\u011finiz bilgi bankas\u0131d\u0131r.<\/p>\n","protected":false},"excerpt":{"rendered":"<p>Muzaffer DO\u011eG\u00dcN, 1977 Do\u011fumlu K\u0131br\u0131s&#8217;\u0131n kuzeyinde turistik bir \u015fehir olan Girne\u2019ye ba\u011fl\u0131 Alsancak k\u00f6y\u00fcnde ya\u015fayan ve halen Girne Amerikan \u00dcniversitesinde \u00f6\u011fretim \u00fcyeli\u011fi yan\u0131nda idari olarak da spor koordinat\u00f6rl\u00fc\u011f\u00fc g\u00f6revini de birlikte yapmakta olan spor a\u015f\u0131\u011f\u0131, tek bir bran\u015fta kalmay\u0131p t\u00fcm bran\u015f ve k\u00fclt\u00fcrlerini deneyimleyip \u00f6\u011frenmeyi ve \u00f6\u011fretmeyi severek yapan ve edindi\u011fi kaynaklar\u0131 kitap haline getirip [&hellip;]<\/p>\n","protected":false},"featured_media":23235,"comment_status":"closed","ping_status":"closed","template":"","meta":[],"product_brand":[],"product_cat":[99],"product_tag":[],"class_list":{"0":"post-23234","1":"product","2":"type-product","3":"status-publish","4":"has-post-thumbnail","6":"product_cat-kilavuz","8":"first","9":"instock","10":"sale","11":"shipping-taxable","12":"purchasable","13":"product-type-simple"},"_links":{"self":[{"href":"https:\/\/kutluyayinevi.com\/magaza\/wp-json\/wp\/v2\/product\/23234","targetHints":{"allow":["GET"]}}],"collection":[{"href":"https:\/\/kutluyayinevi.com\/magaza\/wp-json\/wp\/v2\/product"}],"about":[{"href":"https:\/\/kutluyayinevi.com\/magaza\/wp-json\/wp\/v2\/types\/product"}],"replies":[{"embeddable":true,"href":"https:\/\/kutluyayinevi.com\/magaza\/wp-json\/wp\/v2\/comments?post=23234"}],"wp:featuredmedia":[{"embeddable":true,"href":"https:\/\/kutluyayinevi.com\/magaza\/wp-json\/wp\/v2\/media\/23235"}],"wp:attachment":[{"href":"https:\/\/kutluyayinevi.com\/magaza\/wp-json\/wp\/v2\/media?parent=23234"}],"wp:term":[{"taxonomy":"product_brand","embeddable":true,"href":"https:\/\/kutluyayinevi.com\/magaza\/wp-json\/wp\/v2\/product_brand?post=23234"},{"taxonomy":"product_cat","embeddable":true,"href":"https:\/\/kutluyayinevi.com\/magaza\/wp-json\/wp\/v2\/product_cat?post=23234"},{"taxonomy":"product_tag","embeddable":true,"href":"https:\/\/kutluyayinevi.com\/magaza\/wp-json\/wp\/v2\/product_tag?post=23234"}],"curies":[{"name":"wp","href":"https:\/\/api.w.org\/{rel}","templated":true}]}}