{"id":23245,"date":"2024-08-13T11:17:44","date_gmt":"2024-08-13T08:17:44","guid":{"rendered":"https:\/\/kutluyayinevi.com\/magaza\/?post_type=product&#038;p=23245"},"modified":"2026-02-23T11:03:34","modified_gmt":"2026-02-23T08:03:34","slug":"venus-gamzesi-cengiz-sagban","status":"publish","type":"product","link":"https:\/\/kutluyayinevi.com\/magaza\/urun\/venus-gamzesi-cengiz-sagban\/","title":{"rendered":"Ven\u00fcs Gamzesi &#8211; Cengiz \u015ea\u011fban"},"content":{"rendered":"<p>sana \u00fcnlem alaca\u011f\u0131m<br \/>\nki\u015fi ba\u015f\u0131na d\u00fc\u015fen milli ah\u0131m\u0131z\u0131n<br \/>\nsonuna koyars\u0131n<\/p>\n<p>&#8212;<\/p>\n<p>ben senin buz da\u011f\u0131n\u0131n<br \/>\ng\u00f6r\u00fcnmeyen utanga\u00e7 y\u00fcz\u00fcy\u00fcm<br \/>\nher titanik<br \/>\nk\u0131rm\u0131z\u0131 bir b\u00fcltenle arar beni g\u00f6vdesinde<\/p>\n<p>&#8212;<\/p>\n<p>sevgilim<br \/>\nl\u00fctfen bizi \u00e7ok uzatma<br \/>\nk\u0131sa bir bak\u0131\u015fla keselim \u00f6mr\u00fcm\u00fcz\u00fc<br \/>\n\u00f6n\u00fcm\u00fcze, \u00f6l\u00fcyoruz<br \/>\nard\u0131m\u0131za, mutluyuz yazal\u0131m<\/p>\n<p>&#8212;<\/p>\n<p>atlamak istiyorum aram\u0131zdaki u\u00e7urumdan<br \/>\ny\u00fcz\u00fcst\u00fc durursa cesedim yaz\u0131:<br \/>\nbeni en \u00e7ok sen \u00f6ld\u00fcrd\u00fcn<br \/>\ns\u0131rt\u00fcst\u00fc durursa tura:<br \/>\nseni en \u00e7ok ben ya\u015fad\u0131m<br \/>\nyasad\u0131\u015f\u0131 bahis sitesi kalbim<br \/>\nseni sevme oranlar\u0131m yaz\u0131lacak otopsi raporumda<br \/>\nbire bir sevi\u015fip<br \/>\nbire iki sevmi\u015fim seni<\/p>\n<p>&#8212;<\/p>\n<p>ger\u00e7ek bir hikayeden uyarland\u0131m bak\u0131\u015flar\u0131na<br \/>\ng\u00f6sterime yeni girmi\u015f film heyecan\u0131 y\u00fcz\u00fcn<\/p>\n","protected":false},"excerpt":{"rendered":"<p>sana \u00fcnlem alaca\u011f\u0131m ki\u015fi ba\u015f\u0131na d\u00fc\u015fen milli ah\u0131m\u0131z\u0131n sonuna koyars\u0131n &#8212; ben senin buz da\u011f\u0131n\u0131n g\u00f6r\u00fcnmeyen utanga\u00e7 y\u00fcz\u00fcy\u00fcm her titanik k\u0131rm\u0131z\u0131 bir b\u00fcltenle arar beni g\u00f6vdesinde &#8212; sevgilim l\u00fctfen bizi \u00e7ok uzatma k\u0131sa bir bak\u0131\u015fla keselim \u00f6mr\u00fcm\u00fcz\u00fc \u00f6n\u00fcm\u00fcze, \u00f6l\u00fcyoruz ard\u0131m\u0131za, mutluyuz yazal\u0131m &#8212; atlamak istiyorum aram\u0131zdaki u\u00e7urumdan y\u00fcz\u00fcst\u00fc durursa cesedim yaz\u0131: beni en \u00e7ok sen [&hellip;]<\/p>\n","protected":false},"featured_media":23246,"comment_status":"closed","ping_status":"closed","template":"","meta":[],"product_brand":[],"product_cat":[22],"product_tag":[],"class_list":{"0":"post-23245","1":"product","2":"type-product","3":"status-publish","4":"has-post-thumbnail","6":"product_cat-siir","8":"first","9":"instock","10":"sale","11":"shipping-taxable","12":"purchasable","13":"product-type-simple"},"_links":{"self":[{"href":"https:\/\/kutluyayinevi.com\/magaza\/wp-json\/wp\/v2\/product\/23245","targetHints":{"allow":["GET"]}}],"collection":[{"href":"https:\/\/kutluyayinevi.com\/magaza\/wp-json\/wp\/v2\/product"}],"about":[{"href":"https:\/\/kutluyayinevi.com\/magaza\/wp-json\/wp\/v2\/types\/product"}],"replies":[{"embeddable":true,"href":"https:\/\/kutluyayinevi.com\/magaza\/wp-json\/wp\/v2\/comments?post=23245"}],"wp:featuredmedia":[{"embeddable":true,"href":"https:\/\/kutluyayinevi.com\/magaza\/wp-json\/wp\/v2\/media\/23246"}],"wp:attachment":[{"href":"https:\/\/kutluyayinevi.com\/magaza\/wp-json\/wp\/v2\/media?parent=23245"}],"wp:term":[{"taxonomy":"product_brand","embeddable":true,"href":"https:\/\/kutluyayinevi.com\/magaza\/wp-json\/wp\/v2\/product_brand?post=23245"},{"taxonomy":"product_cat","embeddable":true,"href":"https:\/\/kutluyayinevi.com\/magaza\/wp-json\/wp\/v2\/product_cat?post=23245"},{"taxonomy":"product_tag","embeddable":true,"href":"https:\/\/kutluyayinevi.com\/magaza\/wp-json\/wp\/v2\/product_tag?post=23245"}],"curies":[{"name":"wp","href":"https:\/\/api.w.org\/{rel}","templated":true}]}}