{"id":23249,"date":"2024-08-13T11:25:16","date_gmt":"2024-08-13T08:25:16","guid":{"rendered":"https:\/\/kutluyayinevi.com\/magaza\/?post_type=product&#038;p=23249"},"modified":"2026-02-23T10:20:36","modified_gmt":"2026-02-23T07:20:36","slug":"tarihi-turk-sivelerinde-ikilemeler-burcu-uluc","status":"publish","type":"product","link":"https:\/\/kutluyayinevi.com\/magaza\/urun\/tarihi-turk-sivelerinde-ikilemeler-burcu-uluc\/","title":{"rendered":"Tarih\u00ee T\u00fcrk \u015eivelerinde \u0130kilemeler &#8211; Burcu Ulu\u00e7"},"content":{"rendered":"<p>Bu \u00e7al\u0131\u015fmada tarihi T\u00fcrk \u015fivelerinde ikilemeler incelenmi\u015ftir. Eski T\u00fcrk\u00e7e D\u00f6nemi\u2019nden ba\u015flanarak Eski T\u00fcrkiye T\u00fcrk\u00e7esi D\u00f6nemi\u2019ni de i\u00e7ine alan s\u00fcre\u00e7te T\u00fcrk dilinin \u00f6nemli anlat\u0131m ara\u00e7lar\u0131ndan biri olan ikilemelerin tarihsel s\u00fcre\u00e7te kullan\u0131m bi\u00e7imleri ve s\u0131kl\u0131klar\u0131 ortaya konmu\u015ftur.<\/p>\n<p>\u00c7al\u0131\u015fman\u0131n giri\u015f b\u00f6l\u00fcm\u00fcnde ikileme \u00fczerinde \u00e7al\u0131\u015fmalar yapan ara\u015ft\u0131rmac\u0131lar\u0131n konuya nas\u0131l yakla\u015ft\u0131klar\u0131 ve ikileme kavram\u0131 i\u00e7in hangi terimleri kulland\u0131klar\u0131 belirlenmi\u015ftir. Ortaya konan fikirlerden sonra bizim hangi kavram\u0131 ne ama\u00e7la tercih etti\u011fimiz belirtilmi\u015ftir. \u00c7al\u0131\u015fmam\u0131z\u0131n malzemesini veren eserler s\u0131raland\u0131ktan sonra tezin y\u00f6ntemi anlat\u0131lm\u0131\u015ft\u0131r. \u0130kileme olarak kabul etmedi\u011fimiz yap\u0131lar\u0131n hangileri oldu\u011fu nedenleriyle birlikte verilmi\u015ftir.<\/p>\n<p>\u00c7al\u0131\u015fmam\u0131z\u0131n birinci b\u00f6l\u00fcm\u00fcnde elde edilen malzeme tarihsel s\u00fcrece ba\u011fl\u0131 kal\u0131narak her d\u00f6nem i\u00e7in alfabetik bi\u00e7imde s\u0131ralanm\u0131\u015f ve \u00f6rneklenmi\u015ftir. \u00c7al\u0131\u015fmam\u0131z\u0131n ikinci b\u00f6l\u00fcm\u00fcnde ikilemeler anlam bak\u0131m\u0131ndan, k\u00f6ken bak\u0131m\u0131ndan, yap\u0131 bak\u0131m\u0131ndan ve g\u00f6rev bak\u0131m\u0131ndan s\u0131n\u0131fland\u0131r\u0131lm\u0131\u015ft\u0131r. Malzemenin \u00e7oklu\u011fu nedeniyle bu s\u0131n\u0131fland\u0131rmalar s\u0131ras\u0131nda t\u00fcm \u00f6rnekler tekrar sunulmam\u0131\u015f b\u00f6ylece gereksiz hacim art\u0131\u015f\u0131n\u0131n \u00f6n\u00fcne ge\u00e7ilmi\u015ftir.<\/p>\n<p>Sonu\u00e7 b\u00f6l\u00fcm\u00fcnde ise \u00e7al\u0131\u015fmam\u0131zdan elde etti\u011fimiz sonu\u00e7lar s\u0131ralanm\u0131\u015ft\u0131r. Hem tarihi T\u00fcrk \u015fivelerine g\u00f6re hem de ikilemelerin olu\u015fum bi\u00e7imlerine g\u00f6re de\u011ferlendirmeler yap\u0131lm\u0131\u015ft\u0131r. Tezin sonuna \u00e7al\u0131\u015fmam\u0131zda ge\u00e7en ikilemelerin bir dizini eklenmi\u015ftir.<\/p>\n","protected":false},"excerpt":{"rendered":"<p>Bu \u00e7al\u0131\u015fmada tarihi T\u00fcrk \u015fivelerinde ikilemeler incelenmi\u015ftir. Eski T\u00fcrk\u00e7e D\u00f6nemi\u2019nden ba\u015flanarak Eski T\u00fcrkiye T\u00fcrk\u00e7esi D\u00f6nemi\u2019ni de i\u00e7ine alan s\u00fcre\u00e7te T\u00fcrk dilinin \u00f6nemli anlat\u0131m ara\u00e7lar\u0131ndan biri olan ikilemelerin tarihsel s\u00fcre\u00e7te kullan\u0131m bi\u00e7imleri ve s\u0131kl\u0131klar\u0131 ortaya konmu\u015ftur. \u00c7al\u0131\u015fman\u0131n giri\u015f b\u00f6l\u00fcm\u00fcnde ikileme \u00fczerinde \u00e7al\u0131\u015fmalar yapan ara\u015ft\u0131rmac\u0131lar\u0131n konuya nas\u0131l yakla\u015ft\u0131klar\u0131 ve ikileme kavram\u0131 i\u00e7in hangi terimleri kulland\u0131klar\u0131 belirlenmi\u015ftir. Ortaya [&hellip;]<\/p>\n","protected":false},"featured_media":23250,"comment_status":"closed","ping_status":"closed","template":"","meta":[],"product_brand":[],"product_cat":[15],"product_tag":[114,115,116],"class_list":{"0":"post-23249","1":"product","2":"type-product","3":"status-publish","4":"has-post-thumbnail","6":"product_cat-dilbilim","7":"product_tag-ikilemeler","8":"product_tag-tarihi-ikilemeler","9":"product_tag-turkcede-ikilemeler","11":"first","12":"instock","13":"sale","14":"featured","15":"shipping-taxable","16":"purchasable","17":"product-type-simple"},"_links":{"self":[{"href":"https:\/\/kutluyayinevi.com\/magaza\/wp-json\/wp\/v2\/product\/23249","targetHints":{"allow":["GET"]}}],"collection":[{"href":"https:\/\/kutluyayinevi.com\/magaza\/wp-json\/wp\/v2\/product"}],"about":[{"href":"https:\/\/kutluyayinevi.com\/magaza\/wp-json\/wp\/v2\/types\/product"}],"replies":[{"embeddable":true,"href":"https:\/\/kutluyayinevi.com\/magaza\/wp-json\/wp\/v2\/comments?post=23249"}],"wp:featuredmedia":[{"embeddable":true,"href":"https:\/\/kutluyayinevi.com\/magaza\/wp-json\/wp\/v2\/media\/23250"}],"wp:attachment":[{"href":"https:\/\/kutluyayinevi.com\/magaza\/wp-json\/wp\/v2\/media?parent=23249"}],"wp:term":[{"taxonomy":"product_brand","embeddable":true,"href":"https:\/\/kutluyayinevi.com\/magaza\/wp-json\/wp\/v2\/product_brand?post=23249"},{"taxonomy":"product_cat","embeddable":true,"href":"https:\/\/kutluyayinevi.com\/magaza\/wp-json\/wp\/v2\/product_cat?post=23249"},{"taxonomy":"product_tag","embeddable":true,"href":"https:\/\/kutluyayinevi.com\/magaza\/wp-json\/wp\/v2\/product_tag?post=23249"}],"curies":[{"name":"wp","href":"https:\/\/api.w.org\/{rel}","templated":true}]}}