{"id":23255,"date":"2024-08-19T12:37:56","date_gmt":"2024-08-19T09:37:56","guid":{"rendered":"https:\/\/kutluyayinevi.com\/magaza\/?post_type=product&#038;p=23255"},"modified":"2026-02-19T15:42:50","modified_gmt":"2026-02-19T12:42:50","slug":"can-kesigi-nagihan-etgu","status":"publish","type":"product","link":"https:\/\/kutluyayinevi.com\/magaza\/urun\/can-kesigi-nagihan-etgu\/","title":{"rendered":"Can Kesi\u011fi &#8211; Nagihan Etg\u00fc"},"content":{"rendered":"<p>Muhabbet bize nurlu emanet bezm-i elestten<br \/>\nG\u00fcl y\u00fczde elif g\u00f6rmeye al\u0131\u015f\u0131\u011f\u0131z ezelden<br \/>\nGariplik h\u0131rkada de\u011fil asl\u0131nda hep y\u00fcrekten<br \/>\n\u00c7ektin kuyumdan ab\u0131hayat suyu Can Kesi\u011fi&#8230;<\/p>\n<p>Tuz buz olan d\u00fc\u015flerimin bir yan\u0131 \u00e7\u0131kmaz sokak<br \/>\nSanma ki hep yeis, di\u011fer ucu ar\u015fa basamak<br \/>\nT\u00fcm gaye k\u0131sa \u00f6mre darb\u0131mesel levha asmak<br \/>\nYaramdaki levhada y\u00e2ri oku Can Kesi\u011fi!<\/p>\n","protected":false},"excerpt":{"rendered":"<p>Muhabbet bize nurlu emanet bezm-i elestten G\u00fcl y\u00fczde elif g\u00f6rmeye al\u0131\u015f\u0131\u011f\u0131z ezelden Gariplik h\u0131rkada de\u011fil asl\u0131nda hep y\u00fcrekten \u00c7ektin kuyumdan ab\u0131hayat suyu Can Kesi\u011fi&#8230; Tuz buz olan d\u00fc\u015flerimin bir yan\u0131 \u00e7\u0131kmaz sokak Sanma ki hep yeis, di\u011fer ucu ar\u015fa basamak T\u00fcm gaye k\u0131sa \u00f6mre darb\u0131mesel levha asmak Yaramdaki levhada y\u00e2ri oku Can Kesi\u011fi!<\/p>\n","protected":false},"featured_media":23256,"comment_status":"closed","ping_status":"closed","template":"","meta":[],"product_brand":[],"product_cat":[22],"product_tag":[],"class_list":{"0":"post-23255","1":"product","2":"type-product","3":"status-publish","4":"has-post-thumbnail","6":"product_cat-siir","8":"first","9":"instock","10":"sale","11":"shipping-taxable","12":"purchasable","13":"product-type-simple"},"_links":{"self":[{"href":"https:\/\/kutluyayinevi.com\/magaza\/wp-json\/wp\/v2\/product\/23255","targetHints":{"allow":["GET"]}}],"collection":[{"href":"https:\/\/kutluyayinevi.com\/magaza\/wp-json\/wp\/v2\/product"}],"about":[{"href":"https:\/\/kutluyayinevi.com\/magaza\/wp-json\/wp\/v2\/types\/product"}],"replies":[{"embeddable":true,"href":"https:\/\/kutluyayinevi.com\/magaza\/wp-json\/wp\/v2\/comments?post=23255"}],"wp:featuredmedia":[{"embeddable":true,"href":"https:\/\/kutluyayinevi.com\/magaza\/wp-json\/wp\/v2\/media\/23256"}],"wp:attachment":[{"href":"https:\/\/kutluyayinevi.com\/magaza\/wp-json\/wp\/v2\/media?parent=23255"}],"wp:term":[{"taxonomy":"product_brand","embeddable":true,"href":"https:\/\/kutluyayinevi.com\/magaza\/wp-json\/wp\/v2\/product_brand?post=23255"},{"taxonomy":"product_cat","embeddable":true,"href":"https:\/\/kutluyayinevi.com\/magaza\/wp-json\/wp\/v2\/product_cat?post=23255"},{"taxonomy":"product_tag","embeddable":true,"href":"https:\/\/kutluyayinevi.com\/magaza\/wp-json\/wp\/v2\/product_tag?post=23255"}],"curies":[{"name":"wp","href":"https:\/\/api.w.org\/{rel}","templated":true}]}}