{"id":23261,"date":"2024-08-19T12:45:37","date_gmt":"2024-08-19T09:45:37","guid":{"rendered":"https:\/\/kutluyayinevi.com\/magaza\/?post_type=product&#038;p=23261"},"modified":"2026-02-20T16:32:23","modified_gmt":"2026-02-20T13:32:23","slug":"musali-gunlukleri-gulay-akdamar","status":"publish","type":"product","link":"https:\/\/kutluyayinevi.com\/magaza\/urun\/musali-gunlukleri-gulay-akdamar\/","title":{"rendered":"Musal\u0131 G\u00fcnl\u00fckleri &#8211; G\u00fclay Akdamar"},"content":{"rendered":"<p>Vazge\u00e7mek, bir yok olu\u015f de\u011fildir. Bazen \u00e7ok imrenilecek bir hayat\u0131 ya\u015farken de her \u015feyi herkesi geride b\u0131rakacak kadar cesur ba\u015flang\u0131\u00e7lar yapmak gerekir.<br \/>\nUzun y\u0131llar merkezi bir okulda g\u00f6rev yapan bir \u00f6\u011fretmenin, okulda m\u00fcd\u00fcr\u00fcn\u00fcn kalp krizinden \u00f6l\u00fcm\u00fcn\u00fcn ard\u0131ndan bir k\u00f6y okuluna tayin istemesiyle her \u015fey ba\u015flar.<br \/>\nBu kitapta, bir \u00f6\u011fretmenin g\u00f6rev yapt\u0131\u011f\u0131 k\u00f6y okulunu g\u00f6receksiniz. Samimiyet isteyen ve sil ba\u015ftan hayata ba\u015flayanlar i\u00e7in g\u00fcnl\u00fcklerim i\u00e7inize huzur verecektir.<\/p>\n","protected":false},"excerpt":{"rendered":"<p>Vazge\u00e7mek, bir yok olu\u015f de\u011fildir. Bazen \u00e7ok imrenilecek bir hayat\u0131 ya\u015farken de her \u015feyi herkesi geride b\u0131rakacak kadar cesur ba\u015flang\u0131\u00e7lar yapmak gerekir. Uzun y\u0131llar merkezi bir okulda g\u00f6rev yapan bir \u00f6\u011fretmenin, okulda m\u00fcd\u00fcr\u00fcn\u00fcn kalp krizinden \u00f6l\u00fcm\u00fcn\u00fcn ard\u0131ndan bir k\u00f6y okuluna tayin istemesiyle her \u015fey ba\u015flar. Bu kitapta, bir \u00f6\u011fretmenin g\u00f6rev yapt\u0131\u011f\u0131 k\u00f6y okulunu g\u00f6receksiniz. Samimiyet [&hellip;]<\/p>\n","protected":false},"featured_media":23262,"comment_status":"closed","ping_status":"closed","template":"","meta":[],"product_brand":[],"product_cat":[52],"product_tag":[],"class_list":{"0":"post-23261","1":"product","2":"type-product","3":"status-publish","4":"has-post-thumbnail","6":"product_cat-ani","8":"first","9":"instock","10":"sale","11":"shipping-taxable","12":"purchasable","13":"product-type-simple"},"_links":{"self":[{"href":"https:\/\/kutluyayinevi.com\/magaza\/wp-json\/wp\/v2\/product\/23261","targetHints":{"allow":["GET"]}}],"collection":[{"href":"https:\/\/kutluyayinevi.com\/magaza\/wp-json\/wp\/v2\/product"}],"about":[{"href":"https:\/\/kutluyayinevi.com\/magaza\/wp-json\/wp\/v2\/types\/product"}],"replies":[{"embeddable":true,"href":"https:\/\/kutluyayinevi.com\/magaza\/wp-json\/wp\/v2\/comments?post=23261"}],"wp:featuredmedia":[{"embeddable":true,"href":"https:\/\/kutluyayinevi.com\/magaza\/wp-json\/wp\/v2\/media\/23262"}],"wp:attachment":[{"href":"https:\/\/kutluyayinevi.com\/magaza\/wp-json\/wp\/v2\/media?parent=23261"}],"wp:term":[{"taxonomy":"product_brand","embeddable":true,"href":"https:\/\/kutluyayinevi.com\/magaza\/wp-json\/wp\/v2\/product_brand?post=23261"},{"taxonomy":"product_cat","embeddable":true,"href":"https:\/\/kutluyayinevi.com\/magaza\/wp-json\/wp\/v2\/product_cat?post=23261"},{"taxonomy":"product_tag","embeddable":true,"href":"https:\/\/kutluyayinevi.com\/magaza\/wp-json\/wp\/v2\/product_tag?post=23261"}],"curies":[{"name":"wp","href":"https:\/\/api.w.org\/{rel}","templated":true}]}}