{"id":23275,"date":"2024-08-26T13:23:09","date_gmt":"2024-08-26T10:23:09","guid":{"rendered":"https:\/\/kutluyayinevi.com\/magaza\/?post_type=product&#038;p=23275"},"modified":"2026-02-20T12:33:53","modified_gmt":"2026-02-20T09:33:53","slug":"kopuzdan-saza-adil-ertekin","status":"publish","type":"product","link":"https:\/\/kutluyayinevi.com\/magaza\/urun\/kopuzdan-saza-adil-ertekin\/","title":{"rendered":"Kopuz&#8217;dan Saz&#8217;a &#8211; Adil Ertekin"},"content":{"rendered":"<p>Arzulad\u0131m art\u0131k ben de s\u0131lay\u0131<br \/>\nGel oldu gidelim bizim ellere<br \/>\nAnadan babadan kuru selamlar<br \/>\nBal oldu gidelim bizim ellere<\/p>\n","protected":false},"excerpt":{"rendered":"<p>Arzulad\u0131m art\u0131k ben de s\u0131lay\u0131 Gel oldu gidelim bizim ellere Anadan babadan kuru selamlar Bal oldu gidelim bizim ellere<\/p>\n","protected":false},"featured_media":23276,"comment_status":"closed","ping_status":"closed","template":"","meta":[],"product_brand":[],"product_cat":[22],"product_tag":[],"class_list":{"0":"post-23275","1":"product","2":"type-product","3":"status-publish","4":"has-post-thumbnail","6":"product_cat-siir","8":"first","9":"instock","10":"sale","11":"shipping-taxable","12":"purchasable","13":"product-type-simple"},"_links":{"self":[{"href":"https:\/\/kutluyayinevi.com\/magaza\/wp-json\/wp\/v2\/product\/23275","targetHints":{"allow":["GET"]}}],"collection":[{"href":"https:\/\/kutluyayinevi.com\/magaza\/wp-json\/wp\/v2\/product"}],"about":[{"href":"https:\/\/kutluyayinevi.com\/magaza\/wp-json\/wp\/v2\/types\/product"}],"replies":[{"embeddable":true,"href":"https:\/\/kutluyayinevi.com\/magaza\/wp-json\/wp\/v2\/comments?post=23275"}],"wp:featuredmedia":[{"embeddable":true,"href":"https:\/\/kutluyayinevi.com\/magaza\/wp-json\/wp\/v2\/media\/23276"}],"wp:attachment":[{"href":"https:\/\/kutluyayinevi.com\/magaza\/wp-json\/wp\/v2\/media?parent=23275"}],"wp:term":[{"taxonomy":"product_brand","embeddable":true,"href":"https:\/\/kutluyayinevi.com\/magaza\/wp-json\/wp\/v2\/product_brand?post=23275"},{"taxonomy":"product_cat","embeddable":true,"href":"https:\/\/kutluyayinevi.com\/magaza\/wp-json\/wp\/v2\/product_cat?post=23275"},{"taxonomy":"product_tag","embeddable":true,"href":"https:\/\/kutluyayinevi.com\/magaza\/wp-json\/wp\/v2\/product_tag?post=23275"}],"curies":[{"name":"wp","href":"https:\/\/api.w.org\/{rel}","templated":true}]}}