{"id":23281,"date":"2024-08-26T13:29:38","date_gmt":"2024-08-26T10:29:38","guid":{"rendered":"https:\/\/kutluyayinevi.com\/magaza\/?post_type=product&#038;p=23281"},"modified":"2026-02-23T10:07:55","modified_gmt":"2026-02-23T07:07:55","slug":"sair-mehmet-oner","status":"publish","type":"product","link":"https:\/\/kutluyayinevi.com\/magaza\/urun\/sair-mehmet-oner\/","title":{"rendered":"\u015eair &#8211; Mehmet \u00d6ner"},"content":{"rendered":"<p>Bu kitap, iki perdelik bir tiyatro eseridir. Bir kral\u0131n, g\u00fczel s\u00f6z s\u00f6yleme ve hikmete nail olma gayesiyle \u00e7\u0131kt\u0131\u011f\u0131 yolculu\u011fun dramatik hikayesidir. Eser, sahip oldu\u011fu didaktik \u00f6gelerle de okuyucuya rehberlik edecektir.<\/p>\n","protected":false},"excerpt":{"rendered":"<p>Bu kitap, iki perdelik bir tiyatro eseridir. Bir kral\u0131n, g\u00fczel s\u00f6z s\u00f6yleme ve hikmete nail olma gayesiyle \u00e7\u0131kt\u0131\u011f\u0131 yolculu\u011fun dramatik hikayesidir. Eser, sahip oldu\u011fu didaktik \u00f6gelerle de okuyucuya rehberlik edecektir.<\/p>\n","protected":false},"featured_media":23282,"comment_status":"closed","ping_status":"closed","template":"","meta":[],"product_brand":[],"product_cat":[61],"product_tag":[],"class_list":{"0":"post-23281","1":"product","2":"type-product","3":"status-publish","4":"has-post-thumbnail","6":"product_cat-tiyatro","8":"first","9":"instock","10":"sale","11":"shipping-taxable","12":"purchasable","13":"product-type-simple"},"_links":{"self":[{"href":"https:\/\/kutluyayinevi.com\/magaza\/wp-json\/wp\/v2\/product\/23281","targetHints":{"allow":["GET"]}}],"collection":[{"href":"https:\/\/kutluyayinevi.com\/magaza\/wp-json\/wp\/v2\/product"}],"about":[{"href":"https:\/\/kutluyayinevi.com\/magaza\/wp-json\/wp\/v2\/types\/product"}],"replies":[{"embeddable":true,"href":"https:\/\/kutluyayinevi.com\/magaza\/wp-json\/wp\/v2\/comments?post=23281"}],"wp:featuredmedia":[{"embeddable":true,"href":"https:\/\/kutluyayinevi.com\/magaza\/wp-json\/wp\/v2\/media\/23282"}],"wp:attachment":[{"href":"https:\/\/kutluyayinevi.com\/magaza\/wp-json\/wp\/v2\/media?parent=23281"}],"wp:term":[{"taxonomy":"product_brand","embeddable":true,"href":"https:\/\/kutluyayinevi.com\/magaza\/wp-json\/wp\/v2\/product_brand?post=23281"},{"taxonomy":"product_cat","embeddable":true,"href":"https:\/\/kutluyayinevi.com\/magaza\/wp-json\/wp\/v2\/product_cat?post=23281"},{"taxonomy":"product_tag","embeddable":true,"href":"https:\/\/kutluyayinevi.com\/magaza\/wp-json\/wp\/v2\/product_tag?post=23281"}],"curies":[{"name":"wp","href":"https:\/\/api.w.org\/{rel}","templated":true}]}}