{"id":23283,"date":"2024-08-26T13:13:12","date_gmt":"2024-08-26T10:13:12","guid":{"rendered":"https:\/\/kutluyayinevi.com\/magaza\/?post_type=product&#038;p=23283"},"modified":"2026-02-20T09:51:57","modified_gmt":"2026-02-20T06:51:57","slug":"genlerinizin-pesinde-bilimsel-ve-kisisellestirilmis-dna-diyeti-busra-deniz-kizir","status":"publish","type":"product","link":"https:\/\/kutluyayinevi.com\/magaza\/urun\/genlerinizin-pesinde-bilimsel-ve-kisisellestirilmis-dna-diyeti-busra-deniz-kizir\/","title":{"rendered":"Genlerinizin Pe\u015finde: Bilimsel ve Ki\u015fiselle\u015ftirilmi\u015f DNA Diyeti &#8211; B\u00fc\u015fra Deniz Kizir"},"content":{"rendered":"<p>Bu kitap, genetik miras\u0131n\u0131z\u0131n \u0131\u015f\u0131\u011f\u0131nda sa\u011fl\u0131\u011f\u0131n\u0131z\u0131 ve beslenme al\u0131\u015fkanl\u0131klar\u0131n\u0131z\u0131 optimize etmenize yard\u0131mc\u0131 olacak bir rehber. DNA\u2019n\u0131z\u0131n size \u00f6zel ipu\u00e7lar\u0131n\u0131 kullanarak hangi besinlerin sizin i\u00e7in en uygun oldu\u011funu bilimsel olarak ortaya koyan bu kitapla, v\u00fccudunuzu ve genetik yap\u0131n\u0131z\u0131 daha iyi tan\u0131yacaks\u0131n\u0131z.<\/p>\n<p>Bilimsel ara\u015ft\u0131rmalar ve ki\u015fisel deneyimlerle dolu bu eserde, ki\u015fiselle\u015ftirilmi\u015f DNA diyeti sayesinde sa\u011fl\u0131kl\u0131 ya\u015fam yolculu\u011funuzda size rehberlik edecek bilgiler bulacaks\u0131n\u0131z.<\/p>\n","protected":false},"excerpt":{"rendered":"<p>Bu kitap, genetik miras\u0131n\u0131z\u0131n \u0131\u015f\u0131\u011f\u0131nda sa\u011fl\u0131\u011f\u0131n\u0131z\u0131 ve beslenme al\u0131\u015fkanl\u0131klar\u0131n\u0131z\u0131 optimize etmenize yard\u0131mc\u0131 olacak bir rehber. DNA\u2019n\u0131z\u0131n size \u00f6zel ipu\u00e7lar\u0131n\u0131 kullanarak hangi besinlerin sizin i\u00e7in en uygun oldu\u011funu bilimsel olarak ortaya koyan bu kitapla, v\u00fccudunuzu ve genetik yap\u0131n\u0131z\u0131 daha iyi tan\u0131yacaks\u0131n\u0131z. Bilimsel ara\u015ft\u0131rmalar ve ki\u015fisel deneyimlerle dolu bu eserde, ki\u015fiselle\u015ftirilmi\u015f DNA diyeti sayesinde sa\u011fl\u0131kl\u0131 ya\u015fam yolculu\u011funuzda [&hellip;]<\/p>\n","protected":false},"featured_media":23284,"comment_status":"closed","ping_status":"closed","template":"","meta":[],"product_brand":[],"product_cat":[92],"product_tag":[],"class_list":{"0":"post-23283","1":"product","2":"type-product","3":"status-publish","4":"has-post-thumbnail","6":"product_cat-yeme-icme","8":"first","9":"instock","10":"sale","11":"shipping-taxable","12":"purchasable","13":"product-type-simple"},"_links":{"self":[{"href":"https:\/\/kutluyayinevi.com\/magaza\/wp-json\/wp\/v2\/product\/23283","targetHints":{"allow":["GET"]}}],"collection":[{"href":"https:\/\/kutluyayinevi.com\/magaza\/wp-json\/wp\/v2\/product"}],"about":[{"href":"https:\/\/kutluyayinevi.com\/magaza\/wp-json\/wp\/v2\/types\/product"}],"replies":[{"embeddable":true,"href":"https:\/\/kutluyayinevi.com\/magaza\/wp-json\/wp\/v2\/comments?post=23283"}],"wp:featuredmedia":[{"embeddable":true,"href":"https:\/\/kutluyayinevi.com\/magaza\/wp-json\/wp\/v2\/media\/23284"}],"wp:attachment":[{"href":"https:\/\/kutluyayinevi.com\/magaza\/wp-json\/wp\/v2\/media?parent=23283"}],"wp:term":[{"taxonomy":"product_brand","embeddable":true,"href":"https:\/\/kutluyayinevi.com\/magaza\/wp-json\/wp\/v2\/product_brand?post=23283"},{"taxonomy":"product_cat","embeddable":true,"href":"https:\/\/kutluyayinevi.com\/magaza\/wp-json\/wp\/v2\/product_cat?post=23283"},{"taxonomy":"product_tag","embeddable":true,"href":"https:\/\/kutluyayinevi.com\/magaza\/wp-json\/wp\/v2\/product_tag?post=23283"}],"curies":[{"name":"wp","href":"https:\/\/api.w.org\/{rel}","templated":true}]}}