{"id":23286,"date":"2024-08-26T13:36:16","date_gmt":"2024-08-26T10:36:16","guid":{"rendered":"https:\/\/kutluyayinevi.com\/magaza\/?post_type=product&#038;p=23286"},"modified":"2026-02-20T17:20:18","modified_gmt":"2026-02-20T14:20:18","slug":"sanki-yokmus-enes-etik-ozen","status":"publish","type":"product","link":"https:\/\/kutluyayinevi.com\/magaza\/urun\/sanki-yokmus-enes-etik-ozen\/","title":{"rendered":"Sanki Yokmu\u015f &#8211; Enes Etik \u00d6zen"},"content":{"rendered":"<p>Umut mutlulu\u011fun resmi<br \/>\nIzd\u0131rab\u0131n ayak sesi<br \/>\nUmut mukavemetsiz insanlar\u0131n nikotini<br \/>\nUmut ve tezg\u00e2h<\/p>\n","protected":false},"excerpt":{"rendered":"<p>Umut mutlulu\u011fun resmi Izd\u0131rab\u0131n ayak sesi Umut mukavemetsiz insanlar\u0131n nikotini Umut ve tezg\u00e2h<\/p>\n","protected":false},"featured_media":23287,"comment_status":"closed","ping_status":"closed","template":"","meta":[],"product_brand":[],"product_cat":[26],"product_tag":[],"class_list":{"0":"post-23286","1":"product","2":"type-product","3":"status-publish","4":"has-post-thumbnail","6":"product_cat-deneme","8":"first","9":"instock","10":"sale","11":"shipping-taxable","12":"purchasable","13":"product-type-simple"},"_links":{"self":[{"href":"https:\/\/kutluyayinevi.com\/magaza\/wp-json\/wp\/v2\/product\/23286","targetHints":{"allow":["GET"]}}],"collection":[{"href":"https:\/\/kutluyayinevi.com\/magaza\/wp-json\/wp\/v2\/product"}],"about":[{"href":"https:\/\/kutluyayinevi.com\/magaza\/wp-json\/wp\/v2\/types\/product"}],"replies":[{"embeddable":true,"href":"https:\/\/kutluyayinevi.com\/magaza\/wp-json\/wp\/v2\/comments?post=23286"}],"wp:featuredmedia":[{"embeddable":true,"href":"https:\/\/kutluyayinevi.com\/magaza\/wp-json\/wp\/v2\/media\/23287"}],"wp:attachment":[{"href":"https:\/\/kutluyayinevi.com\/magaza\/wp-json\/wp\/v2\/media?parent=23286"}],"wp:term":[{"taxonomy":"product_brand","embeddable":true,"href":"https:\/\/kutluyayinevi.com\/magaza\/wp-json\/wp\/v2\/product_brand?post=23286"},{"taxonomy":"product_cat","embeddable":true,"href":"https:\/\/kutluyayinevi.com\/magaza\/wp-json\/wp\/v2\/product_cat?post=23286"},{"taxonomy":"product_tag","embeddable":true,"href":"https:\/\/kutluyayinevi.com\/magaza\/wp-json\/wp\/v2\/product_tag?post=23286"}],"curies":[{"name":"wp","href":"https:\/\/api.w.org\/{rel}","templated":true}]}}