{"id":23302,"date":"2024-09-16T16:06:00","date_gmt":"2024-09-16T13:06:00","guid":{"rendered":"https:\/\/kutluyayinevi.com\/magaza\/?post_type=product&#038;p=23302"},"modified":"2026-02-23T11:21:13","modified_gmt":"2026-02-23T08:21:13","slug":"yuva-sureyya-acarali","status":"publish","type":"product","link":"https:\/\/kutluyayinevi.com\/magaza\/urun\/yuva-sureyya-acarali\/","title":{"rendered":"Yuva &#8211; S\u00fcreyya Acaral\u0131"},"content":{"rendered":"<p>8-12 ya\u015f aras\u0131 \u00e7ocuklar i\u00e7in kolay, uygulanabilir tiyatro y\u00f6ntemi.<\/p>\n<p>\u0130lk Kez:<br \/>\nEzberleme yok.<br \/>\nSahne yok.<br \/>\nUzun haz\u0131rl\u0131k yok.<br \/>\nD\u00fcz yaz\u0131 yok.<\/p>\n","protected":false},"excerpt":{"rendered":"<p>8-12 ya\u015f aras\u0131 \u00e7ocuklar i\u00e7in kolay, uygulanabilir tiyatro y\u00f6ntemi. \u0130lk Kez: Ezberleme yok. Sahne yok. Uzun haz\u0131rl\u0131k yok. D\u00fcz yaz\u0131 yok.<\/p>\n","protected":false},"featured_media":23303,"comment_status":"closed","ping_status":"closed","template":"","meta":[],"product_brand":[],"product_cat":[61],"product_tag":[],"class_list":{"0":"post-23302","1":"product","2":"type-product","3":"status-publish","4":"has-post-thumbnail","6":"product_cat-tiyatro","8":"first","9":"instock","10":"sale","11":"shipping-taxable","12":"purchasable","13":"product-type-simple"},"_links":{"self":[{"href":"https:\/\/kutluyayinevi.com\/magaza\/wp-json\/wp\/v2\/product\/23302","targetHints":{"allow":["GET"]}}],"collection":[{"href":"https:\/\/kutluyayinevi.com\/magaza\/wp-json\/wp\/v2\/product"}],"about":[{"href":"https:\/\/kutluyayinevi.com\/magaza\/wp-json\/wp\/v2\/types\/product"}],"replies":[{"embeddable":true,"href":"https:\/\/kutluyayinevi.com\/magaza\/wp-json\/wp\/v2\/comments?post=23302"}],"wp:featuredmedia":[{"embeddable":true,"href":"https:\/\/kutluyayinevi.com\/magaza\/wp-json\/wp\/v2\/media\/23303"}],"wp:attachment":[{"href":"https:\/\/kutluyayinevi.com\/magaza\/wp-json\/wp\/v2\/media?parent=23302"}],"wp:term":[{"taxonomy":"product_brand","embeddable":true,"href":"https:\/\/kutluyayinevi.com\/magaza\/wp-json\/wp\/v2\/product_brand?post=23302"},{"taxonomy":"product_cat","embeddable":true,"href":"https:\/\/kutluyayinevi.com\/magaza\/wp-json\/wp\/v2\/product_cat?post=23302"},{"taxonomy":"product_tag","embeddable":true,"href":"https:\/\/kutluyayinevi.com\/magaza\/wp-json\/wp\/v2\/product_tag?post=23302"}],"curies":[{"name":"wp","href":"https:\/\/api.w.org\/{rel}","templated":true}]}}