{"id":23304,"date":"2024-09-16T16:08:33","date_gmt":"2024-09-16T13:08:33","guid":{"rendered":"https:\/\/kutluyayinevi.com\/magaza\/?post_type=product&#038;p=23304"},"modified":"2026-02-20T12:47:19","modified_gmt":"2026-02-20T09:47:19","slug":"kuran-notlarim-1-bahadirhan-unlu","status":"publish","type":"product","link":"https:\/\/kutluyayinevi.com\/magaza\/urun\/kuran-notlarim-1-bahadirhan-unlu\/","title":{"rendered":"Kuran Notlar\u0131m 1 &#8211; Bahad\u0131rhan \u00dcnl\u00fc"},"content":{"rendered":"<p>Bu kitap bir delildir. Ancak bu delil, Allah\u2019\u0131n varl\u0131\u011f\u0131n\u0131 ya da \u0130slam\u2019\u0131n kesin do\u011frulu\u011funu kan\u0131tlamaktan \u00f6te, M\u00fcsl\u00fcman bir bireyin Kuran-\u0131 Kerim\u2019i anlayarak ve d\u00fc\u015f\u00fcnerek dersler \u00e7\u0131karabilece\u011fini g\u00f6stermektedir.<\/p>\n<p>Bu eser, herhangi bir arac\u0131ya ihtiya\u00e7 duymadan, bir M\u00fcsl\u00fcman\u2019\u0131n az bir \u00e7aba ile Kuran\u2019\u0131 ve Allah\u2019\u0131 tan\u0131yabilece\u011fini ortaya koymaktad\u0131r. Kuran-\u0131 Kerim\u2019de Allah\u2019\u0131n s\u0131k\u00e7a sordu\u011fu, \u201cAndolsun ki Kur\u2019an\u2019\u0131 d\u00fc\u015f\u00fcn\u00fcls\u00fcn diye kolayla\u015ft\u0131rd\u0131k. D\u00fc\u015f\u00fcnecek yok mu?\u201d sorusuna bir cevapt\u0131r.<\/p>\n<p>Bu kitap, Rabbim, senin bana g\u00f6nderdi\u011fin kutsal kitab\u0131 okudum, anlad\u0131m ve derinlemesine d\u00fc\u015f\u00fcnd\u00fcm diyebilen bir kulunun ifadesidir.<\/p>\n","protected":false},"excerpt":{"rendered":"<p>Bu kitap bir delildir. Ancak bu delil, Allah\u2019\u0131n varl\u0131\u011f\u0131n\u0131 ya da \u0130slam\u2019\u0131n kesin do\u011frulu\u011funu kan\u0131tlamaktan \u00f6te, M\u00fcsl\u00fcman bir bireyin Kuran-\u0131 Kerim\u2019i anlayarak ve d\u00fc\u015f\u00fcnerek dersler \u00e7\u0131karabilece\u011fini g\u00f6stermektedir. Bu eser, herhangi bir arac\u0131ya ihtiya\u00e7 duymadan, bir M\u00fcsl\u00fcman\u2019\u0131n az bir \u00e7aba ile Kuran\u2019\u0131 ve Allah\u2019\u0131 tan\u0131yabilece\u011fini ortaya koymaktad\u0131r. Kuran-\u0131 Kerim\u2019de Allah\u2019\u0131n s\u0131k\u00e7a sordu\u011fu, \u201cAndolsun ki Kur\u2019an\u2019\u0131 d\u00fc\u015f\u00fcn\u00fcls\u00fcn [&hellip;]<\/p>\n","protected":false},"featured_media":23305,"comment_status":"closed","ping_status":"closed","template":"","meta":[],"product_brand":[],"product_cat":[19],"product_tag":[],"class_list":{"0":"post-23304","1":"product","2":"type-product","3":"status-publish","4":"has-post-thumbnail","6":"product_cat-din-tasavvuf","8":"first","9":"instock","10":"sale","11":"shipping-taxable","12":"purchasable","13":"product-type-simple"},"_links":{"self":[{"href":"https:\/\/kutluyayinevi.com\/magaza\/wp-json\/wp\/v2\/product\/23304","targetHints":{"allow":["GET"]}}],"collection":[{"href":"https:\/\/kutluyayinevi.com\/magaza\/wp-json\/wp\/v2\/product"}],"about":[{"href":"https:\/\/kutluyayinevi.com\/magaza\/wp-json\/wp\/v2\/types\/product"}],"replies":[{"embeddable":true,"href":"https:\/\/kutluyayinevi.com\/magaza\/wp-json\/wp\/v2\/comments?post=23304"}],"wp:featuredmedia":[{"embeddable":true,"href":"https:\/\/kutluyayinevi.com\/magaza\/wp-json\/wp\/v2\/media\/23305"}],"wp:attachment":[{"href":"https:\/\/kutluyayinevi.com\/magaza\/wp-json\/wp\/v2\/media?parent=23304"}],"wp:term":[{"taxonomy":"product_brand","embeddable":true,"href":"https:\/\/kutluyayinevi.com\/magaza\/wp-json\/wp\/v2\/product_brand?post=23304"},{"taxonomy":"product_cat","embeddable":true,"href":"https:\/\/kutluyayinevi.com\/magaza\/wp-json\/wp\/v2\/product_cat?post=23304"},{"taxonomy":"product_tag","embeddable":true,"href":"https:\/\/kutluyayinevi.com\/magaza\/wp-json\/wp\/v2\/product_tag?post=23304"}],"curies":[{"name":"wp","href":"https:\/\/api.w.org\/{rel}","templated":true}]}}