{"id":23327,"date":"2024-10-04T13:18:04","date_gmt":"2024-10-04T10:18:04","guid":{"rendered":"https:\/\/kutluyayinevi.com\/magaza\/?post_type=product&#038;p=23327"},"modified":"2026-02-20T10:51:06","modified_gmt":"2026-02-20T07:51:06","slug":"hayat-abdullah-ozdemir","status":"publish","type":"product","link":"https:\/\/kutluyayinevi.com\/magaza\/urun\/hayat-abdullah-ozdemir\/","title":{"rendered":"Hayat &#8211; Abdullah \u00d6zdemir"},"content":{"rendered":"<p data-renderer-start-pos=\"21\">Abdullah \u00d6zdemir kimdir?<\/p>\n<p data-renderer-start-pos=\"47\">Dz.K.K. g\u00f6revli iken A.B.D. de avionics (havac\u0131l\u0131k elektronik)sistemleri e\u011fitimi ald\u0131. S.Arabistan&#8217;da staj yaparak Elektrik m\u00fchendisli\u011fi e\u011fitimini tamamlad\u0131. \u0130\u015fletme y\u00fcksek lisans (MBA) ve m\u00fchendislik y\u00f6netimi doktora diplomas\u0131 ald\u0131.<\/p>\n<p data-renderer-start-pos=\"282\">Fransa&#8217;da t\u0131bbi elektronik sistemleri e\u011fitimi ald\u0131. Elektronik sanayi \u015firketlerinde m\u00fchendis ve proje ve teknik m\u00fcd\u00fcr olarak \u00e7al\u0131\u015ft\u0131.<\/p>\n<p data-renderer-start-pos=\"417\">Dubai, Almanya ve \u0130talya&#8217;da kalite y\u00f6netim sistemleri ba\u015f denet\u00e7isi olarak seminerlere kat\u0131ld\u0131. Denetim \u015firketinin genel m\u00fcd\u00fcr\u00fc olarak g\u00f6rev yapt\u0131.<\/p>\n<p data-renderer-start-pos=\"567\">Yrd. Do\u00e7. Dr. olup, end\u00fcstri m\u00fchendisli\u011fi b\u00f6l\u00fcm\u00fcnde \u00f6\u011fretim \u00fcyesi olarak akademisyenlik yapt\u0131.<\/p>\n","protected":false},"excerpt":{"rendered":"<p>Abdullah \u00d6zdemir kimdir? Dz.K.K. g\u00f6revli iken A.B.D. de avionics (havac\u0131l\u0131k elektronik)sistemleri e\u011fitimi ald\u0131. S.Arabistan&#8217;da staj yaparak Elektrik m\u00fchendisli\u011fi e\u011fitimini tamamlad\u0131. \u0130\u015fletme y\u00fcksek lisans (MBA) ve m\u00fchendislik y\u00f6netimi doktora diplomas\u0131 ald\u0131. Fransa&#8217;da t\u0131bbi elektronik sistemleri e\u011fitimi ald\u0131. Elektronik sanayi \u015firketlerinde m\u00fchendis ve proje ve teknik m\u00fcd\u00fcr olarak \u00e7al\u0131\u015ft\u0131. Dubai, Almanya ve \u0130talya&#8217;da kalite y\u00f6netim sistemleri ba\u015f [&hellip;]<\/p>\n","protected":false},"featured_media":23328,"comment_status":"closed","ping_status":"closed","template":"","meta":[],"product_brand":[],"product_cat":[22],"product_tag":[],"class_list":{"0":"post-23327","1":"product","2":"type-product","3":"status-publish","4":"has-post-thumbnail","6":"product_cat-siir","8":"first","9":"instock","10":"sale","11":"shipping-taxable","12":"purchasable","13":"product-type-simple"},"_links":{"self":[{"href":"https:\/\/kutluyayinevi.com\/magaza\/wp-json\/wp\/v2\/product\/23327","targetHints":{"allow":["GET"]}}],"collection":[{"href":"https:\/\/kutluyayinevi.com\/magaza\/wp-json\/wp\/v2\/product"}],"about":[{"href":"https:\/\/kutluyayinevi.com\/magaza\/wp-json\/wp\/v2\/types\/product"}],"replies":[{"embeddable":true,"href":"https:\/\/kutluyayinevi.com\/magaza\/wp-json\/wp\/v2\/comments?post=23327"}],"wp:featuredmedia":[{"embeddable":true,"href":"https:\/\/kutluyayinevi.com\/magaza\/wp-json\/wp\/v2\/media\/23328"}],"wp:attachment":[{"href":"https:\/\/kutluyayinevi.com\/magaza\/wp-json\/wp\/v2\/media?parent=23327"}],"wp:term":[{"taxonomy":"product_brand","embeddable":true,"href":"https:\/\/kutluyayinevi.com\/magaza\/wp-json\/wp\/v2\/product_brand?post=23327"},{"taxonomy":"product_cat","embeddable":true,"href":"https:\/\/kutluyayinevi.com\/magaza\/wp-json\/wp\/v2\/product_cat?post=23327"},{"taxonomy":"product_tag","embeddable":true,"href":"https:\/\/kutluyayinevi.com\/magaza\/wp-json\/wp\/v2\/product_tag?post=23327"}],"curies":[{"name":"wp","href":"https:\/\/api.w.org\/{rel}","templated":true}]}}