{"id":23329,"date":"2024-10-04T13:23:12","date_gmt":"2024-10-04T10:23:12","guid":{"rendered":"https:\/\/kutluyayinevi.com\/magaza\/?post_type=product&#038;p=23329"},"modified":"2026-02-20T17:17:13","modified_gmt":"2026-02-20T14:17:13","slug":"saklan-ma-oylum-barak","status":"publish","type":"product","link":"https:\/\/kutluyayinevi.com\/magaza\/urun\/saklan-ma-oylum-barak\/","title":{"rendered":"Saklan-ma &#8211; Oylum Barak"},"content":{"rendered":"<div class=\"css-1qlx3hu\">\n<div class=\"ak-renderer-document\">\n<p data-renderer-start-pos=\"1\">\u0130\u00e7imizde saklad\u0131klar\u0131m\u0131z, y\u00fczle\u015fmeye haz\u0131r olmad\u0131\u011f\u0131m\u0131z hikayelerimizdir\u2026K\u00fc\u00e7\u00fck bir kasaban\u0131n sokaklar\u0131nda, eski bir meyhanede, g\u00f6lgeler aras\u0131nda s\u00fcz\u00fclen bu hikayeler, okuyucuyu insan ruhunun en derinlerine do\u011fru bir yolculu\u011fa davet ediyor.<\/p>\n<p data-renderer-start-pos=\"241\">Her biri kendi i\u00e7sel f\u0131rt\u0131nalar\u0131yla bo\u011fu\u015fan karakterler. Kaybolmu\u015f a\u015fklar, yar\u0131m kalm\u0131\u015f hayaller ve ge\u00e7mi\u015fin g\u00f6lgesinde s\u0131k\u0131\u015f\u0131p kalm\u0131\u015f hayatlar.<\/p>\n<p data-renderer-start-pos=\"387\">Bu hik\u00e2ye, kaybolman\u0131n ve kavu\u015fman\u0131n i\u00e7 i\u00e7e ge\u00e7ti\u011fi bir d\u00fcnyada, hayat\u0131n karanl\u0131k yanlar\u0131yla bar\u0131\u015fman\u0131n bir yolu oldu\u011funu hat\u0131rlat\u0131yor.<\/p>\n<\/div>\n<\/div>\n","protected":false},"excerpt":{"rendered":"<p>\u0130\u00e7imizde saklad\u0131klar\u0131m\u0131z, y\u00fczle\u015fmeye haz\u0131r olmad\u0131\u011f\u0131m\u0131z hikayelerimizdir\u2026K\u00fc\u00e7\u00fck bir kasaban\u0131n sokaklar\u0131nda, eski bir meyhanede, g\u00f6lgeler aras\u0131nda s\u00fcz\u00fclen bu hikayeler, okuyucuyu insan ruhunun en derinlerine do\u011fru bir yolculu\u011fa davet ediyor. Her biri kendi i\u00e7sel f\u0131rt\u0131nalar\u0131yla bo\u011fu\u015fan karakterler. Kaybolmu\u015f a\u015fklar, yar\u0131m kalm\u0131\u015f hayaller ve ge\u00e7mi\u015fin g\u00f6lgesinde s\u0131k\u0131\u015f\u0131p kalm\u0131\u015f hayatlar. Bu hik\u00e2ye, kaybolman\u0131n ve kavu\u015fman\u0131n i\u00e7 i\u00e7e ge\u00e7ti\u011fi bir d\u00fcnyada, [&hellip;]<\/p>\n","protected":false},"featured_media":23330,"comment_status":"closed","ping_status":"closed","template":"","meta":[],"product_brand":[],"product_cat":[107],"product_tag":[],"class_list":{"0":"post-23329","1":"product","2":"type-product","3":"status-publish","4":"has-post-thumbnail","6":"product_cat-oyku","8":"first","9":"instock","10":"sale","11":"shipping-taxable","12":"purchasable","13":"product-type-simple"},"_links":{"self":[{"href":"https:\/\/kutluyayinevi.com\/magaza\/wp-json\/wp\/v2\/product\/23329","targetHints":{"allow":["GET"]}}],"collection":[{"href":"https:\/\/kutluyayinevi.com\/magaza\/wp-json\/wp\/v2\/product"}],"about":[{"href":"https:\/\/kutluyayinevi.com\/magaza\/wp-json\/wp\/v2\/types\/product"}],"replies":[{"embeddable":true,"href":"https:\/\/kutluyayinevi.com\/magaza\/wp-json\/wp\/v2\/comments?post=23329"}],"wp:featuredmedia":[{"embeddable":true,"href":"https:\/\/kutluyayinevi.com\/magaza\/wp-json\/wp\/v2\/media\/23330"}],"wp:attachment":[{"href":"https:\/\/kutluyayinevi.com\/magaza\/wp-json\/wp\/v2\/media?parent=23329"}],"wp:term":[{"taxonomy":"product_brand","embeddable":true,"href":"https:\/\/kutluyayinevi.com\/magaza\/wp-json\/wp\/v2\/product_brand?post=23329"},{"taxonomy":"product_cat","embeddable":true,"href":"https:\/\/kutluyayinevi.com\/magaza\/wp-json\/wp\/v2\/product_cat?post=23329"},{"taxonomy":"product_tag","embeddable":true,"href":"https:\/\/kutluyayinevi.com\/magaza\/wp-json\/wp\/v2\/product_tag?post=23329"}],"curies":[{"name":"wp","href":"https:\/\/api.w.org\/{rel}","templated":true}]}}