{"id":23333,"date":"2024-10-04T13:30:07","date_gmt":"2024-10-04T10:30:07","guid":{"rendered":"https:\/\/kutluyayinevi.com\/magaza\/?post_type=product&#038;p=23333"},"modified":"2026-02-23T09:33:17","modified_gmt":"2026-02-23T06:33:17","slug":"sevdamin-nagmeleri-saner-yildiz","status":"publish","type":"product","link":"https:\/\/kutluyayinevi.com\/magaza\/urun\/sevdamin-nagmeleri-saner-yildiz\/","title":{"rendered":"Sevdam\u0131n Na\u011fmeleri &#8211; Saner Y\u0131ld\u0131z"},"content":{"rendered":"<div class=\"css-1qlx3hu\">\n<div class=\"ak-renderer-document\">\n<p data-renderer-start-pos=\"1\">Neden gizemli g\u00f6zlerle bak\u0131yorsun uzaklara<br \/>\n\u0130\u00e7inde kopan f\u0131rt\u0131nalar\u0131 saklamaya \u00e7al\u0131\u015fsan da<br \/>\nO kadar belirgin ki y\u00fcre\u011fini saran hislerin asl\u0131nda<br \/>\nFark\u0131nda de\u011filsin sen a\u015fk \u00e7ok yak\u0131\u015f\u0131yor sana<\/p>\n<p data-renderer-start-pos=\"189\">Utanga\u00e7l\u0131\u011f\u0131n, ay par\u00e7as\u0131 y\u00fcz\u00fcne yans\u0131mas\u0131yla<br \/>\nHeyecan\u0131n\u0131 belli etmemeye \u00e7al\u0131\u015f\u0131yorsun ama<br \/>\nTatl\u0131l\u0131\u011f\u0131n \u00f6yle g\u00fczel vuruyor ki yanaklar\u0131na<br \/>\nFark\u0131nda de\u011filsin sen a\u015fk \u00e7ok yak\u0131\u015f\u0131yor sana<\/p>\n<\/div>\n<\/div>\n","protected":false},"excerpt":{"rendered":"<p>Neden gizemli g\u00f6zlerle bak\u0131yorsun uzaklara \u0130\u00e7inde kopan f\u0131rt\u0131nalar\u0131 saklamaya \u00e7al\u0131\u015fsan da O kadar belirgin ki y\u00fcre\u011fini saran hislerin asl\u0131nda Fark\u0131nda de\u011filsin sen a\u015fk \u00e7ok yak\u0131\u015f\u0131yor sana Utanga\u00e7l\u0131\u011f\u0131n, ay par\u00e7as\u0131 y\u00fcz\u00fcne yans\u0131mas\u0131yla Heyecan\u0131n\u0131 belli etmemeye \u00e7al\u0131\u015f\u0131yorsun ama Tatl\u0131l\u0131\u011f\u0131n \u00f6yle g\u00fczel vuruyor ki yanaklar\u0131na Fark\u0131nda de\u011filsin sen a\u015fk \u00e7ok yak\u0131\u015f\u0131yor sana<\/p>\n","protected":false},"featured_media":23334,"comment_status":"closed","ping_status":"closed","template":"","meta":[],"product_brand":[],"product_cat":[22],"product_tag":[],"class_list":{"0":"post-23333","1":"product","2":"type-product","3":"status-publish","4":"has-post-thumbnail","6":"product_cat-siir","8":"first","9":"instock","10":"sale","11":"shipping-taxable","12":"purchasable","13":"product-type-simple"},"_links":{"self":[{"href":"https:\/\/kutluyayinevi.com\/magaza\/wp-json\/wp\/v2\/product\/23333","targetHints":{"allow":["GET"]}}],"collection":[{"href":"https:\/\/kutluyayinevi.com\/magaza\/wp-json\/wp\/v2\/product"}],"about":[{"href":"https:\/\/kutluyayinevi.com\/magaza\/wp-json\/wp\/v2\/types\/product"}],"replies":[{"embeddable":true,"href":"https:\/\/kutluyayinevi.com\/magaza\/wp-json\/wp\/v2\/comments?post=23333"}],"wp:featuredmedia":[{"embeddable":true,"href":"https:\/\/kutluyayinevi.com\/magaza\/wp-json\/wp\/v2\/media\/23334"}],"wp:attachment":[{"href":"https:\/\/kutluyayinevi.com\/magaza\/wp-json\/wp\/v2\/media?parent=23333"}],"wp:term":[{"taxonomy":"product_brand","embeddable":true,"href":"https:\/\/kutluyayinevi.com\/magaza\/wp-json\/wp\/v2\/product_brand?post=23333"},{"taxonomy":"product_cat","embeddable":true,"href":"https:\/\/kutluyayinevi.com\/magaza\/wp-json\/wp\/v2\/product_cat?post=23333"},{"taxonomy":"product_tag","embeddable":true,"href":"https:\/\/kutluyayinevi.com\/magaza\/wp-json\/wp\/v2\/product_tag?post=23333"}],"curies":[{"name":"wp","href":"https:\/\/api.w.org\/{rel}","templated":true}]}}