{"id":23341,"date":"2024-10-11T12:05:49","date_gmt":"2024-10-11T09:05:49","guid":{"rendered":"https:\/\/kutluyayinevi.com\/magaza\/?post_type=product&#038;p=23341"},"modified":"2026-02-20T11:02:05","modified_gmt":"2026-02-20T08:02:05","slug":"icimde-sen-baharsin-ali-soydan","status":"publish","type":"product","link":"https:\/\/kutluyayinevi.com\/magaza\/urun\/icimde-sen-baharsin-ali-soydan\/","title":{"rendered":"\u0130\u00e7imde Sen Bahars\u0131n &#8211; Ali Soydan"},"content":{"rendered":"<p>\u015eimdi bu \u015fiiri okuyorsun yar<br \/>\nT\u00fcm kelimeler yine sana ko\u015facak<br \/>\nG\u00fcl\u00fc\u015f\u00fcnde hem bir bahar hem bir ayaz var<br \/>\nKalbimde bir yara i\u00e7imde bir nara<br \/>\nBelki hi\u00e7 yaz\u0131lmam\u0131\u015f m\u0131sralarda<br \/>\nG\u00f6zlerden ak\u0131t\u0131lan her bir damlada<br \/>\nTopra\u011f\u0131n sesinde ve \u00f6l\u00fclerin nefesinde gizlisin<\/p>\n","protected":false},"excerpt":{"rendered":"<p>\u015eimdi bu \u015fiiri okuyorsun yar T\u00fcm kelimeler yine sana ko\u015facak G\u00fcl\u00fc\u015f\u00fcnde hem bir bahar hem bir ayaz var Kalbimde bir yara i\u00e7imde bir nara Belki hi\u00e7 yaz\u0131lmam\u0131\u015f m\u0131sralarda G\u00f6zlerden ak\u0131t\u0131lan her bir damlada Topra\u011f\u0131n sesinde ve \u00f6l\u00fclerin nefesinde gizlisin<\/p>\n","protected":false},"featured_media":23342,"comment_status":"closed","ping_status":"closed","template":"","meta":[],"product_brand":[],"product_cat":[22],"product_tag":[],"class_list":{"0":"post-23341","1":"product","2":"type-product","3":"status-publish","4":"has-post-thumbnail","6":"product_cat-siir","8":"first","9":"instock","10":"sale","11":"shipping-taxable","12":"purchasable","13":"product-type-simple"},"_links":{"self":[{"href":"https:\/\/kutluyayinevi.com\/magaza\/wp-json\/wp\/v2\/product\/23341","targetHints":{"allow":["GET"]}}],"collection":[{"href":"https:\/\/kutluyayinevi.com\/magaza\/wp-json\/wp\/v2\/product"}],"about":[{"href":"https:\/\/kutluyayinevi.com\/magaza\/wp-json\/wp\/v2\/types\/product"}],"replies":[{"embeddable":true,"href":"https:\/\/kutluyayinevi.com\/magaza\/wp-json\/wp\/v2\/comments?post=23341"}],"wp:featuredmedia":[{"embeddable":true,"href":"https:\/\/kutluyayinevi.com\/magaza\/wp-json\/wp\/v2\/media\/23342"}],"wp:attachment":[{"href":"https:\/\/kutluyayinevi.com\/magaza\/wp-json\/wp\/v2\/media?parent=23341"}],"wp:term":[{"taxonomy":"product_brand","embeddable":true,"href":"https:\/\/kutluyayinevi.com\/magaza\/wp-json\/wp\/v2\/product_brand?post=23341"},{"taxonomy":"product_cat","embeddable":true,"href":"https:\/\/kutluyayinevi.com\/magaza\/wp-json\/wp\/v2\/product_cat?post=23341"},{"taxonomy":"product_tag","embeddable":true,"href":"https:\/\/kutluyayinevi.com\/magaza\/wp-json\/wp\/v2\/product_tag?post=23341"}],"curies":[{"name":"wp","href":"https:\/\/api.w.org\/{rel}","templated":true}]}}