{"id":23343,"date":"2024-10-11T12:09:01","date_gmt":"2024-10-11T09:09:01","guid":{"rendered":"https:\/\/kutluyayinevi.com\/magaza\/?post_type=product&#038;p=23343"},"modified":"2026-02-19T13:17:43","modified_gmt":"2026-02-19T10:17:43","slug":"asktan-da-ustun-bir-sevda-hz-hatice-inci-bilgin","status":"publish","type":"product","link":"https:\/\/kutluyayinevi.com\/magaza\/urun\/asktan-da-ustun-bir-sevda-hz-hatice-inci-bilgin\/","title":{"rendered":"A\u015fktan da \u00dcst\u00fcn Bir Sevda Hz. Hatice &#8211; \u0130nci Bilgin"},"content":{"rendered":"<div class=\"css-1qlx3hu\">\n<div class=\"ak-renderer-document\">\n<p data-renderer-start-pos=\"1\">Elinizdeki bu eser, \u0130slam \u00f6ncesi,Cahiliye D\u00f6nemi&#8217;ni ele alarak ba\u015flamakta ve Peygamber Efendimiz Hz. Muhammed ile Hz. Hatice Annemizin kutlu evlili\u011fiyle son bulmaktad\u0131r.<br \/>\nCahiliye D\u00f6nemi, adaletsizli\u011fin ve cehaletin h\u00fck\u00fcm s\u00fcrd\u00fc\u011f\u00fc karanl\u0131k bir \u00e7a\u011fd\u0131. Ancak bu zorlu zamanlarda bile, iyili\u011fin ve erdemin \u0131\u015f\u0131\u011f\u0131yla parlayan \u015fahsiyetler vard\u0131. Peygamber Efendimiz ve Hz. Hatice Annemizin hayatlar\u0131, iman, sevgi ve sadakatin en g\u00fczel \u00f6rneklerindendir.<br \/>\nBu kitap, tarih\u00ee olaylar\u0131n yan\u0131 s\u0131ra o d\u00f6nemin ruhunu ve inanlar\u0131n\u0131n i\u00e7 d\u00fcnyas\u0131n\u0131 da yans\u0131tmay\u0131 ama\u00e7l\u0131yor.<br \/>\n\u00c7\u00f6ldeki Nur ile, Hz. Hatice\u2019nin e\u015fsiz sadakatine, fedak\u00e2rl\u0131\u011fna ve sevgisine tan\u0131k olacak; onun hik\u00e2yesinde kendinizden bir par\u00e7a bulacaks\u0131n\u0131z. Bu roman, sizi d\u00fc\u015f\u00fcnd\u00fcren, sevdiren ve \u00f6\u011fretirken ilham veren bir yolculu\u011fa davet ediyor.<\/p>\n<p data-renderer-start-pos=\"787\">Amac\u0131m\u0131z, okuyucular\u0131m\u0131z\u0131n bu d\u00f6nemi derinlemesine<br \/>\nanlamas\u0131 ve g\u00fcn\u00fcm\u00fcz i\u00e7in \u00e7\u0131kar\u0131lacak dersleri<br \/>\nke\u015ffetmesidir.<\/p>\n<p data-renderer-start-pos=\"900\">Keyifli okumalar dileriz.<\/p>\n<\/div>\n<\/div>\n","protected":false},"excerpt":{"rendered":"<p>Elinizdeki bu eser, \u0130slam \u00f6ncesi,Cahiliye D\u00f6nemi&#8217;ni ele alarak ba\u015flamakta ve Peygamber Efendimiz Hz. Muhammed ile Hz. Hatice Annemizin kutlu evlili\u011fiyle son bulmaktad\u0131r. Cahiliye D\u00f6nemi, adaletsizli\u011fin ve cehaletin h\u00fck\u00fcm s\u00fcrd\u00fc\u011f\u00fc karanl\u0131k bir \u00e7a\u011fd\u0131. Ancak bu zorlu zamanlarda bile, iyili\u011fin ve erdemin \u0131\u015f\u0131\u011f\u0131yla parlayan \u015fahsiyetler vard\u0131. Peygamber Efendimiz ve Hz. Hatice Annemizin hayatlar\u0131, iman, sevgi ve sadakatin [&hellip;]<\/p>\n","protected":false},"featured_media":23344,"comment_status":"closed","ping_status":"closed","template":"","meta":[],"product_brand":[],"product_cat":[24],"product_tag":[],"class_list":{"0":"post-23343","1":"product","2":"type-product","3":"status-publish","4":"has-post-thumbnail","6":"product_cat-roman","8":"first","9":"instock","10":"sale","11":"shipping-taxable","12":"purchasable","13":"product-type-simple"},"_links":{"self":[{"href":"https:\/\/kutluyayinevi.com\/magaza\/wp-json\/wp\/v2\/product\/23343","targetHints":{"allow":["GET"]}}],"collection":[{"href":"https:\/\/kutluyayinevi.com\/magaza\/wp-json\/wp\/v2\/product"}],"about":[{"href":"https:\/\/kutluyayinevi.com\/magaza\/wp-json\/wp\/v2\/types\/product"}],"replies":[{"embeddable":true,"href":"https:\/\/kutluyayinevi.com\/magaza\/wp-json\/wp\/v2\/comments?post=23343"}],"wp:featuredmedia":[{"embeddable":true,"href":"https:\/\/kutluyayinevi.com\/magaza\/wp-json\/wp\/v2\/media\/23344"}],"wp:attachment":[{"href":"https:\/\/kutluyayinevi.com\/magaza\/wp-json\/wp\/v2\/media?parent=23343"}],"wp:term":[{"taxonomy":"product_brand","embeddable":true,"href":"https:\/\/kutluyayinevi.com\/magaza\/wp-json\/wp\/v2\/product_brand?post=23343"},{"taxonomy":"product_cat","embeddable":true,"href":"https:\/\/kutluyayinevi.com\/magaza\/wp-json\/wp\/v2\/product_cat?post=23343"},{"taxonomy":"product_tag","embeddable":true,"href":"https:\/\/kutluyayinevi.com\/magaza\/wp-json\/wp\/v2\/product_tag?post=23343"}],"curies":[{"name":"wp","href":"https:\/\/api.w.org\/{rel}","templated":true}]}}