{"id":23345,"date":"2024-10-11T12:10:57","date_gmt":"2024-10-11T09:10:57","guid":{"rendered":"https:\/\/kutluyayinevi.com\/magaza\/?post_type=product&#038;p=23345"},"modified":"2026-02-23T09:34:11","modified_gmt":"2026-02-23T06:34:11","slug":"sikinti-m-can-taskin","status":"publish","type":"product","link":"https:\/\/kutluyayinevi.com\/magaza\/urun\/sikinti-m-can-taskin\/","title":{"rendered":"S\u0131k\u0131nt\u0131 &#8211; M. Can Ta\u015fk\u0131n"},"content":{"rendered":"<p>\u201cBana kitab\u0131n ismi Erik A\u011fac\u0131 olsun dedi. Do\u011fay\u0131 ve o k\u0131z\u0131 hat\u0131rlad\u0131 muhtemelen. Ben ise \u2018s\u0131k\u0131nt\u0131\u2019 ismini tercih etmi\u015ftim. Bunu ona s\u00f6ylemedim tabi. Erik a\u011fac\u0131 g\u00fczeldi iyi hat\u0131ralar\u0131 vard\u0131 ama hikayeyi tam anlam\u0131yla kapsam\u0131yordu. S\u0131k\u0131nt\u0131 ise bu hikayenin ta kendisi idi. Sabahattin amcan\u0131n i\u00e7indeki bu hayat\u0131 de\u011fi\u015ftirme duygusu kendi i\u00e7ini yiyip \u00e7evreye bak\u0131\u015f\u0131 i\u00e7indeki s\u0131k\u0131nt\u0131dan kaynaklanm\u0131\u015ft\u0131. Bu hikaye i\u00e7indeki s\u0131k\u0131nt\u0131 ile ba\u015flam\u0131\u015ft\u0131. Evet Sabahattin amcay\u0131 dinlemeyece\u011fim bu konuda, bu da day\u0131m\u0131n ve ailemin intikam\u0131 olsun. Masum bir intikam bu.\u201d<\/p>\n","protected":false},"excerpt":{"rendered":"<p>\u201cBana kitab\u0131n ismi Erik A\u011fac\u0131 olsun dedi. Do\u011fay\u0131 ve o k\u0131z\u0131 hat\u0131rlad\u0131 muhtemelen. Ben ise \u2018s\u0131k\u0131nt\u0131\u2019 ismini tercih etmi\u015ftim. Bunu ona s\u00f6ylemedim tabi. Erik a\u011fac\u0131 g\u00fczeldi iyi hat\u0131ralar\u0131 vard\u0131 ama hikayeyi tam anlam\u0131yla kapsam\u0131yordu. S\u0131k\u0131nt\u0131 ise bu hikayenin ta kendisi idi. Sabahattin amcan\u0131n i\u00e7indeki bu hayat\u0131 de\u011fi\u015ftirme duygusu kendi i\u00e7ini yiyip \u00e7evreye bak\u0131\u015f\u0131 i\u00e7indeki s\u0131k\u0131nt\u0131dan [&hellip;]<\/p>\n","protected":false},"featured_media":23346,"comment_status":"closed","ping_status":"closed","template":"","meta":[],"product_brand":[],"product_cat":[24],"product_tag":[],"class_list":{"0":"post-23345","1":"product","2":"type-product","3":"status-publish","4":"has-post-thumbnail","6":"product_cat-roman","8":"first","9":"instock","10":"sale","11":"shipping-taxable","12":"purchasable","13":"product-type-simple"},"_links":{"self":[{"href":"https:\/\/kutluyayinevi.com\/magaza\/wp-json\/wp\/v2\/product\/23345","targetHints":{"allow":["GET"]}}],"collection":[{"href":"https:\/\/kutluyayinevi.com\/magaza\/wp-json\/wp\/v2\/product"}],"about":[{"href":"https:\/\/kutluyayinevi.com\/magaza\/wp-json\/wp\/v2\/types\/product"}],"replies":[{"embeddable":true,"href":"https:\/\/kutluyayinevi.com\/magaza\/wp-json\/wp\/v2\/comments?post=23345"}],"wp:featuredmedia":[{"embeddable":true,"href":"https:\/\/kutluyayinevi.com\/magaza\/wp-json\/wp\/v2\/media\/23346"}],"wp:attachment":[{"href":"https:\/\/kutluyayinevi.com\/magaza\/wp-json\/wp\/v2\/media?parent=23345"}],"wp:term":[{"taxonomy":"product_brand","embeddable":true,"href":"https:\/\/kutluyayinevi.com\/magaza\/wp-json\/wp\/v2\/product_brand?post=23345"},{"taxonomy":"product_cat","embeddable":true,"href":"https:\/\/kutluyayinevi.com\/magaza\/wp-json\/wp\/v2\/product_cat?post=23345"},{"taxonomy":"product_tag","embeddable":true,"href":"https:\/\/kutluyayinevi.com\/magaza\/wp-json\/wp\/v2\/product_tag?post=23345"}],"curies":[{"name":"wp","href":"https:\/\/api.w.org\/{rel}","templated":true}]}}