{"id":23349,"date":"2024-10-11T12:16:28","date_gmt":"2024-10-11T09:16:28","guid":{"rendered":"https:\/\/kutluyayinevi.com\/magaza\/?post_type=product&#038;p=23349"},"modified":"2026-02-23T09:36:00","modified_gmt":"2026-02-23T06:36:00","slug":"sivil-toplum-kuruluslarinda-yonetim-ve-protokol-kurallari-arif-dede","status":"publish","type":"product","link":"https:\/\/kutluyayinevi.com\/magaza\/urun\/sivil-toplum-kuruluslarinda-yonetim-ve-protokol-kurallari-arif-dede\/","title":{"rendered":"Sivil Toplum Kurulu\u015flar\u0131nda Y\u00f6netim ve Protokol Kurallar\u0131 &#8211; Arif Dede"},"content":{"rendered":"<div class=\"css-1qlx3hu\">\n<div class=\"ak-renderer-document\">\n<p data-renderer-start-pos=\"1\">VATANINI EN \u00c7OK SEVENG\u00d6REV\u0130N\u0130 EN \u0130Y\u0130 YAPANDIR.<\/p>\n<p data-renderer-start-pos=\"49\">Mesle\u011fimiz, g\u00f6revimiz, unvan\u0131m\u0131z ve stat\u00fcm\u00fcz ne olursa olsun g\u00f6revimiz iyi yapmal\u0131y\u0131z.<\/p>\n<p data-renderer-start-pos=\"137\">G\u00f6revimizi iyi yapmam\u0131z, do\u011fru i\u015f yapmak ve i\u015fi do\u011fru yapmakla m\u00fcmk\u00fcn olur. G\u00f6revimizi yaparken yapt\u0131\u011f\u0131m\u0131z\u0131n i\u015fin do\u011fru olmas\u0131 yan\u0131nda yap\u0131l\u0131\u015f usul\u00fcn\u00fcn de do\u011fru olmas\u0131 gerekir.<\/p>\n<p data-renderer-start-pos=\"315\">YANLI\u015e USL\u00dcP DO\u011eRU S\u00d6Z\u00dcN CELLADIDIR.<\/p>\n<p data-renderer-start-pos=\"353\">Resm\u00ee, sosyal ve toplumsal ili\u015fkilerde \u00fcslup \u00e7ok \u00f6nemlidir. Do\u011fru \u00fcslup kullanmak, protokol kurallar\u0131 ve ileti\u015fim becerilerini uygulamakla m\u00fcmk\u00fcnd\u00fcr.<\/p>\n<p data-renderer-start-pos=\"504\">\u0130NSANLARIN EN HAYIRLISI \u0130NSANLARA FAYDALI OLANDIR.<\/p>\n<p data-renderer-start-pos=\"556\">\u0130nsanlara faydal\u0131 olman\u0131n en yayg\u0131n alan\u0131 Sivil Toplum Kurulu\u015flar\u0131d\u0131r. Bu kurulu\u015flarda yapt\u0131\u011f\u0131m\u0131z faaliyetlerde ba\u015far\u0131l\u0131 olmak i\u00e7in g\u00f6revimizi iyi yapmam\u0131z, ileti\u015fim ve protokol kurallar\u0131n\u0131 uygulama becerimize ba\u011fl\u0131d\u0131r.<\/p>\n<\/div>\n<\/div>\n","protected":false},"excerpt":{"rendered":"<p>VATANINI EN \u00c7OK SEVENG\u00d6REV\u0130N\u0130 EN \u0130Y\u0130 YAPANDIR. Mesle\u011fimiz, g\u00f6revimiz, unvan\u0131m\u0131z ve stat\u00fcm\u00fcz ne olursa olsun g\u00f6revimiz iyi yapmal\u0131y\u0131z. G\u00f6revimizi iyi yapmam\u0131z, do\u011fru i\u015f yapmak ve i\u015fi do\u011fru yapmakla m\u00fcmk\u00fcn olur. G\u00f6revimizi yaparken yapt\u0131\u011f\u0131m\u0131z\u0131n i\u015fin do\u011fru olmas\u0131 yan\u0131nda yap\u0131l\u0131\u015f usul\u00fcn\u00fcn de do\u011fru olmas\u0131 gerekir. YANLI\u015e USL\u00dcP DO\u011eRU S\u00d6Z\u00dcN CELLADIDIR. Resm\u00ee, sosyal ve toplumsal ili\u015fkilerde \u00fcslup \u00e7ok [&hellip;]<\/p>\n","protected":false},"featured_media":23350,"comment_status":"closed","ping_status":"closed","template":"","meta":[],"product_brand":[],"product_cat":[99],"product_tag":[],"class_list":{"0":"post-23349","1":"product","2":"type-product","3":"status-publish","4":"has-post-thumbnail","6":"product_cat-kilavuz","8":"first","9":"instock","10":"sale","11":"shipping-taxable","12":"purchasable","13":"product-type-simple"},"_links":{"self":[{"href":"https:\/\/kutluyayinevi.com\/magaza\/wp-json\/wp\/v2\/product\/23349","targetHints":{"allow":["GET"]}}],"collection":[{"href":"https:\/\/kutluyayinevi.com\/magaza\/wp-json\/wp\/v2\/product"}],"about":[{"href":"https:\/\/kutluyayinevi.com\/magaza\/wp-json\/wp\/v2\/types\/product"}],"replies":[{"embeddable":true,"href":"https:\/\/kutluyayinevi.com\/magaza\/wp-json\/wp\/v2\/comments?post=23349"}],"wp:featuredmedia":[{"embeddable":true,"href":"https:\/\/kutluyayinevi.com\/magaza\/wp-json\/wp\/v2\/media\/23350"}],"wp:attachment":[{"href":"https:\/\/kutluyayinevi.com\/magaza\/wp-json\/wp\/v2\/media?parent=23349"}],"wp:term":[{"taxonomy":"product_brand","embeddable":true,"href":"https:\/\/kutluyayinevi.com\/magaza\/wp-json\/wp\/v2\/product_brand?post=23349"},{"taxonomy":"product_cat","embeddable":true,"href":"https:\/\/kutluyayinevi.com\/magaza\/wp-json\/wp\/v2\/product_cat?post=23349"},{"taxonomy":"product_tag","embeddable":true,"href":"https:\/\/kutluyayinevi.com\/magaza\/wp-json\/wp\/v2\/product_tag?post=23349"}],"curies":[{"name":"wp","href":"https:\/\/api.w.org\/{rel}","templated":true}]}}