{"id":23398,"date":"2024-10-22T12:51:12","date_gmt":"2024-10-22T09:51:12","guid":{"rendered":"https:\/\/kutluyayinevi.com\/magaza\/?post_type=product&#038;p=23398"},"modified":"2026-02-23T11:20:25","modified_gmt":"2026-02-23T08:20:25","slug":"yonetim-sisteminde-pozisyon-analizi-orhan-imamoglu","status":"publish","type":"product","link":"https:\/\/kutluyayinevi.com\/magaza\/urun\/yonetim-sisteminde-pozisyon-analizi-orhan-imamoglu\/","title":{"rendered":"Y\u00f6netim Sisteminde Pozisyon Analizi &#8211; Orhan \u0130mamo\u011flu"},"content":{"rendered":"<div class=\"css-jx53nq\">\n<div class=\"ak-renderer-document\">\n<p data-renderer-start-pos=\"1\">Bu kitap, satran\u00e7 oyununun stratejik derinliklerini i\u015f d\u00fcnyas\u0131yla bulu\u015fturarak okuyuculara benzersiz bir perspektif sunuyor.<\/p>\n<p data-renderer-start-pos=\"127\">Liderlik, operasyonel m\u00fckemmellik ve yenilik\u00e7i d\u00fc\u015f\u00fcnme gibi konular, satran\u00e7 ta\u015flar\u0131n\u0131n hareketleri ve stratejileri \u00fczerinden detayland\u0131r\u0131l\u0131yor.<\/p>\n<p data-renderer-start-pos=\"273\">Satran\u00e7 tahtas\u0131ndaki her ta\u015f, i\u015f d\u00fcnyas\u0131nda farkl\u0131 bir rol\u00fc ve stratejik fonksiyonu temsil eder.<\/p>\n<p data-renderer-start-pos=\"371\">Orhan \u0130mamo\u011flu&#8217;nun hem teorik bilgiler hem de pratik \u00f6rnekler i\u00e7eren bu eseri, i\u015f d\u00fcnyas\u0131ndaki y\u00f6neticilere ve strateji belirleyicilere, bir satran\u00e7 oyununda pozisyon analizi yapar gibi \u015firketlerinin durumunu de\u011ferlendirmelerine ve geli\u015ftirme f\u0131rsatlar\u0131n\u0131 belirlemelerine yard\u0131mc\u0131 olacakt\u0131r.<\/p>\n<p data-renderer-start-pos=\"664\">&#8220;\u0130\u015f d\u00fcnyas\u0131nda stratejik d\u00fc\u015f\u00fcnme becerilerini, koordineli bir \u015fekilde geli\u015ftirmek isteyen herkes i\u00e7in vazge\u00e7ilmez bir rehber.&#8221;<\/p>\n<\/div>\n<\/div>\n","protected":false},"excerpt":{"rendered":"<p>Bu kitap, satran\u00e7 oyununun stratejik derinliklerini i\u015f d\u00fcnyas\u0131yla bulu\u015fturarak okuyuculara benzersiz bir perspektif sunuyor. Liderlik, operasyonel m\u00fckemmellik ve yenilik\u00e7i d\u00fc\u015f\u00fcnme gibi konular, satran\u00e7 ta\u015flar\u0131n\u0131n hareketleri ve stratejileri \u00fczerinden detayland\u0131r\u0131l\u0131yor. Satran\u00e7 tahtas\u0131ndaki her ta\u015f, i\u015f d\u00fcnyas\u0131nda farkl\u0131 bir rol\u00fc ve stratejik fonksiyonu temsil eder. Orhan \u0130mamo\u011flu&#8217;nun hem teorik bilgiler hem de pratik \u00f6rnekler i\u00e7eren bu eseri, [&hellip;]<\/p>\n","protected":false},"featured_media":23399,"comment_status":"closed","ping_status":"closed","template":"","meta":[],"product_brand":[],"product_cat":[111],"product_tag":[],"class_list":{"0":"post-23398","1":"product","2":"type-product","3":"status-publish","4":"has-post-thumbnail","6":"product_cat-ekonomi","8":"first","9":"instock","10":"sale","11":"shipping-taxable","12":"purchasable","13":"product-type-simple"},"_links":{"self":[{"href":"https:\/\/kutluyayinevi.com\/magaza\/wp-json\/wp\/v2\/product\/23398","targetHints":{"allow":["GET"]}}],"collection":[{"href":"https:\/\/kutluyayinevi.com\/magaza\/wp-json\/wp\/v2\/product"}],"about":[{"href":"https:\/\/kutluyayinevi.com\/magaza\/wp-json\/wp\/v2\/types\/product"}],"replies":[{"embeddable":true,"href":"https:\/\/kutluyayinevi.com\/magaza\/wp-json\/wp\/v2\/comments?post=23398"}],"wp:featuredmedia":[{"embeddable":true,"href":"https:\/\/kutluyayinevi.com\/magaza\/wp-json\/wp\/v2\/media\/23399"}],"wp:attachment":[{"href":"https:\/\/kutluyayinevi.com\/magaza\/wp-json\/wp\/v2\/media?parent=23398"}],"wp:term":[{"taxonomy":"product_brand","embeddable":true,"href":"https:\/\/kutluyayinevi.com\/magaza\/wp-json\/wp\/v2\/product_brand?post=23398"},{"taxonomy":"product_cat","embeddable":true,"href":"https:\/\/kutluyayinevi.com\/magaza\/wp-json\/wp\/v2\/product_cat?post=23398"},{"taxonomy":"product_tag","embeddable":true,"href":"https:\/\/kutluyayinevi.com\/magaza\/wp-json\/wp\/v2\/product_tag?post=23398"}],"curies":[{"name":"wp","href":"https:\/\/api.w.org\/{rel}","templated":true}]}}