{"id":23400,"date":"2024-10-22T12:57:46","date_gmt":"2024-10-22T09:57:46","guid":{"rendered":"https:\/\/kutluyayinevi.com\/magaza\/?post_type=product&#038;p=23400"},"modified":"2026-02-20T11:02:57","modified_gmt":"2026-02-20T08:02:57","slug":"dusler-ulkesi-almanya-zeliha-yavuz","status":"publish","type":"product","link":"https:\/\/kutluyayinevi.com\/magaza\/urun\/dusler-ulkesi-almanya-zeliha-yavuz\/","title":{"rendered":"D\u00fc\u015fler \u00dclkesi Almanya &#8211; Zeliha Yavuz"},"content":{"rendered":"<div class=\"css-jx53nq\">\n<div class=\"ak-renderer-document\">\n<p data-renderer-start-pos=\"1\">\u2026 Yorgun, uykusuz ge\u00e7en g\u00fcn ve gece bitmek bilmemi\u015fti. D\u00f6rt ay evvel \u00f6l\u00fcm haberini ald\u0131\u011f\u0131 annesi geldi akl\u0131na; beyaz oyal\u0131 yemenisiyle daha d\u00fcn gibi ekmek yap\u0131yordu tand\u0131r\u0131n ba\u015f\u0131nda. \u201cAh anam..!\u201d diye i\u00e7 ge\u00e7irdi. Hasret kald\u0131\u011f\u0131 anas\u0131n\u0131n so\u011fuk y\u00fcz\u00fcn\u00fc de g\u00f6rmek nasip olmam\u0131\u015ft\u0131.<\/p>\n<p data-renderer-start-pos=\"279\">Ne vard\u0131 \u015fu gavurun memleketinde? Neden tas\u0131n\u0131, tara\u011f\u0131n\u0131 toplay\u0131p defolamam\u0131\u015ft\u0131 sanki? D\u00fc\u015f\u00fcnceler, ac\u0131 an\u0131lar ardarda \u00e7o\u011fal\u0131yordu. Gaye; \u00e7ok \u00e7al\u0131\u015fmak, \u00e7ok para kazanmak, biran \u00f6nce memlekete temelli d\u00f6nmekti. Geldikleri gurbetelleri ac\u0131 elem doluydu.<\/p>\n<p data-renderer-start-pos=\"531\">Hasan iyice dalm\u0131\u015ft\u0131. G\u00f6z\u00fcnden damlayan iki damla g\u00f6zya\u015f\u0131n\u0131n fark\u0131nda bile de\u011fildi. Ani bir fery\u00e2d; \u201cOff anam, yand\u0131mmm..!\u201d \u00e7\u0131\u011fl\u0131\u011f\u0131 makinelerin canavar sesine kar\u0131\u015ft\u0131.<\/p>\n<p data-renderer-start-pos=\"700\">&lt;&lt;&lt;&lt;&lt;&lt; \u2013 &gt;&gt;&gt;&gt;&gt;<\/p>\n<p data-renderer-start-pos=\"716\">Gurbet\u00e7i insan\u0131m\u0131z\u0131n hayat\u0131n i\u00e7inden ya\u015fant\u0131lar\u0131 g\u00f6nl\u00fcn\u00fcz\u00fc \u0131s\u0131t\u0131yor, burnunuzun dire\u011fini s\u0131zlat\u0131yor, g\u00f6zlerinizi ya\u015fart\u0131yorsa bu hikaye ger\u00e7ekten ya\u015fanm\u0131\u015ft\u0131r. \u015eu bir ger\u00e7ek ki bir solukta okuyaca\u011f\u0131n\u0131z B\u0130Z\u0130M HiKAYEM\u0130Z binlerce nefesin eme\u011fidir.<\/p>\n<\/div>\n<\/div>\n","protected":false},"excerpt":{"rendered":"<p>\u2026 Yorgun, uykusuz ge\u00e7en g\u00fcn ve gece bitmek bilmemi\u015fti. D\u00f6rt ay evvel \u00f6l\u00fcm haberini ald\u0131\u011f\u0131 annesi geldi akl\u0131na; beyaz oyal\u0131 yemenisiyle daha d\u00fcn gibi ekmek yap\u0131yordu tand\u0131r\u0131n ba\u015f\u0131nda. \u201cAh anam..!\u201d diye i\u00e7 ge\u00e7irdi. Hasret kald\u0131\u011f\u0131 anas\u0131n\u0131n so\u011fuk y\u00fcz\u00fcn\u00fc de g\u00f6rmek nasip olmam\u0131\u015ft\u0131. Ne vard\u0131 \u015fu gavurun memleketinde? Neden tas\u0131n\u0131, tara\u011f\u0131n\u0131 toplay\u0131p defolamam\u0131\u015ft\u0131 sanki? D\u00fc\u015f\u00fcnceler, ac\u0131 [&hellip;]<\/p>\n","protected":false},"featured_media":23402,"comment_status":"closed","ping_status":"closed","template":"","meta":[],"product_brand":[],"product_cat":[24],"product_tag":[],"class_list":{"0":"post-23400","1":"product","2":"type-product","3":"status-publish","4":"has-post-thumbnail","6":"product_cat-roman","8":"first","9":"instock","10":"sale","11":"shipping-taxable","12":"purchasable","13":"product-type-simple"},"_links":{"self":[{"href":"https:\/\/kutluyayinevi.com\/magaza\/wp-json\/wp\/v2\/product\/23400","targetHints":{"allow":["GET"]}}],"collection":[{"href":"https:\/\/kutluyayinevi.com\/magaza\/wp-json\/wp\/v2\/product"}],"about":[{"href":"https:\/\/kutluyayinevi.com\/magaza\/wp-json\/wp\/v2\/types\/product"}],"replies":[{"embeddable":true,"href":"https:\/\/kutluyayinevi.com\/magaza\/wp-json\/wp\/v2\/comments?post=23400"}],"wp:featuredmedia":[{"embeddable":true,"href":"https:\/\/kutluyayinevi.com\/magaza\/wp-json\/wp\/v2\/media\/23402"}],"wp:attachment":[{"href":"https:\/\/kutluyayinevi.com\/magaza\/wp-json\/wp\/v2\/media?parent=23400"}],"wp:term":[{"taxonomy":"product_brand","embeddable":true,"href":"https:\/\/kutluyayinevi.com\/magaza\/wp-json\/wp\/v2\/product_brand?post=23400"},{"taxonomy":"product_cat","embeddable":true,"href":"https:\/\/kutluyayinevi.com\/magaza\/wp-json\/wp\/v2\/product_cat?post=23400"},{"taxonomy":"product_tag","embeddable":true,"href":"https:\/\/kutluyayinevi.com\/magaza\/wp-json\/wp\/v2\/product_tag?post=23400"}],"curies":[{"name":"wp","href":"https:\/\/api.w.org\/{rel}","templated":true}]}}