{"id":23423,"date":"2024-11-07T18:04:15","date_gmt":"2024-11-07T15:04:15","guid":{"rendered":"https:\/\/kutluyayinevi.com\/magaza\/?post_type=product&#038;p=23423"},"modified":"2026-02-20T15:42:20","modified_gmt":"2026-02-20T12:42:20","slug":"muhacir-rusya-turkleri-basininda-sovyet-emperyalizmi-ilker-turkmen","status":"publish","type":"product","link":"https:\/\/kutluyayinevi.com\/magaza\/urun\/muhacir-rusya-turkleri-basininda-sovyet-emperyalizmi-ilker-turkmen\/","title":{"rendered":"Muhacir Rusya T\u00fcrkleri Bas\u0131n\u0131nda Sovyet Emperyalizmi &#8211; \u0130lker T\u00fcrkmen"},"content":{"rendered":"<p>&#8220;T\u00fcrk d\u00fcnyas\u0131nda geleneksel e\u011fitim modelinin yerini alan ve her anlamda yenile\u015fmeyi ama\u00e7layan cedit\u00e7ilik hareketleri sayesinde, e\u011fitimli ki\u015fi say\u0131s\u0131 \u00e7ok k\u0131sa s\u00fcrede artm\u0131\u015f, buna ba\u011fl\u0131 olarak da Rusya&#8217;n\u0131n uygulad\u0131\u011f\u0131 siyaseti anlatan yaz\u0131lar\u0131n oldu\u011fu gazeteler XIX. y\u00fczy\u0131l sonlar\u0131nda \u00e7\u0131kar\u0131lmaya ba\u015flanm\u0131\u015ft\u0131r.\u0130smail Gasp\u0131ral\u0131 \u00f6nc\u00fcl\u00fc\u011f\u00fcnce ba\u015flayan bas\u0131n m\u00fccadelesi, silah\u0131 elinden al\u0131nan T\u00fcrklerin kalemiyle sava\u015fmas\u0131 anlam\u0131na geliyordu. Muhacerette \u00e7\u0131kar\u0131lan gazeteler, Rusya&#8217;n\u0131n \u00e7\u0131karm\u0131\u015f oldu\u011fu gazetelerden al\u0131nan malumatlar ve di\u011fer T\u00fcrk gazetelerinden al\u0131nan yaz\u0131lar zenginle\u015ftirilmi\u015f ve okuyucusunu her an bilgilendirmeye \u00e7al\u0131\u015fm\u0131\u015ft\u0131r. Mustafa \u00c7okay, Mehmet Emin Resulzade, Zeki Velidi Togan muhacerette \u00e7\u0131kar\u0131lan gazeteler alan\u0131nda \u00f6nde gelen isimlerdendir. Yeni T\u00fcrkistan ve Ya\u015f T\u00fcrkistan dergilerinin \u00e7\u0131kar\u0131lmas\u0131nda \u00f6nc\u00fc olan Mustafa \u00c7okay, hayat\u0131 boyunca T\u00fcrk ba\u011f\u0131ms\u0131zl\u0131\u011f\u0131 i\u00e7in m\u00fccadele etmi\u015f olan bir T\u00fcrkistanl\u0131d\u0131r. Sovyet emperyalizmini en derininden tatm\u0131\u015f olan bu insanlar\u0131n yazm\u0131\u015f oldu\u011fu makaleler, vermi\u015f oldu\u011fu haberler, savundu\u011fu fikirler, o d\u00f6nemde ya\u015fananlar\u0131 anlatan en \u00f6nemli kaynaklard\u0131r. Bu \u00e7al\u0131\u015fmada T\u00fcrkistanl\u0131lar\u0131n ba\u011f\u0131ms\u0131zl\u0131k aray\u0131\u015f\u0131n\u0131n muhacir bas\u0131na nas\u0131l yans\u0131d\u0131\u011f\u0131 incelenmi\u015ftir. T\u00fcrkistanl\u0131lar\u0131n \u00e7\u0131kard\u0131\u011f\u0131 onlarca dergi ve gazete oldu\u011fundan \u00e7al\u0131\u015fmam\u0131zda se\u00e7me yay\u0131nlar ve yaz\u0131lar de\u011ferlendirilmi\u015ftir.&#8221;<\/p>\n","protected":false},"excerpt":{"rendered":"<p>&#8220;T\u00fcrk d\u00fcnyas\u0131nda geleneksel e\u011fitim modelinin yerini alan ve her anlamda yenile\u015fmeyi ama\u00e7layan cedit\u00e7ilik hareketleri sayesinde, e\u011fitimli ki\u015fi say\u0131s\u0131 \u00e7ok k\u0131sa s\u00fcrede artm\u0131\u015f, buna ba\u011fl\u0131 olarak da Rusya&#8217;n\u0131n uygulad\u0131\u011f\u0131 siyaseti anlatan yaz\u0131lar\u0131n oldu\u011fu gazeteler XIX. y\u00fczy\u0131l sonlar\u0131nda \u00e7\u0131kar\u0131lmaya ba\u015flanm\u0131\u015ft\u0131r.\u0130smail Gasp\u0131ral\u0131 \u00f6nc\u00fcl\u00fc\u011f\u00fcnce ba\u015flayan bas\u0131n m\u00fccadelesi, silah\u0131 elinden al\u0131nan T\u00fcrklerin kalemiyle sava\u015fmas\u0131 anlam\u0131na geliyordu. Muhacerette \u00e7\u0131kar\u0131lan gazeteler, Rusya&#8217;n\u0131n [&hellip;]<\/p>\n","protected":false},"featured_media":23424,"comment_status":"closed","ping_status":"closed","template":"","meta":[],"product_brand":[],"product_cat":[28],"product_tag":[],"class_list":{"0":"post-23423","1":"product","2":"type-product","3":"status-publish","4":"has-post-thumbnail","6":"product_cat-aratirma-inceleme","8":"first","9":"instock","10":"sale","11":"shipping-taxable","12":"purchasable","13":"product-type-simple"},"_links":{"self":[{"href":"https:\/\/kutluyayinevi.com\/magaza\/wp-json\/wp\/v2\/product\/23423","targetHints":{"allow":["GET"]}}],"collection":[{"href":"https:\/\/kutluyayinevi.com\/magaza\/wp-json\/wp\/v2\/product"}],"about":[{"href":"https:\/\/kutluyayinevi.com\/magaza\/wp-json\/wp\/v2\/types\/product"}],"replies":[{"embeddable":true,"href":"https:\/\/kutluyayinevi.com\/magaza\/wp-json\/wp\/v2\/comments?post=23423"}],"wp:featuredmedia":[{"embeddable":true,"href":"https:\/\/kutluyayinevi.com\/magaza\/wp-json\/wp\/v2\/media\/23424"}],"wp:attachment":[{"href":"https:\/\/kutluyayinevi.com\/magaza\/wp-json\/wp\/v2\/media?parent=23423"}],"wp:term":[{"taxonomy":"product_brand","embeddable":true,"href":"https:\/\/kutluyayinevi.com\/magaza\/wp-json\/wp\/v2\/product_brand?post=23423"},{"taxonomy":"product_cat","embeddable":true,"href":"https:\/\/kutluyayinevi.com\/magaza\/wp-json\/wp\/v2\/product_cat?post=23423"},{"taxonomy":"product_tag","embeddable":true,"href":"https:\/\/kutluyayinevi.com\/magaza\/wp-json\/wp\/v2\/product_tag?post=23423"}],"curies":[{"name":"wp","href":"https:\/\/api.w.org\/{rel}","templated":true}]}}