{"id":23439,"date":"2024-11-15T17:16:50","date_gmt":"2024-11-15T14:16:50","guid":{"rendered":"https:\/\/kutluyayinevi.com\/magaza\/?post_type=product&#038;p=23439"},"modified":"2026-02-20T17:20:59","modified_gmt":"2026-02-20T14:20:59","slug":"sayem-sanaz-sherkat","status":"publish","type":"product","link":"https:\/\/kutluyayinevi.com\/magaza\/urun\/sayem-sanaz-sherkat\/","title":{"rendered":"Sayem &#8211; Sanaz Sherkat"},"content":{"rendered":"<p>Ac\u0131larla beslenen bir ressamd\u0131m ben.<br \/>\nHi\u00e7li\u011fin kayna\u011f\u0131n\u0131 \u00e7izdim,<br \/>\nAyd\u0131nl\u0131\u011f\u0131 unutmamak i\u00e7in.<br \/>\nHep pencere nak\u015fettim.<br \/>\nHer ya\u011fmur sonras\u0131,<br \/>\nG\u00fcne\u015f&#8217;e \u015fiirler yazd\u0131m<br \/>\nVe her \u00e7\u0131kmaz sokakta,<br \/>\nKay\u0131p k\u00f6hne kentin ortas\u0131na,<br \/>\nBaba oca\u011f\u0131ma \u00f6zlem duydum.<br \/>\nHi\u00e7bir yere ait olamad\u0131m ben\u2026Yitik kalm\u0131\u015f her bir yan\u0131m,<br \/>\nUmudumun iplerini kopard\u0131.<br \/>\nDara\u011fac\u0131nda t\u00fckendi \u00f6mr\u00fcm.<br \/>\nBen bir m\u00fclteciydim\u2026<br \/>\nS\u0131n\u0131r ihlalimi a\u015ft\u0131m d\u00fc\u015flerimde.<\/p>\n","protected":false},"excerpt":{"rendered":"<p>Ac\u0131larla beslenen bir ressamd\u0131m ben. Hi\u00e7li\u011fin kayna\u011f\u0131n\u0131 \u00e7izdim, Ayd\u0131nl\u0131\u011f\u0131 unutmamak i\u00e7in. Hep pencere nak\u015fettim. Her ya\u011fmur sonras\u0131, G\u00fcne\u015f&#8217;e \u015fiirler yazd\u0131m Ve her \u00e7\u0131kmaz sokakta, Kay\u0131p k\u00f6hne kentin ortas\u0131na, Baba oca\u011f\u0131ma \u00f6zlem duydum. Hi\u00e7bir yere ait olamad\u0131m ben\u2026Yitik kalm\u0131\u015f her bir yan\u0131m, Umudumun iplerini kopard\u0131. Dara\u011fac\u0131nda t\u00fckendi \u00f6mr\u00fcm. Ben bir m\u00fclteciydim\u2026 S\u0131n\u0131r ihlalimi a\u015ft\u0131m d\u00fc\u015flerimde.<\/p>\n","protected":false},"featured_media":23440,"comment_status":"closed","ping_status":"closed","template":"","meta":[],"product_brand":[],"product_cat":[22],"product_tag":[],"class_list":{"0":"post-23439","1":"product","2":"type-product","3":"status-publish","4":"has-post-thumbnail","6":"product_cat-siir","8":"first","9":"instock","10":"sale","11":"shipping-taxable","12":"purchasable","13":"product-type-simple"},"_links":{"self":[{"href":"https:\/\/kutluyayinevi.com\/magaza\/wp-json\/wp\/v2\/product\/23439","targetHints":{"allow":["GET"]}}],"collection":[{"href":"https:\/\/kutluyayinevi.com\/magaza\/wp-json\/wp\/v2\/product"}],"about":[{"href":"https:\/\/kutluyayinevi.com\/magaza\/wp-json\/wp\/v2\/types\/product"}],"replies":[{"embeddable":true,"href":"https:\/\/kutluyayinevi.com\/magaza\/wp-json\/wp\/v2\/comments?post=23439"}],"wp:featuredmedia":[{"embeddable":true,"href":"https:\/\/kutluyayinevi.com\/magaza\/wp-json\/wp\/v2\/media\/23440"}],"wp:attachment":[{"href":"https:\/\/kutluyayinevi.com\/magaza\/wp-json\/wp\/v2\/media?parent=23439"}],"wp:term":[{"taxonomy":"product_brand","embeddable":true,"href":"https:\/\/kutluyayinevi.com\/magaza\/wp-json\/wp\/v2\/product_brand?post=23439"},{"taxonomy":"product_cat","embeddable":true,"href":"https:\/\/kutluyayinevi.com\/magaza\/wp-json\/wp\/v2\/product_cat?post=23439"},{"taxonomy":"product_tag","embeddable":true,"href":"https:\/\/kutluyayinevi.com\/magaza\/wp-json\/wp\/v2\/product_tag?post=23439"}],"curies":[{"name":"wp","href":"https:\/\/api.w.org\/{rel}","templated":true}]}}