{"id":23441,"date":"2024-11-15T17:18:42","date_gmt":"2024-11-15T14:18:42","guid":{"rendered":"https:\/\/kutluyayinevi.com\/magaza\/?post_type=product&#038;p=23441"},"modified":"2026-02-20T10:36:24","modified_gmt":"2026-02-20T07:36:24","slug":"gulmeyen-asik-ahmet-ozkur","status":"publish","type":"product","link":"https:\/\/kutluyayinevi.com\/magaza\/urun\/gulmeyen-asik-ahmet-ozkur\/","title":{"rendered":"G\u00fclmeyen A\u015f\u0131k &#8211; Ahmet \u00d6zkur"},"content":{"rendered":"<div class=\"css-jx53nq\">\n<div class=\"ak-renderer-document\">\n<p data-renderer-start-pos=\"1\">Ben de bir zalime meyil vereli,<br \/>\nHer zaman a\u011flad\u0131m, bir g\u00fcn g\u00fclmedim,<br \/>\nG\u00fcl\u00fcm a\u00e7t\u0131, b\u00fclb\u00fcllerim gelmedi,<br \/>\nB\u00fclb\u00fcllerim ,bayku\u015f imi\u015f bilmedim.<\/p>\n<p data-renderer-start-pos=\"139\">Her zaman b\u00f6yledir fele\u011fin i\u015fi,<br \/>\nTersine d\u00f6n\u00fcyor durmadan ta\u015f\u0131,<br \/>\nMuteber bilirdim dostu, karde\u015fi,<br \/>\n\u0130ni\u015flerim yoku\u015f imi\u015f, bilmedim.<\/p>\n<p data-renderer-start-pos=\"268\">Hende\u011fi b\u0131rak\u0131p ummana dald\u0131m,<br \/>\n\u015eu zalim d\u00fcnyada murat almad\u0131m,<br \/>\nDedim do\u011fan\u0131m\u0131 kekli\u011fe sald\u0131m,<br \/>\nAvlad\u0131\u011f\u0131m bir ku\u015f imi\u015f bilmedim.<\/p>\n<p data-renderer-start-pos=\"396\">Can al\u0131c\u0131 imi\u015f Canan\u0131m dedim,<br \/>\nBal, \u015feker diyerek zehiri yedim,<br \/>\nYa\u015f\u0131yorum dedim, sa\u011f iken \u00f6ld\u00fcm,<br \/>\nHep ya\u015fam\u0131m bir ho\u015f imi\u015f, bilmedim.<\/p>\n<p data-renderer-start-pos=\"529\">Umman oldum, gemilerim y\u00fczmedi,<br \/>\nBa\u011fban gelip bu ba\u011f\u0131m\u0131 bozmad\u0131,<br \/>\n\u00d6zkur Ahmet sevdi\u011fiyle gezmedi,<br \/>\nDeli g\u00f6nl\u00fcm sarho\u015f imi\u015f, bilmedim.<\/p>\n<\/div>\n<\/div>\n","protected":false},"excerpt":{"rendered":"<p>Ben de bir zalime meyil vereli, Her zaman a\u011flad\u0131m, bir g\u00fcn g\u00fclmedim, G\u00fcl\u00fcm a\u00e7t\u0131, b\u00fclb\u00fcllerim gelmedi, B\u00fclb\u00fcllerim ,bayku\u015f imi\u015f bilmedim. Her zaman b\u00f6yledir fele\u011fin i\u015fi, Tersine d\u00f6n\u00fcyor durmadan ta\u015f\u0131, Muteber bilirdim dostu, karde\u015fi, \u0130ni\u015flerim yoku\u015f imi\u015f, bilmedim. Hende\u011fi b\u0131rak\u0131p ummana dald\u0131m, \u015eu zalim d\u00fcnyada murat almad\u0131m, Dedim do\u011fan\u0131m\u0131 kekli\u011fe sald\u0131m, Avlad\u0131\u011f\u0131m bir ku\u015f imi\u015f bilmedim. [&hellip;]<\/p>\n","protected":false},"featured_media":23442,"comment_status":"closed","ping_status":"closed","template":"","meta":[],"product_brand":[],"product_cat":[22],"product_tag":[],"class_list":{"0":"post-23441","1":"product","2":"type-product","3":"status-publish","4":"has-post-thumbnail","6":"product_cat-siir","8":"first","9":"instock","10":"sale","11":"shipping-taxable","12":"purchasable","13":"product-type-simple"},"_links":{"self":[{"href":"https:\/\/kutluyayinevi.com\/magaza\/wp-json\/wp\/v2\/product\/23441","targetHints":{"allow":["GET"]}}],"collection":[{"href":"https:\/\/kutluyayinevi.com\/magaza\/wp-json\/wp\/v2\/product"}],"about":[{"href":"https:\/\/kutluyayinevi.com\/magaza\/wp-json\/wp\/v2\/types\/product"}],"replies":[{"embeddable":true,"href":"https:\/\/kutluyayinevi.com\/magaza\/wp-json\/wp\/v2\/comments?post=23441"}],"wp:featuredmedia":[{"embeddable":true,"href":"https:\/\/kutluyayinevi.com\/magaza\/wp-json\/wp\/v2\/media\/23442"}],"wp:attachment":[{"href":"https:\/\/kutluyayinevi.com\/magaza\/wp-json\/wp\/v2\/media?parent=23441"}],"wp:term":[{"taxonomy":"product_brand","embeddable":true,"href":"https:\/\/kutluyayinevi.com\/magaza\/wp-json\/wp\/v2\/product_brand?post=23441"},{"taxonomy":"product_cat","embeddable":true,"href":"https:\/\/kutluyayinevi.com\/magaza\/wp-json\/wp\/v2\/product_cat?post=23441"},{"taxonomy":"product_tag","embeddable":true,"href":"https:\/\/kutluyayinevi.com\/magaza\/wp-json\/wp\/v2\/product_tag?post=23441"}],"curies":[{"name":"wp","href":"https:\/\/api.w.org\/{rel}","templated":true}]}}