{"id":23446,"date":"2024-11-15T17:38:06","date_gmt":"2024-11-15T14:38:06","guid":{"rendered":"https:\/\/kutluyayinevi.com\/magaza\/?post_type=product&#038;p=23446"},"modified":"2026-02-19T15:07:45","modified_gmt":"2026-02-19T12:07:45","slug":"bir-garip-sevda-fatima-oktar","status":"publish","type":"product","link":"https:\/\/kutluyayinevi.com\/magaza\/urun\/bir-garip-sevda-fatima-oktar\/","title":{"rendered":"Bir Garip Sevda &#8211; Fat\u0131ma Oktar"},"content":{"rendered":"<div class=\"css-jx53nq\">\n<div class=\"ak-renderer-document\">\n<p data-renderer-start-pos=\"1\">Her ya\u011fmurdan sonra<br \/>\nG\u00fcne\u015f gelir bu gezegene, bazen bulutlar\u0131n aras\u0131nda<br \/>\ngelir, bazen rengarenk haliyle yans\u0131t\u0131r d\u00fcnyay\u0131, bazen de kendi gibi<br \/>\ng\u00fcne\u015f gibi&#8230;.<\/p>\n<p data-renderer-start-pos=\"157\">Ve imkans\u0131zd\u0131r y\u00fcre\u011fini bir yere b\u0131rak\u0131p gitmek, nereye var\u0131rsan<br \/>\ni\u00e7indekileriyle bo\u011fu\u015fursun biriktirdiklerinle.<br \/>\nHer \u015feyi b\u0131rakmay\u0131 hayal<br \/>\nederek d\u00fc\u015fm\u00fc\u015ft\u00fcn halbuki yollara.. kendini bile feda etmi\u015fken&#8230;<br \/>\nBelki ba\u015fka hazineler senin i\u00e7in umuttu, ba\u015fka sevdalar ke\u015ffetmekti.<\/p>\n<p data-renderer-start-pos=\"429\">Ya \u015fimdi !!!<\/p>\n<p data-renderer-start-pos=\"443\">Zaman\u0131 de\u011fil mi?<br \/>\nAkl\u0131nda as\u0131l\u0131 olan, zihninin perde arkas\u0131nda olan, o<br \/>\nsorulara cevaplar haz\u0131r de\u011fil mi ?<\/p>\n<p data-renderer-start-pos=\"549\">De\u011fer bi\u00e7erek verilen her bedel, mutlaka bedeliyle sana geri d\u00f6necektir<br \/>\n&#8230;. ASLA VAZGE\u00c7ME &#8230;.<\/p>\n<\/div>\n<\/div>\n","protected":false},"excerpt":{"rendered":"<p>Her ya\u011fmurdan sonra G\u00fcne\u015f gelir bu gezegene, bazen bulutlar\u0131n aras\u0131nda gelir, bazen rengarenk haliyle yans\u0131t\u0131r d\u00fcnyay\u0131, bazen de kendi gibi g\u00fcne\u015f gibi&#8230;. Ve imkans\u0131zd\u0131r y\u00fcre\u011fini bir yere b\u0131rak\u0131p gitmek, nereye var\u0131rsan i\u00e7indekileriyle bo\u011fu\u015fursun biriktirdiklerinle. Her \u015feyi b\u0131rakmay\u0131 hayal ederek d\u00fc\u015fm\u00fc\u015ft\u00fcn halbuki yollara.. kendini bile feda etmi\u015fken&#8230; Belki ba\u015fka hazineler senin i\u00e7in umuttu, ba\u015fka sevdalar ke\u015ffetmekti. [&hellip;]<\/p>\n","protected":false},"featured_media":23447,"comment_status":"closed","ping_status":"closed","template":"","meta":[],"product_brand":[],"product_cat":[76],"product_tag":[],"class_list":{"0":"post-23446","1":"product","2":"type-product","3":"status-publish","4":"has-post-thumbnail","6":"product_cat-ozlu-sozler","8":"first","9":"instock","10":"sale","11":"shipping-taxable","12":"purchasable","13":"product-type-simple"},"_links":{"self":[{"href":"https:\/\/kutluyayinevi.com\/magaza\/wp-json\/wp\/v2\/product\/23446","targetHints":{"allow":["GET"]}}],"collection":[{"href":"https:\/\/kutluyayinevi.com\/magaza\/wp-json\/wp\/v2\/product"}],"about":[{"href":"https:\/\/kutluyayinevi.com\/magaza\/wp-json\/wp\/v2\/types\/product"}],"replies":[{"embeddable":true,"href":"https:\/\/kutluyayinevi.com\/magaza\/wp-json\/wp\/v2\/comments?post=23446"}],"wp:featuredmedia":[{"embeddable":true,"href":"https:\/\/kutluyayinevi.com\/magaza\/wp-json\/wp\/v2\/media\/23447"}],"wp:attachment":[{"href":"https:\/\/kutluyayinevi.com\/magaza\/wp-json\/wp\/v2\/media?parent=23446"}],"wp:term":[{"taxonomy":"product_brand","embeddable":true,"href":"https:\/\/kutluyayinevi.com\/magaza\/wp-json\/wp\/v2\/product_brand?post=23446"},{"taxonomy":"product_cat","embeddable":true,"href":"https:\/\/kutluyayinevi.com\/magaza\/wp-json\/wp\/v2\/product_cat?post=23446"},{"taxonomy":"product_tag","embeddable":true,"href":"https:\/\/kutluyayinevi.com\/magaza\/wp-json\/wp\/v2\/product_tag?post=23446"}],"curies":[{"name":"wp","href":"https:\/\/api.w.org\/{rel}","templated":true}]}}