{"id":23451,"date":"2024-11-21T18:06:49","date_gmt":"2024-11-21T15:06:49","guid":{"rendered":"https:\/\/kutluyayinevi.com\/magaza\/?post_type=product&#038;p=23451"},"modified":"2026-02-20T09:18:38","modified_gmt":"2026-02-20T06:18:38","slug":"emperyalizmden-hegemonyaya-gecis-buyuk-devlet-olmak-abd-ve-rusya-cilt-1-fehmi-yucesoy-ayse-ali","status":"publish","type":"product","link":"https:\/\/kutluyayinevi.com\/magaza\/urun\/emperyalizmden-hegemonyaya-gecis-buyuk-devlet-olmak-abd-ve-rusya-cilt-1-fehmi-yucesoy-ayse-ali\/","title":{"rendered":"Emperyalizmden Hegemonyaya Ge\u00e7i\u015f B\u00fcy\u00fck Devlet Olmak ABD ve Rusya &#8211; Cilt 1 &#8211; Fehmi Y\u00fccesoy, Ay\u015fe Ali"},"content":{"rendered":"<div class=\"css-jx53nq\">\n<div class=\"ak-renderer-document\">\n<p data-renderer-start-pos=\"1\">\u015eu anda elinizdeki eser, M\u00dcLK\u0130YEL\u0130 bir \u00e7iftin uzun y\u0131llar okumalar\u0131n\u0131, deneyimlerini ve g\u00f6r\u00fc\u015flerini ortakla\u015fa yaz\u0131ya d\u00f6kt\u00fckleri bir \u00e7al\u0131\u015fmad\u0131r. Zaten sevgili b\u00fcy\u00fc\u011f\u00fcm\u00fcz FEHM\u0130 Y\u00dcCESOY\u2019un daha \u00f6nce yazd\u0131\u011f\u0131 birka\u00e7 eserini biliyoruz. Bu \u00e7al\u0131\u015fma hayli emek ve zaman gerektirdi\u011fi i\u00e7in, t\u00fcm\u00fc zamanla farkl\u0131 ciltler halinde yay\u0131nlanacakt\u0131r.. Eser tamamlan\u0131p hepsini okudu\u011funuz zaman emin olun ciltler dolusu; S\u0130YASAL TAR\u0130H, JEOPOL\u0130T\u0130K VE ULUSLARARASI \u0130L\u0130\u015eK\u0130LER konular\u0131nda kitaplar okumu\u015f olacaks\u0131n\u0131z.<\/p>\n<p data-renderer-start-pos=\"496\">\u015eUAYIP KARA HAMBURG EK\u0130M 2024<\/p>\n<\/div>\n<\/div>\n","protected":false},"excerpt":{"rendered":"<p>\u015eu anda elinizdeki eser, M\u00dcLK\u0130YEL\u0130 bir \u00e7iftin uzun y\u0131llar okumalar\u0131n\u0131, deneyimlerini ve g\u00f6r\u00fc\u015flerini ortakla\u015fa yaz\u0131ya d\u00f6kt\u00fckleri bir \u00e7al\u0131\u015fmad\u0131r. Zaten sevgili b\u00fcy\u00fc\u011f\u00fcm\u00fcz FEHM\u0130 Y\u00dcCESOY\u2019un daha \u00f6nce yazd\u0131\u011f\u0131 birka\u00e7 eserini biliyoruz. Bu \u00e7al\u0131\u015fma hayli emek ve zaman gerektirdi\u011fi i\u00e7in, t\u00fcm\u00fc zamanla farkl\u0131 ciltler halinde yay\u0131nlanacakt\u0131r.. Eser tamamlan\u0131p hepsini okudu\u011funuz zaman emin olun ciltler dolusu; S\u0130YASAL TAR\u0130H, JEOPOL\u0130T\u0130K [&hellip;]<\/p>\n","protected":false},"featured_media":23452,"comment_status":"closed","ping_status":"closed","template":"","meta":[],"product_brand":[],"product_cat":[113],"product_tag":[],"class_list":{"0":"post-23451","1":"product","2":"type-product","3":"status-publish","4":"has-post-thumbnail","6":"product_cat-siyaset","8":"first","9":"instock","10":"sale","11":"shipping-taxable","12":"purchasable","13":"product-type-simple"},"_links":{"self":[{"href":"https:\/\/kutluyayinevi.com\/magaza\/wp-json\/wp\/v2\/product\/23451","targetHints":{"allow":["GET"]}}],"collection":[{"href":"https:\/\/kutluyayinevi.com\/magaza\/wp-json\/wp\/v2\/product"}],"about":[{"href":"https:\/\/kutluyayinevi.com\/magaza\/wp-json\/wp\/v2\/types\/product"}],"replies":[{"embeddable":true,"href":"https:\/\/kutluyayinevi.com\/magaza\/wp-json\/wp\/v2\/comments?post=23451"}],"wp:featuredmedia":[{"embeddable":true,"href":"https:\/\/kutluyayinevi.com\/magaza\/wp-json\/wp\/v2\/media\/23452"}],"wp:attachment":[{"href":"https:\/\/kutluyayinevi.com\/magaza\/wp-json\/wp\/v2\/media?parent=23451"}],"wp:term":[{"taxonomy":"product_brand","embeddable":true,"href":"https:\/\/kutluyayinevi.com\/magaza\/wp-json\/wp\/v2\/product_brand?post=23451"},{"taxonomy":"product_cat","embeddable":true,"href":"https:\/\/kutluyayinevi.com\/magaza\/wp-json\/wp\/v2\/product_cat?post=23451"},{"taxonomy":"product_tag","embeddable":true,"href":"https:\/\/kutluyayinevi.com\/magaza\/wp-json\/wp\/v2\/product_tag?post=23451"}],"curies":[{"name":"wp","href":"https:\/\/api.w.org\/{rel}","templated":true}]}}