{"id":23453,"date":"2024-11-21T18:09:09","date_gmt":"2024-11-21T15:09:09","guid":{"rendered":"https:\/\/kutluyayinevi.com\/magaza\/?post_type=product&#038;p=23453"},"modified":"2026-02-23T11:14:01","modified_gmt":"2026-02-23T08:14:01","slug":"yarisma-sureyya-acarali","status":"publish","type":"product","link":"https:\/\/kutluyayinevi.com\/magaza\/urun\/yarisma-sureyya-acarali\/","title":{"rendered":"Yar\u0131\u015fma &#8211; S\u00fcreyya Acaral\u0131"},"content":{"rendered":"<p>(8 &#8211; 12)   YA\u015e ARASI \u00c7OCUKLAR \u0130\u00c7\u0130N<br \/>\nKOLAY UYGULANAB\u0130L\u0130R T\u0130YATRO Y\u00d6NTEM\u0130<\/p>\n<p>\u0130lk kez<br \/>\nEzberleme yok<br \/>\nSahne yok<br \/>\nUzun haz\u0131rl\u0131k yok<br \/>\nD\u00fcz yaz\u0131 yok<\/p>\n","protected":false},"excerpt":{"rendered":"<p>(8 &#8211; 12) YA\u015e ARASI \u00c7OCUKLAR \u0130\u00c7\u0130N KOLAY UYGULANAB\u0130L\u0130R T\u0130YATRO Y\u00d6NTEM\u0130 \u0130lk kez Ezberleme yok Sahne yok Uzun haz\u0131rl\u0131k yok D\u00fcz yaz\u0131 yok<\/p>\n","protected":false},"featured_media":23454,"comment_status":"closed","ping_status":"closed","template":"","meta":[],"product_brand":[],"product_cat":[61],"product_tag":[],"class_list":{"0":"post-23453","1":"product","2":"type-product","3":"status-publish","4":"has-post-thumbnail","6":"product_cat-tiyatro","8":"first","9":"instock","10":"sale","11":"shipping-taxable","12":"purchasable","13":"product-type-simple"},"_links":{"self":[{"href":"https:\/\/kutluyayinevi.com\/magaza\/wp-json\/wp\/v2\/product\/23453","targetHints":{"allow":["GET"]}}],"collection":[{"href":"https:\/\/kutluyayinevi.com\/magaza\/wp-json\/wp\/v2\/product"}],"about":[{"href":"https:\/\/kutluyayinevi.com\/magaza\/wp-json\/wp\/v2\/types\/product"}],"replies":[{"embeddable":true,"href":"https:\/\/kutluyayinevi.com\/magaza\/wp-json\/wp\/v2\/comments?post=23453"}],"wp:featuredmedia":[{"embeddable":true,"href":"https:\/\/kutluyayinevi.com\/magaza\/wp-json\/wp\/v2\/media\/23454"}],"wp:attachment":[{"href":"https:\/\/kutluyayinevi.com\/magaza\/wp-json\/wp\/v2\/media?parent=23453"}],"wp:term":[{"taxonomy":"product_brand","embeddable":true,"href":"https:\/\/kutluyayinevi.com\/magaza\/wp-json\/wp\/v2\/product_brand?post=23453"},{"taxonomy":"product_cat","embeddable":true,"href":"https:\/\/kutluyayinevi.com\/magaza\/wp-json\/wp\/v2\/product_cat?post=23453"},{"taxonomy":"product_tag","embeddable":true,"href":"https:\/\/kutluyayinevi.com\/magaza\/wp-json\/wp\/v2\/product_tag?post=23453"}],"curies":[{"name":"wp","href":"https:\/\/api.w.org\/{rel}","templated":true}]}}