{"id":23462,"date":"2024-12-04T11:39:45","date_gmt":"2024-12-04T08:39:45","guid":{"rendered":"https:\/\/kutluyayinevi.com\/magaza\/?post_type=product&#038;p=23462"},"modified":"2026-02-20T12:23:30","modified_gmt":"2026-02-20T09:23:30","slug":"kendini-iyilestir-gulnaz-calikoglu","status":"publish","type":"product","link":"https:\/\/kutluyayinevi.com\/magaza\/urun\/kendini-iyilestir-gulnaz-calikoglu\/","title":{"rendered":"Kendini \u0130yile\u015ftir &#8211; G\u00fclnaz \u00c7al\u0131ko\u011flu"},"content":{"rendered":"<p>Hayatta tesad\u00fcf yoktur, tevafuk vard\u0131r.<br \/>\nTevafuk Hakk\u2018\u0131n iradesiyle denk gelmektir.<br \/>\nVe bu denk geli\u015ften sonra her \u015fey de\u011fi\u015fir, &#8230;<br \/>\nKim bilir y\u0131llard\u0131r arad\u0131\u011f\u0131n belki de bu kitaptad\u0131r&#8230;<br \/>\niyili\u011fi, iyilikle bulursun&#8230;<\/p>\n","protected":false},"excerpt":{"rendered":"<p>Hayatta tesad\u00fcf yoktur, tevafuk vard\u0131r. Tevafuk Hakk\u2018\u0131n iradesiyle denk gelmektir. Ve bu denk geli\u015ften sonra her \u015fey de\u011fi\u015fir, &#8230; Kim bilir y\u0131llard\u0131r arad\u0131\u011f\u0131n belki de bu kitaptad\u0131r&#8230; iyili\u011fi, iyilikle bulursun&#8230;<\/p>\n","protected":false},"featured_media":23463,"comment_status":"closed","ping_status":"closed","template":"","meta":[],"product_brand":[],"product_cat":[32],"product_tag":[],"class_list":{"0":"post-23462","1":"product","2":"type-product","3":"status-publish","4":"has-post-thumbnail","6":"product_cat-kisisel-gelisim","8":"first","9":"instock","10":"sale","11":"shipping-taxable","12":"purchasable","13":"product-type-simple"},"_links":{"self":[{"href":"https:\/\/kutluyayinevi.com\/magaza\/wp-json\/wp\/v2\/product\/23462","targetHints":{"allow":["GET"]}}],"collection":[{"href":"https:\/\/kutluyayinevi.com\/magaza\/wp-json\/wp\/v2\/product"}],"about":[{"href":"https:\/\/kutluyayinevi.com\/magaza\/wp-json\/wp\/v2\/types\/product"}],"replies":[{"embeddable":true,"href":"https:\/\/kutluyayinevi.com\/magaza\/wp-json\/wp\/v2\/comments?post=23462"}],"wp:featuredmedia":[{"embeddable":true,"href":"https:\/\/kutluyayinevi.com\/magaza\/wp-json\/wp\/v2\/media\/23463"}],"wp:attachment":[{"href":"https:\/\/kutluyayinevi.com\/magaza\/wp-json\/wp\/v2\/media?parent=23462"}],"wp:term":[{"taxonomy":"product_brand","embeddable":true,"href":"https:\/\/kutluyayinevi.com\/magaza\/wp-json\/wp\/v2\/product_brand?post=23462"},{"taxonomy":"product_cat","embeddable":true,"href":"https:\/\/kutluyayinevi.com\/magaza\/wp-json\/wp\/v2\/product_cat?post=23462"},{"taxonomy":"product_tag","embeddable":true,"href":"https:\/\/kutluyayinevi.com\/magaza\/wp-json\/wp\/v2\/product_tag?post=23462"}],"curies":[{"name":"wp","href":"https:\/\/api.w.org\/{rel}","templated":true}]}}