{"id":23466,"date":"2024-12-04T11:44:29","date_gmt":"2024-12-04T08:44:29","guid":{"rendered":"https:\/\/kutluyayinevi.com\/magaza\/?post_type=product&#038;p=23466"},"modified":"2026-02-23T10:11:54","modified_gmt":"2026-02-23T07:11:54","slug":"siirler-anlatiyor-omer-dal","status":"publish","type":"product","link":"https:\/\/kutluyayinevi.com\/magaza\/urun\/siirler-anlatiyor-omer-dal\/","title":{"rendered":"\u015eiirler Anlat\u0131yor &#8211; \u00d6mer Dal"},"content":{"rendered":"<p>&#8220;Hayat \u00f6n\u00fcndekiler ve arkada b\u0131rakt\u0131klar\u0131nla devam eden bir labirenttir. Bazen \u00e7\u0131k\u0131\u015f yolu bulunmasa da, bir yolun umudu ile ya\u015far insan.&#8221;<\/p>\n","protected":false},"excerpt":{"rendered":"<p>&#8220;Hayat \u00f6n\u00fcndekiler ve arkada b\u0131rakt\u0131klar\u0131nla devam eden bir labirenttir. Bazen \u00e7\u0131k\u0131\u015f yolu bulunmasa da, bir yolun umudu ile ya\u015far insan.&#8221;<\/p>\n","protected":false},"featured_media":23467,"comment_status":"closed","ping_status":"closed","template":"","meta":[],"product_brand":[],"product_cat":[22],"product_tag":[],"class_list":{"0":"post-23466","1":"product","2":"type-product","3":"status-publish","4":"has-post-thumbnail","6":"product_cat-siir","8":"first","9":"instock","10":"sale","11":"shipping-taxable","12":"purchasable","13":"product-type-simple"},"_links":{"self":[{"href":"https:\/\/kutluyayinevi.com\/magaza\/wp-json\/wp\/v2\/product\/23466","targetHints":{"allow":["GET"]}}],"collection":[{"href":"https:\/\/kutluyayinevi.com\/magaza\/wp-json\/wp\/v2\/product"}],"about":[{"href":"https:\/\/kutluyayinevi.com\/magaza\/wp-json\/wp\/v2\/types\/product"}],"replies":[{"embeddable":true,"href":"https:\/\/kutluyayinevi.com\/magaza\/wp-json\/wp\/v2\/comments?post=23466"}],"wp:featuredmedia":[{"embeddable":true,"href":"https:\/\/kutluyayinevi.com\/magaza\/wp-json\/wp\/v2\/media\/23467"}],"wp:attachment":[{"href":"https:\/\/kutluyayinevi.com\/magaza\/wp-json\/wp\/v2\/media?parent=23466"}],"wp:term":[{"taxonomy":"product_brand","embeddable":true,"href":"https:\/\/kutluyayinevi.com\/magaza\/wp-json\/wp\/v2\/product_brand?post=23466"},{"taxonomy":"product_cat","embeddable":true,"href":"https:\/\/kutluyayinevi.com\/magaza\/wp-json\/wp\/v2\/product_cat?post=23466"},{"taxonomy":"product_tag","embeddable":true,"href":"https:\/\/kutluyayinevi.com\/magaza\/wp-json\/wp\/v2\/product_tag?post=23466"}],"curies":[{"name":"wp","href":"https:\/\/api.w.org\/{rel}","templated":true}]}}