{"id":23468,"date":"2024-12-04T11:46:58","date_gmt":"2024-12-04T08:46:58","guid":{"rendered":"https:\/\/kutluyayinevi.com\/magaza\/?post_type=product&#038;p=23468"},"modified":"2026-02-23T10:58:49","modified_gmt":"2026-02-23T07:58:49","slug":"uzayli-cinler-ve-otesi-efe-aktan","status":"publish","type":"product","link":"https:\/\/kutluyayinevi.com\/magaza\/urun\/uzayli-cinler-ve-otesi-efe-aktan\/","title":{"rendered":"Uzayl\u0131 Cinler ve \u00d6tesi &#8211; Efe Aktan"},"content":{"rendered":"<p>Bu kitap, Kur\u2019an ve d\u00fcnya d\u0131\u015f\u0131 ya\u015fam kavramlar\u0131n\u0131 derinlemesine inceleyerek, bu alandaki s\u0131r perdelerini aralamay\u0131 hedefliyor. Kur\u2019an\u2019\u0131n ruhuna uygun bir bak\u0131\u015f a\u00e7\u0131s\u0131yla, yarat\u0131l\u0131\u015f\u0131n bilinmeyen y\u00f6nlerini ve evrendeki olas\u0131 di\u011fer varl\u0131klarla ba\u011flant\u0131lar\u0131n\u0131 ele alarak, okuyucuya yepyeni bir d\u00fc\u015f\u00fcnce kap\u0131s\u0131 aral\u0131yor. Evrendeki sonsuz d\u00fczenin ard\u0131ndaki s\u0131rlar\u0131 ke\u015ffetmek ve yarat\u0131l\u0131\u015f\u0131n derinliklerine yolculuk yapmak isteyenler i\u00e7in bu kitap, bir rehber niteli\u011finde.<\/p>\n<p>Dabbe&#8217;den Mehdi&#8217;ye, Yedi Uyurlar&#8217;dan Yec\u00fcc ve Mec\u00fcc&#8217;e kadar bir\u00e7ok gizemli konu bu eserde titizlikle incelendi. Her biri, Kur\u2019an\u2019\u0131n e\u015fsiz \u0131\u015f\u0131\u011f\u0131 alt\u0131nda de\u011ferlendirildi ve farkl\u0131 bir perspektifle okuyucuya sunuldu. Bildi\u011fimiz kavramlara yeni anlamlar y\u00fckleyerek, zihinlerde uzun zamand\u0131r sakl\u0131 kalan sorulara cevap bulmay\u0131 ama\u00e7l\u0131yor. Her sayfas\u0131nda d\u00fc\u015f\u00fcnmeye ve ke\u015ffetmeye davet eden bu eser, bilinmeyenin pe\u015fine d\u00fc\u015fenler i\u00e7in bir yol arkada\u015f\u0131 olacak.<\/p>\n<p>Yarat\u0131c\u0131n\u0131n birli\u011fine ve evrensel d\u00fczenin muazzaml\u0131\u011f\u0131na dikkat \u00e7eken bu kitap, okuyucuya tan\u0131d\u0131k gelen kavramlar\u0131 farkl\u0131 boyutlar\u0131yla irdeleyerek yepyeni bir ufuk a\u00e7may\u0131 ama\u00e7l\u0131yor. Hem bu konulara a\u015fina olanlar i\u00e7in d\u00fc\u015f\u00fcnd\u00fcr\u00fcc\u00fc bir okuma, hem de yeni ke\u015fiflere a\u00e7\u0131k olanlar i\u00e7in merak uyand\u0131r\u0131c\u0131 bir ba\u015flang\u0131\u00e7 sunuyor. Her b\u00f6l\u00fcm\u00fcnde yeni sorular sorduran ve farkl\u0131 bak\u0131\u015f a\u00e7\u0131lar\u0131yla cevaplar arayan bu eser, sizi bilinmeyene do\u011fru bir yolculu\u011fa davet ediyor.<\/p>\n","protected":false},"excerpt":{"rendered":"<p>Bu kitap, Kur\u2019an ve d\u00fcnya d\u0131\u015f\u0131 ya\u015fam kavramlar\u0131n\u0131 derinlemesine inceleyerek, bu alandaki s\u0131r perdelerini aralamay\u0131 hedefliyor. Kur\u2019an\u2019\u0131n ruhuna uygun bir bak\u0131\u015f a\u00e7\u0131s\u0131yla, yarat\u0131l\u0131\u015f\u0131n bilinmeyen y\u00f6nlerini ve evrendeki olas\u0131 di\u011fer varl\u0131klarla ba\u011flant\u0131lar\u0131n\u0131 ele alarak, okuyucuya yepyeni bir d\u00fc\u015f\u00fcnce kap\u0131s\u0131 aral\u0131yor. Evrendeki sonsuz d\u00fczenin ard\u0131ndaki s\u0131rlar\u0131 ke\u015ffetmek ve yarat\u0131l\u0131\u015f\u0131n derinliklerine yolculuk yapmak isteyenler i\u00e7in bu kitap, bir [&hellip;]<\/p>\n","protected":false},"featured_media":23469,"comment_status":"closed","ping_status":"closed","template":"","meta":[],"product_brand":[],"product_cat":[28],"product_tag":[],"class_list":{"0":"post-23468","1":"product","2":"type-product","3":"status-publish","4":"has-post-thumbnail","6":"product_cat-aratirma-inceleme","8":"first","9":"instock","10":"sale","11":"shipping-taxable","12":"purchasable","13":"product-type-simple"},"_links":{"self":[{"href":"https:\/\/kutluyayinevi.com\/magaza\/wp-json\/wp\/v2\/product\/23468","targetHints":{"allow":["GET"]}}],"collection":[{"href":"https:\/\/kutluyayinevi.com\/magaza\/wp-json\/wp\/v2\/product"}],"about":[{"href":"https:\/\/kutluyayinevi.com\/magaza\/wp-json\/wp\/v2\/types\/product"}],"replies":[{"embeddable":true,"href":"https:\/\/kutluyayinevi.com\/magaza\/wp-json\/wp\/v2\/comments?post=23468"}],"wp:featuredmedia":[{"embeddable":true,"href":"https:\/\/kutluyayinevi.com\/magaza\/wp-json\/wp\/v2\/media\/23469"}],"wp:attachment":[{"href":"https:\/\/kutluyayinevi.com\/magaza\/wp-json\/wp\/v2\/media?parent=23468"}],"wp:term":[{"taxonomy":"product_brand","embeddable":true,"href":"https:\/\/kutluyayinevi.com\/magaza\/wp-json\/wp\/v2\/product_brand?post=23468"},{"taxonomy":"product_cat","embeddable":true,"href":"https:\/\/kutluyayinevi.com\/magaza\/wp-json\/wp\/v2\/product_cat?post=23468"},{"taxonomy":"product_tag","embeddable":true,"href":"https:\/\/kutluyayinevi.com\/magaza\/wp-json\/wp\/v2\/product_tag?post=23468"}],"curies":[{"name":"wp","href":"https:\/\/api.w.org\/{rel}","templated":true}]}}