{"id":23488,"date":"2024-12-13T15:00:09","date_gmt":"2024-12-13T12:00:09","guid":{"rendered":"https:\/\/kutluyayinevi.com\/magaza\/?post_type=product&#038;p=23488"},"modified":"2026-02-19T12:36:53","modified_gmt":"2026-02-19T09:36:53","slug":"adab-i-muaseret-nuray-kaya","status":"publish","type":"product","link":"https:\/\/kutluyayinevi.com\/magaza\/urun\/adab-i-muaseret-nuray-kaya\/","title":{"rendered":"Adab-\u0131 Mua\u015feret &#8211; Nuray Kaya"},"content":{"rendered":"<p>Hangi pencereden baksam da\u011f g\u00fczelli\u011fi kar\u015f\u0131mda!.. Tozu dumana katm\u0131\u015f \u015fu uzun yollar\u0131 ezberlemi\u015f gibiyim. \u0130\u00e7imde \u00e7a\u011flayan \u0131rma\u011f\u0131n g\u00fcr\u00fcl g\u00fcr\u00fcl sesleri kimliksiz d\u00fc\u015flerimin i\u00e7inde beynime sata\u015f\u0131r. Sarma\u015f\u0131k g\u00fcllerin renkleri anavatana susam\u0131\u015fl\u0131\u011f\u0131m ger\u00e7e\u011fi etraf\u0131m\u0131 sar\u0131m sar\u0131m sarmalamakta&#8230;Ta\u015f\u0131na, topra\u011f\u0131na binlerce anlam y\u00fckledi\u011fim karanl\u0131kta tepende \u015femsiye gibi dola\u015fan y\u0131ld\u0131zlar\u0131 imkan olsa tek tek \u00f6perdim. Geceye umut diye&#8230;. ayd\u0131nl\u0131k diye\u2026<\/p>\n<p>Kavak a\u011fa\u00e7lar\u0131 g\u00f6\u011fe uzan\u0131rken hayallerim kap\u0131dan misafir gibi haneme gelmektedir. O vakit \u00e7il \u00e7il y\u00fcz\u00fcmde g\u00fcl\u00fcmseme belirir. Muallak olmu\u015f c\u00fcmlelerim g\u00fcn y\u00fcz\u00fcne \u00e7\u0131k\u0131p m\u00fcrekkebim de hayat bulmaktad\u0131r diyen yazar\u0131m\u0131z\u0131n macera roman\u0131n\u0131 sizlere sunmaktan gurur duyar\u0131z.<\/p>\n","protected":false},"excerpt":{"rendered":"<p>Hangi pencereden baksam da\u011f g\u00fczelli\u011fi kar\u015f\u0131mda!.. Tozu dumana katm\u0131\u015f \u015fu uzun yollar\u0131 ezberlemi\u015f gibiyim. \u0130\u00e7imde \u00e7a\u011flayan \u0131rma\u011f\u0131n g\u00fcr\u00fcl g\u00fcr\u00fcl sesleri kimliksiz d\u00fc\u015flerimin i\u00e7inde beynime sata\u015f\u0131r. Sarma\u015f\u0131k g\u00fcllerin renkleri anavatana susam\u0131\u015fl\u0131\u011f\u0131m ger\u00e7e\u011fi etraf\u0131m\u0131 sar\u0131m sar\u0131m sarmalamakta&#8230;Ta\u015f\u0131na, topra\u011f\u0131na binlerce anlam y\u00fckledi\u011fim karanl\u0131kta tepende \u015femsiye gibi dola\u015fan y\u0131ld\u0131zlar\u0131 imkan olsa tek tek \u00f6perdim. Geceye umut diye&#8230;. ayd\u0131nl\u0131k diye\u2026 [&hellip;]<\/p>\n","protected":false},"featured_media":23489,"comment_status":"closed","ping_status":"closed","template":"","meta":[],"product_brand":[],"product_cat":[24],"product_tag":[],"class_list":{"0":"post-23488","1":"product","2":"type-product","3":"status-publish","4":"has-post-thumbnail","6":"product_cat-roman","8":"first","9":"instock","10":"sale","11":"shipping-taxable","12":"purchasable","13":"product-type-simple"},"_links":{"self":[{"href":"https:\/\/kutluyayinevi.com\/magaza\/wp-json\/wp\/v2\/product\/23488","targetHints":{"allow":["GET"]}}],"collection":[{"href":"https:\/\/kutluyayinevi.com\/magaza\/wp-json\/wp\/v2\/product"}],"about":[{"href":"https:\/\/kutluyayinevi.com\/magaza\/wp-json\/wp\/v2\/types\/product"}],"replies":[{"embeddable":true,"href":"https:\/\/kutluyayinevi.com\/magaza\/wp-json\/wp\/v2\/comments?post=23488"}],"wp:featuredmedia":[{"embeddable":true,"href":"https:\/\/kutluyayinevi.com\/magaza\/wp-json\/wp\/v2\/media\/23489"}],"wp:attachment":[{"href":"https:\/\/kutluyayinevi.com\/magaza\/wp-json\/wp\/v2\/media?parent=23488"}],"wp:term":[{"taxonomy":"product_brand","embeddable":true,"href":"https:\/\/kutluyayinevi.com\/magaza\/wp-json\/wp\/v2\/product_brand?post=23488"},{"taxonomy":"product_cat","embeddable":true,"href":"https:\/\/kutluyayinevi.com\/magaza\/wp-json\/wp\/v2\/product_cat?post=23488"},{"taxonomy":"product_tag","embeddable":true,"href":"https:\/\/kutluyayinevi.com\/magaza\/wp-json\/wp\/v2\/product_tag?post=23488"}],"curies":[{"name":"wp","href":"https:\/\/api.w.org\/{rel}","templated":true}]}}