{"id":23510,"date":"2024-12-23T18:27:39","date_gmt":"2024-12-23T15:27:39","guid":{"rendered":"https:\/\/kutluyayinevi.com\/magaza\/?post_type=product&#038;p=23510"},"modified":"2026-02-23T11:07:52","modified_gmt":"2026-02-23T08:07:52","slug":"yakaza-kagan-cankaya","status":"publish","type":"product","link":"https:\/\/kutluyayinevi.com\/magaza\/urun\/yakaza-kagan-cankaya\/","title":{"rendered":"Yakaza &#8211; Ka\u011fan \u00c7ankaya"},"content":{"rendered":"<p>Birileri g\u00f6nl\u00fcm\u00fcn g\u00f6zlerini izlesin,<br \/>\nBen ki sat\u0131rlar\u0131ma g\u00f6zlerimi gizledim.<br \/>\n\u0130\u00e7imin g\u00f6zya\u015f\u0131n\u0131 \u00e2f\u00e2ka da\u011f\u0131tt\u0131m,<br \/>\nKi birisi i\u00e7sin de alev als\u0131n diledim.<\/p>\n","protected":false},"excerpt":{"rendered":"<p>Birileri g\u00f6nl\u00fcm\u00fcn g\u00f6zlerini izlesin, Ben ki sat\u0131rlar\u0131ma g\u00f6zlerimi gizledim. \u0130\u00e7imin g\u00f6zya\u015f\u0131n\u0131 \u00e2f\u00e2ka da\u011f\u0131tt\u0131m, Ki birisi i\u00e7sin de alev als\u0131n diledim.<\/p>\n","protected":false},"featured_media":23511,"comment_status":"closed","ping_status":"closed","template":"","meta":[],"product_brand":[],"product_cat":[22],"product_tag":[],"class_list":{"0":"post-23510","1":"product","2":"type-product","3":"status-publish","4":"has-post-thumbnail","6":"product_cat-siir","8":"first","9":"instock","10":"sale","11":"shipping-taxable","12":"purchasable","13":"product-type-simple"},"_links":{"self":[{"href":"https:\/\/kutluyayinevi.com\/magaza\/wp-json\/wp\/v2\/product\/23510","targetHints":{"allow":["GET"]}}],"collection":[{"href":"https:\/\/kutluyayinevi.com\/magaza\/wp-json\/wp\/v2\/product"}],"about":[{"href":"https:\/\/kutluyayinevi.com\/magaza\/wp-json\/wp\/v2\/types\/product"}],"replies":[{"embeddable":true,"href":"https:\/\/kutluyayinevi.com\/magaza\/wp-json\/wp\/v2\/comments?post=23510"}],"wp:featuredmedia":[{"embeddable":true,"href":"https:\/\/kutluyayinevi.com\/magaza\/wp-json\/wp\/v2\/media\/23511"}],"wp:attachment":[{"href":"https:\/\/kutluyayinevi.com\/magaza\/wp-json\/wp\/v2\/media?parent=23510"}],"wp:term":[{"taxonomy":"product_brand","embeddable":true,"href":"https:\/\/kutluyayinevi.com\/magaza\/wp-json\/wp\/v2\/product_brand?post=23510"},{"taxonomy":"product_cat","embeddable":true,"href":"https:\/\/kutluyayinevi.com\/magaza\/wp-json\/wp\/v2\/product_cat?post=23510"},{"taxonomy":"product_tag","embeddable":true,"href":"https:\/\/kutluyayinevi.com\/magaza\/wp-json\/wp\/v2\/product_tag?post=23510"}],"curies":[{"name":"wp","href":"https:\/\/api.w.org\/{rel}","templated":true}]}}