{"id":23512,"date":"2024-12-23T18:31:22","date_gmt":"2024-12-23T15:31:22","guid":{"rendered":"https:\/\/kutluyayinevi.com\/magaza\/?post_type=product&#038;p=23512"},"modified":"2026-02-20T11:46:11","modified_gmt":"2026-02-20T08:46:11","slug":"ithafen-elifnur-dogan","status":"publish","type":"product","link":"https:\/\/kutluyayinevi.com\/magaza\/urun\/ithafen-elifnur-dogan\/","title":{"rendered":"\u0130thafen &#8211; Elifnur Do\u011fan"},"content":{"rendered":"<p>RUHLAR<\/p>\n<p>Merhaba g\u00fcne\u015f,<br \/>\nMerhaba, kelimelerin haf\u0131zamdan kaybolup gidece\u011fi g\u00fcn<br \/>\nBir selamla ba\u015flay\u0131p ke\u015fkelerle bo\u011fu\u015ftu\u011fumuz \u015fu zaman<br \/>\n\u00d6m\u00fcr diye d\u00f6rt harfe s\u0131\u011fd\u0131r\u0131p<br \/>\nG\u00f6z yumup a\u00e7\u0131nca ge\u00e7er dedi\u011fimiz o \u00e7eli\u015fki<br \/>\nNereye d\u00f6nsem ayn\u0131 sahne sanki<br \/>\nPlan\u0131n \u00fcst\u00fcnde plan\u0131n oldu\u011fu keskin b\u0131\u00e7akt\u0131 harbi<br \/>\nBilerek lades olmak bizim ki<br \/>\nB\u00fct\u00fcn benzetmeler oyun misali<br \/>\nOysa hayat oyun olmayacak kadar da sahi<br \/>\nRuhen ya\u015fa, bedenen \u00f6l!<br \/>\nAncak ruhlar baki.<\/p>\n","protected":false},"excerpt":{"rendered":"<p>RUHLAR Merhaba g\u00fcne\u015f, Merhaba, kelimelerin haf\u0131zamdan kaybolup gidece\u011fi g\u00fcn Bir selamla ba\u015flay\u0131p ke\u015fkelerle bo\u011fu\u015ftu\u011fumuz \u015fu zaman \u00d6m\u00fcr diye d\u00f6rt harfe s\u0131\u011fd\u0131r\u0131p G\u00f6z yumup a\u00e7\u0131nca ge\u00e7er dedi\u011fimiz o \u00e7eli\u015fki Nereye d\u00f6nsem ayn\u0131 sahne sanki Plan\u0131n \u00fcst\u00fcnde plan\u0131n oldu\u011fu keskin b\u0131\u00e7akt\u0131 harbi Bilerek lades olmak bizim ki B\u00fct\u00fcn benzetmeler oyun misali Oysa hayat oyun olmayacak kadar da [&hellip;]<\/p>\n","protected":false},"featured_media":23513,"comment_status":"closed","ping_status":"closed","template":"","meta":[],"product_brand":[],"product_cat":[22],"product_tag":[],"class_list":{"0":"post-23512","1":"product","2":"type-product","3":"status-publish","4":"has-post-thumbnail","6":"product_cat-siir","8":"first","9":"instock","10":"sale","11":"shipping-taxable","12":"purchasable","13":"product-type-simple"},"_links":{"self":[{"href":"https:\/\/kutluyayinevi.com\/magaza\/wp-json\/wp\/v2\/product\/23512","targetHints":{"allow":["GET"]}}],"collection":[{"href":"https:\/\/kutluyayinevi.com\/magaza\/wp-json\/wp\/v2\/product"}],"about":[{"href":"https:\/\/kutluyayinevi.com\/magaza\/wp-json\/wp\/v2\/types\/product"}],"replies":[{"embeddable":true,"href":"https:\/\/kutluyayinevi.com\/magaza\/wp-json\/wp\/v2\/comments?post=23512"}],"wp:featuredmedia":[{"embeddable":true,"href":"https:\/\/kutluyayinevi.com\/magaza\/wp-json\/wp\/v2\/media\/23513"}],"wp:attachment":[{"href":"https:\/\/kutluyayinevi.com\/magaza\/wp-json\/wp\/v2\/media?parent=23512"}],"wp:term":[{"taxonomy":"product_brand","embeddable":true,"href":"https:\/\/kutluyayinevi.com\/magaza\/wp-json\/wp\/v2\/product_brand?post=23512"},{"taxonomy":"product_cat","embeddable":true,"href":"https:\/\/kutluyayinevi.com\/magaza\/wp-json\/wp\/v2\/product_cat?post=23512"},{"taxonomy":"product_tag","embeddable":true,"href":"https:\/\/kutluyayinevi.com\/magaza\/wp-json\/wp\/v2\/product_tag?post=23512"}],"curies":[{"name":"wp","href":"https:\/\/api.w.org\/{rel}","templated":true}]}}