{"id":23518,"date":"2024-12-23T18:44:46","date_gmt":"2024-12-23T15:44:46","guid":{"rendered":"https:\/\/kutluyayinevi.com\/magaza\/?post_type=product&#038;p=23518"},"modified":"2026-02-23T11:23:52","modified_gmt":"2026-02-23T08:23:52","slug":"zamani-degil-firat-pala","status":"publish","type":"product","link":"https:\/\/kutluyayinevi.com\/magaza\/urun\/zamani-degil-firat-pala\/","title":{"rendered":"Zaman\u0131 De\u011fil &#8211; F\u0131rat Pala"},"content":{"rendered":"<p>Bu \u015fiir kitab\u0131n\u0131n \u015fairi F\u0131rat Pala, T\u00fcrkiye&#8217;nin G\u00fcneydo\u011fu Anadolu B\u00f6lgesi&#8217;nde yer alan ve tarihi zenginlikleriyle \u00fcnl\u00fc bir \u015fehri olan Diyarbak\u0131r&#8217;da do\u011fdu. Diyarbak\u0131r, tarihi ve k\u00fclt\u00fcrel yap\u0131s\u0131n\u0131n yan\u0131 s\u0131ra s\u0131cak kanl\u0131 insanlar\u0131, misafirperverli\u011fi ve \u00f6zg\u00fcn dokusuyla T\u00fcrkiye&#8217;nin \u00f6nemli \u015fehirlerinden biridir.<\/p>\n<p>Yazar\u0131n bu \u015fiir kitab\u0131, a\u015fk ve h\u00fcmanizm hakk\u0131nda 44 k\u0131sa ama d\u00fc\u015f\u00fcnd\u00fcr\u00fcc\u00fc \u015fiir i\u00e7eriyor. Okuyucuyu i\u00e7sel derinliklerine ta\u015f\u0131yan bu \u015fiir kitab\u0131nda, etkileyici bir dil kullan\u0131yor. Bir\u00e7ok duygu ve imgeyle harmanlanm\u0131\u015f bu \u00e7ok \u00e7arp\u0131c\u0131 \u015fiirler, \u015fairin ge\u00e7mi\u015finin ve ya\u015fad\u0131\u011f\u0131 kadim b\u00f6lgelerin yank\u0131lar\u0131n\u0131 aktar\u0131yor. Ne g\u00fczel \u015fiirler! \u00d6rne\u011fin, &#8220;Zaman\u0131 De\u011fil&#8221; \u015fiiri, zamanlama konusunda i\u00e7sel bir korku ve teredd\u00fct ifade ediyor. Yo\u011fun a\u015fk ve duygular kar\u015f\u0131s\u0131nda duygular\u0131 ifade etme zaman\u0131n\u0131n hen\u00fcz gelmedi\u011fini ima eden derin bir i\u00e7sel sorgulamaya sahiptir. Bu \u015fiir, okuyucuyu duygular hakk\u0131nda konu\u015fman\u0131n ve a\u015fk\u0131 ilan etmenin ne kadar zor olabilece\u011fi konusunda d\u00fc\u015f\u00fcnmeye te\u015fvik ediyor. \u00d6te yandan, &#8220;\u00c7are&#8221; adl\u0131 bu \u015fiir, aray\u0131\u015f ve kayb\u0131n ard\u0131ndan gelen kasvetli bir yolculu\u011fun izlerini ta\u015f\u0131yor. \u015eiirin ruhunda, kadim Anadolu&#8217;nun g\u00fc\u00e7l\u00fc k\u00fclt\u00fcrel ve co\u011frafi ba\u011flar\u0131yla birle\u015fmi\u015f bir kay\u0131p duygusu var. \u015eiir, Elaz\u0131\u011f&#8217;daki baba, Malatya&#8217;daki dede ve Diyarbak\u0131r&#8217;daki \u015feyh gibi otorite fig\u00fcrlerine y\u00f6neltilen sorular arac\u0131l\u0131\u011f\u0131yla yaln\u0131zl\u0131\u011f\u0131 ve \u00e7aresizli\u011fi ara\u015ft\u0131r\u0131yor. Dicle ve F\u0131rat nehirleri aras\u0131ndaki kapsaml\u0131 co\u011frafi aray\u0131\u015f, umudun giderek t\u00fckendi\u011fini temsil etse de bitmedi\u011fini dile getiriyor. Her ad\u0131mda kaybolan &#8220;Mektup&#8221;, \u00f6zlem ve kayb\u0131n yakalanmas\u0131 zor bir amblemi olarak ortaya \u00e7\u0131k\u0131yor.<\/p>\n<p>Duygular\u0131 d\u00fczg\u00fcn bir \u015fekilde ifade eden bu \u015fiir kitab\u0131, derin bir i\u00e7selli\u011fe yol a\u00e7arken ayn\u0131 zamanda a\u015fkta sorumluluk ve d\u00fcr\u00fcstl\u00fck hakk\u0131nda anlaml\u0131 bir mesaj iletiyor. A\u015fk\u0131n sadece bir duygudan daha fazlas\u0131 oldu\u011funu ve ciddi bir \u00f6zveri fedak\u00e2rl\u0131k i\u00e7erdi\u011fini vurguluyor. A\u015fk\u0131n insan ruhu \u00fczerindeki derin etkisini lirik bir dille anlatan ve ger\u00e7ek a\u015fk hakk\u0131nda g\u00fczel \u015fiirler i\u00e7eren bu kitab\u0131 be\u011fenece\u011finizi umuyorum!<\/p>\n<p>&#8220;Her \u015fiir bir s\u0131r ta\u015f\u0131r.&#8221;<\/p>\n","protected":false},"excerpt":{"rendered":"<p>Bu \u015fiir kitab\u0131n\u0131n \u015fairi F\u0131rat Pala, T\u00fcrkiye&#8217;nin G\u00fcneydo\u011fu Anadolu B\u00f6lgesi&#8217;nde yer alan ve tarihi zenginlikleriyle \u00fcnl\u00fc bir \u015fehri olan Diyarbak\u0131r&#8217;da do\u011fdu. Diyarbak\u0131r, tarihi ve k\u00fclt\u00fcrel yap\u0131s\u0131n\u0131n yan\u0131 s\u0131ra s\u0131cak kanl\u0131 insanlar\u0131, misafirperverli\u011fi ve \u00f6zg\u00fcn dokusuyla T\u00fcrkiye&#8217;nin \u00f6nemli \u015fehirlerinden biridir. Yazar\u0131n bu \u015fiir kitab\u0131, a\u015fk ve h\u00fcmanizm hakk\u0131nda 44 k\u0131sa ama d\u00fc\u015f\u00fcnd\u00fcr\u00fcc\u00fc \u015fiir i\u00e7eriyor. Okuyucuyu i\u00e7sel [&hellip;]<\/p>\n","protected":false},"featured_media":23519,"comment_status":"closed","ping_status":"closed","template":"","meta":[],"product_brand":[],"product_cat":[22],"product_tag":[],"class_list":{"0":"post-23518","1":"product","2":"type-product","3":"status-publish","4":"has-post-thumbnail","6":"product_cat-siir","8":"first","9":"instock","10":"sale","11":"shipping-taxable","12":"purchasable","13":"product-type-simple"},"_links":{"self":[{"href":"https:\/\/kutluyayinevi.com\/magaza\/wp-json\/wp\/v2\/product\/23518","targetHints":{"allow":["GET"]}}],"collection":[{"href":"https:\/\/kutluyayinevi.com\/magaza\/wp-json\/wp\/v2\/product"}],"about":[{"href":"https:\/\/kutluyayinevi.com\/magaza\/wp-json\/wp\/v2\/types\/product"}],"replies":[{"embeddable":true,"href":"https:\/\/kutluyayinevi.com\/magaza\/wp-json\/wp\/v2\/comments?post=23518"}],"wp:featuredmedia":[{"embeddable":true,"href":"https:\/\/kutluyayinevi.com\/magaza\/wp-json\/wp\/v2\/media\/23519"}],"wp:attachment":[{"href":"https:\/\/kutluyayinevi.com\/magaza\/wp-json\/wp\/v2\/media?parent=23518"}],"wp:term":[{"taxonomy":"product_brand","embeddable":true,"href":"https:\/\/kutluyayinevi.com\/magaza\/wp-json\/wp\/v2\/product_brand?post=23518"},{"taxonomy":"product_cat","embeddable":true,"href":"https:\/\/kutluyayinevi.com\/magaza\/wp-json\/wp\/v2\/product_cat?post=23518"},{"taxonomy":"product_tag","embeddable":true,"href":"https:\/\/kutluyayinevi.com\/magaza\/wp-json\/wp\/v2\/product_tag?post=23518"}],"curies":[{"name":"wp","href":"https:\/\/api.w.org\/{rel}","templated":true}]}}