{"id":23520,"date":"2024-12-23T18:47:10","date_gmt":"2024-12-23T15:47:10","guid":{"rendered":"https:\/\/kutluyayinevi.com\/magaza\/?post_type=product&#038;p=23520"},"modified":"2026-02-20T10:54:55","modified_gmt":"2026-02-20T07:54:55","slug":"hayvan-ordusu-yagmur-rabia-nar","status":"publish","type":"product","link":"https:\/\/kutluyayinevi.com\/magaza\/urun\/hayvan-ordusu-yagmur-rabia-nar\/","title":{"rendered":"Hayvan Ordusu &#8211; Ya\u011fmur  Rabia Nar"},"content":{"rendered":"<p>Ben Us\u2019um!<\/p>\n<p>Var olu\u015fumdan bu yana babam Kral \u015eal\u0131k beni  kendi lanetinden uzak tutmaya \u00e7al\u0131\u015ft\u0131.<\/p>\n<p>Od\u2019a ra\u011fmen&#8230;<\/p>\n<p>Hayvan Ordusu\u2019nun ihti\u015fam\u0131 Od\u2019u y\u00fcceltiyor, beni de bir o kadar g\u00f6r\u00fcnmez k\u0131l\u0131yordu.<\/p>\n<p>Benim Od\u2019dan fark\u0131m; hi\u00e7bir g\u00fcce sahip olmamama ra\u011fmen her \u015feye sahip olabilecek inanc\u0131m\u0131n olmas\u0131 ve \u00f6l\u00fcm\u00fc tatm\u0131\u015f olmam. \u00d6l\u00fcm\u00fc tadan birine kar\u015f\u0131 hi\u00e7bir ordu duramaz. Od\u2019un Hayvan Ordusu bile&#8230;<\/p>\n<p>T\u00fcm kilitli kap\u0131lara,  her t\u00fcrl\u00fc ac\u0131ya ald\u0131rmadan ben geliyorum.<\/p>\n","protected":false},"excerpt":{"rendered":"<p>Ben Us\u2019um! Var olu\u015fumdan bu yana babam Kral \u015eal\u0131k beni kendi lanetinden uzak tutmaya \u00e7al\u0131\u015ft\u0131. Od\u2019a ra\u011fmen&#8230; Hayvan Ordusu\u2019nun ihti\u015fam\u0131 Od\u2019u y\u00fcceltiyor, beni de bir o kadar g\u00f6r\u00fcnmez k\u0131l\u0131yordu. Benim Od\u2019dan fark\u0131m; hi\u00e7bir g\u00fcce sahip olmamama ra\u011fmen her \u015feye sahip olabilecek inanc\u0131m\u0131n olmas\u0131 ve \u00f6l\u00fcm\u00fc tatm\u0131\u015f olmam. \u00d6l\u00fcm\u00fc tadan birine kar\u015f\u0131 hi\u00e7bir ordu duramaz. Od\u2019un [&hellip;]<\/p>\n","protected":false},"featured_media":23521,"comment_status":"closed","ping_status":"closed","template":"","meta":[],"product_brand":[],"product_cat":[24],"product_tag":[],"class_list":{"0":"post-23520","1":"product","2":"type-product","3":"status-publish","4":"has-post-thumbnail","6":"product_cat-roman","8":"first","9":"instock","10":"sale","11":"shipping-taxable","12":"purchasable","13":"product-type-simple"},"_links":{"self":[{"href":"https:\/\/kutluyayinevi.com\/magaza\/wp-json\/wp\/v2\/product\/23520","targetHints":{"allow":["GET"]}}],"collection":[{"href":"https:\/\/kutluyayinevi.com\/magaza\/wp-json\/wp\/v2\/product"}],"about":[{"href":"https:\/\/kutluyayinevi.com\/magaza\/wp-json\/wp\/v2\/types\/product"}],"replies":[{"embeddable":true,"href":"https:\/\/kutluyayinevi.com\/magaza\/wp-json\/wp\/v2\/comments?post=23520"}],"wp:featuredmedia":[{"embeddable":true,"href":"https:\/\/kutluyayinevi.com\/magaza\/wp-json\/wp\/v2\/media\/23521"}],"wp:attachment":[{"href":"https:\/\/kutluyayinevi.com\/magaza\/wp-json\/wp\/v2\/media?parent=23520"}],"wp:term":[{"taxonomy":"product_brand","embeddable":true,"href":"https:\/\/kutluyayinevi.com\/magaza\/wp-json\/wp\/v2\/product_brand?post=23520"},{"taxonomy":"product_cat","embeddable":true,"href":"https:\/\/kutluyayinevi.com\/magaza\/wp-json\/wp\/v2\/product_cat?post=23520"},{"taxonomy":"product_tag","embeddable":true,"href":"https:\/\/kutluyayinevi.com\/magaza\/wp-json\/wp\/v2\/product_tag?post=23520"}],"curies":[{"name":"wp","href":"https:\/\/api.w.org\/{rel}","templated":true}]}}