{"id":23534,"date":"2025-01-02T12:34:58","date_gmt":"2025-01-02T09:34:58","guid":{"rendered":"https:\/\/kutluyayinevi.com\/magaza\/?post_type=product&#038;p=23534"},"modified":"2026-02-19T13:35:23","modified_gmt":"2026-02-19T10:35:23","slug":"bakma-fazil-sahin","status":"publish","type":"product","link":"https:\/\/kutluyayinevi.com\/magaza\/urun\/bakma-fazil-sahin\/","title":{"rendered":"Bakma &#8211; Faz\u0131l \u015eahin"},"content":{"rendered":"<p>&#8220;Korku nedir?&#8221; dedi, sesi k\u0131s\u0131k \u00e7\u0131km\u0131\u015ft\u0131.<\/p>\n<p>&#8220;Korku, g\u00f6r\u00fcnmeyendir,&#8221; dedi kendinden emin bir sesle.<\/p>\n<p>&#8220;G\u00f6r\u00fcnmeyen nedir?&#8221; Titrek sesi, y\u00fcz\u00fcndeki umutla kar\u0131\u015f\u0131k olu\u015fan ifadeye uymuyordu.<\/p>\n<p>&#8220;Sen gibi g\u00f6r\u00fcnen ama sen olmayand\u0131r; sadece aynadaki yans\u0131man ger\u00e7ektir; gerisi yan\u0131lg\u0131d\u0131r,&#8221; y\u00fcz\u00fcnde hafif bir tebess\u00fcm, g\u00f6zlerinde ikna edici bir bak\u0131\u015f belirmi\u015fti ama bu tebess\u00fcm \u00fcrk\u00fct\u00fcc\u00fcyd\u00fc; g\u00f6zlerdeki bak\u0131\u015f ise deliciydi.<\/p>\n<p>&#8220;Anl\u0131yorum, ne yapmal\u0131y\u0131m?&#8221;<\/p>\n","protected":false},"excerpt":{"rendered":"<p>&#8220;Korku nedir?&#8221; dedi, sesi k\u0131s\u0131k \u00e7\u0131km\u0131\u015ft\u0131. &#8220;Korku, g\u00f6r\u00fcnmeyendir,&#8221; dedi kendinden emin bir sesle. &#8220;G\u00f6r\u00fcnmeyen nedir?&#8221; Titrek sesi, y\u00fcz\u00fcndeki umutla kar\u0131\u015f\u0131k olu\u015fan ifadeye uymuyordu. &#8220;Sen gibi g\u00f6r\u00fcnen ama sen olmayand\u0131r; sadece aynadaki yans\u0131man ger\u00e7ektir; gerisi yan\u0131lg\u0131d\u0131r,&#8221; y\u00fcz\u00fcnde hafif bir tebess\u00fcm, g\u00f6zlerinde ikna edici bir bak\u0131\u015f belirmi\u015fti ama bu tebess\u00fcm \u00fcrk\u00fct\u00fcc\u00fcyd\u00fc; g\u00f6zlerdeki bak\u0131\u015f ise deliciydi. &#8220;Anl\u0131yorum, ne [&hellip;]<\/p>\n","protected":false},"featured_media":23535,"comment_status":"closed","ping_status":"closed","template":"","meta":[],"product_brand":[],"product_cat":[24],"product_tag":[],"class_list":{"0":"post-23534","1":"product","2":"type-product","3":"status-publish","4":"has-post-thumbnail","6":"product_cat-roman","8":"first","9":"instock","10":"sale","11":"shipping-taxable","12":"purchasable","13":"product-type-simple"},"_links":{"self":[{"href":"https:\/\/kutluyayinevi.com\/magaza\/wp-json\/wp\/v2\/product\/23534","targetHints":{"allow":["GET"]}}],"collection":[{"href":"https:\/\/kutluyayinevi.com\/magaza\/wp-json\/wp\/v2\/product"}],"about":[{"href":"https:\/\/kutluyayinevi.com\/magaza\/wp-json\/wp\/v2\/types\/product"}],"replies":[{"embeddable":true,"href":"https:\/\/kutluyayinevi.com\/magaza\/wp-json\/wp\/v2\/comments?post=23534"}],"wp:featuredmedia":[{"embeddable":true,"href":"https:\/\/kutluyayinevi.com\/magaza\/wp-json\/wp\/v2\/media\/23535"}],"wp:attachment":[{"href":"https:\/\/kutluyayinevi.com\/magaza\/wp-json\/wp\/v2\/media?parent=23534"}],"wp:term":[{"taxonomy":"product_brand","embeddable":true,"href":"https:\/\/kutluyayinevi.com\/magaza\/wp-json\/wp\/v2\/product_brand?post=23534"},{"taxonomy":"product_cat","embeddable":true,"href":"https:\/\/kutluyayinevi.com\/magaza\/wp-json\/wp\/v2\/product_cat?post=23534"},{"taxonomy":"product_tag","embeddable":true,"href":"https:\/\/kutluyayinevi.com\/magaza\/wp-json\/wp\/v2\/product_tag?post=23534"}],"curies":[{"name":"wp","href":"https:\/\/api.w.org\/{rel}","templated":true}]}}