{"id":23540,"date":"2025-01-02T12:57:15","date_gmt":"2025-01-02T09:57:15","guid":{"rendered":"https:\/\/kutluyayinevi.com\/magaza\/?post_type=product&#038;p=23540"},"modified":"2026-02-20T09:10:04","modified_gmt":"2026-02-20T06:10:04","slug":"emegin-hak-mucadelesi-bulent-unlu","status":"publish","type":"product","link":"https:\/\/kutluyayinevi.com\/magaza\/urun\/emegin-hak-mucadelesi-bulent-unlu\/","title":{"rendered":"Eme\u011fin Hak M\u00fccadelesi &#8211; B\u00fclent \u00dcnl\u00fc"},"content":{"rendered":"<p>Tarihsel s\u00fcre\u00e7, bize \u015funu \u00f6\u011fretmi\u015ftir. \u0130nsan\u0131n, do\u011fan\u0131n \u00f6ng\u00f6r\u00fclemeyen kuvvetleri kar\u015f\u0131s\u0131nda, hayatta kalmas\u0131n\u0131n yeg\u00e2ne yolu, birliktelik kurmas\u0131na ve emek g\u00fcc\u00fcn\u00fcn ortakla\u015fa kullan\u0131lmas\u0131na ba\u011fl\u0131d\u0131r.<br \/>\nBirden fazla insan\u0131n, bir arada i\u015f yapmas\u0131 sonucunda ise elde edilen \u00fcr\u00fcn\u00fcn kullan\u0131lmas\u0131 ve payla\u015f\u0131m\u0131n\u0131n nas\u0131l olmas\u0131 gerekti\u011fine y\u00f6nelik, birtak\u0131m sorunlar\u0131n ya\u015fanmas\u0131 ise ka\u00e7\u0131n\u0131lmazd\u0131r. Payla\u015f\u0131ma y\u00f6nelik, insani sorunlar\u0131 a\u015fmak i\u00e7in belirledi\u011fimiz ilkeler, b\u00fct\u00fcn insanlar\u0131n huzur ve mutlulu\u011funu i\u00e7ermelidir. Bu ilkeler, ya\u015fam\u0131 zorla\u015ft\u0131rarak, k\u00f6lelik kurumunu ortaya \u00e7\u0131karacak bir plan ve program olmamal\u0131d\u0131r.<br \/>\nHer insan, do\u011fu\u015ftan kazand\u0131\u011f\u0131 \u201c\u00f6zg\u00fcr ya\u015fama hakk\u0131n\u0131\u201d ve sonradan hayat\u0131n i\u00e7inde kazand\u0131\u011f\u0131 haklar\u0131n tamam\u0131n\u0131 kullanmal\u0131d\u0131r.<br \/>\nEmek harcayarak, \u00e7al\u0131\u015fan her insan, hi\u00e7 kimseye muhta\u00e7 olmayaca\u011f\u0131 bir gelire sahip olmal\u0131d\u0131r. Bu gelir, \u00e7al\u0131\u015fan\u0131n yapt\u0131\u011f\u0131 i\u015fin zorluk derecesine g\u00f6re belirlenmelidir.<br \/>\nHi\u00e7bir insan, yoksulluk s\u0131n\u0131r\u0131n\u0131n alt\u0131nda bir gelire mahk\u00fbm edilmemelidir.<br \/>\nEme\u011fi ile \u00e7al\u0131\u015fanlar, hukuk yolu kullan\u0131larak, a\u00e7l\u0131k s\u0131n\u0131r\u0131n\u0131n alt\u0131nda bir ya\u015fama mahk\u00fbm edilmemelidir.<br \/>\n\u201cPayla\u015f\u0131lmam\u0131\u015f maddi g\u00fcc\u00fcn\u201d, da\u011f\u0131t\u0131lmad\u0131\u011f\u0131, devletin veya birka\u00e7 bin ailenin zengin oldu\u011fu bir ya\u015famda huzur ve mutluluk olamaz. Zenginlik, eme\u011fi ile \u00e7al\u0131\u015fan halk\u0131n tamam\u0131na \u00f6zg\u00fclenmelidir. Toplumda, bu bak\u0131\u015f a\u00e7\u0131s\u0131 yank\u0131 bulmal\u0131d\u0131r\u2026<\/p>\n","protected":false},"excerpt":{"rendered":"<p>Tarihsel s\u00fcre\u00e7, bize \u015funu \u00f6\u011fretmi\u015ftir. \u0130nsan\u0131n, do\u011fan\u0131n \u00f6ng\u00f6r\u00fclemeyen kuvvetleri kar\u015f\u0131s\u0131nda, hayatta kalmas\u0131n\u0131n yeg\u00e2ne yolu, birliktelik kurmas\u0131na ve emek g\u00fcc\u00fcn\u00fcn ortakla\u015fa kullan\u0131lmas\u0131na ba\u011fl\u0131d\u0131r. Birden fazla insan\u0131n, bir arada i\u015f yapmas\u0131 sonucunda ise elde edilen \u00fcr\u00fcn\u00fcn kullan\u0131lmas\u0131 ve payla\u015f\u0131m\u0131n\u0131n nas\u0131l olmas\u0131 gerekti\u011fine y\u00f6nelik, birtak\u0131m sorunlar\u0131n ya\u015fanmas\u0131 ise ka\u00e7\u0131n\u0131lmazd\u0131r. Payla\u015f\u0131ma y\u00f6nelik, insani sorunlar\u0131 a\u015fmak i\u00e7in belirledi\u011fimiz ilkeler, b\u00fct\u00fcn [&hellip;]<\/p>\n","protected":false},"featured_media":23541,"comment_status":"closed","ping_status":"closed","template":"","meta":[],"product_brand":[],"product_cat":[28],"product_tag":[],"class_list":{"0":"post-23540","1":"product","2":"type-product","3":"status-publish","4":"has-post-thumbnail","6":"product_cat-aratirma-inceleme","8":"first","9":"instock","10":"sale","11":"shipping-taxable","12":"purchasable","13":"product-type-simple"},"_links":{"self":[{"href":"https:\/\/kutluyayinevi.com\/magaza\/wp-json\/wp\/v2\/product\/23540","targetHints":{"allow":["GET"]}}],"collection":[{"href":"https:\/\/kutluyayinevi.com\/magaza\/wp-json\/wp\/v2\/product"}],"about":[{"href":"https:\/\/kutluyayinevi.com\/magaza\/wp-json\/wp\/v2\/types\/product"}],"replies":[{"embeddable":true,"href":"https:\/\/kutluyayinevi.com\/magaza\/wp-json\/wp\/v2\/comments?post=23540"}],"wp:featuredmedia":[{"embeddable":true,"href":"https:\/\/kutluyayinevi.com\/magaza\/wp-json\/wp\/v2\/media\/23541"}],"wp:attachment":[{"href":"https:\/\/kutluyayinevi.com\/magaza\/wp-json\/wp\/v2\/media?parent=23540"}],"wp:term":[{"taxonomy":"product_brand","embeddable":true,"href":"https:\/\/kutluyayinevi.com\/magaza\/wp-json\/wp\/v2\/product_brand?post=23540"},{"taxonomy":"product_cat","embeddable":true,"href":"https:\/\/kutluyayinevi.com\/magaza\/wp-json\/wp\/v2\/product_cat?post=23540"},{"taxonomy":"product_tag","embeddable":true,"href":"https:\/\/kutluyayinevi.com\/magaza\/wp-json\/wp\/v2\/product_tag?post=23540"}],"curies":[{"name":"wp","href":"https:\/\/api.w.org\/{rel}","templated":true}]}}