{"id":23542,"date":"2025-01-02T12:58:53","date_gmt":"2025-01-02T09:58:53","guid":{"rendered":"https:\/\/kutluyayinevi.com\/magaza\/?post_type=product&#038;p=23542"},"modified":"2026-02-20T10:57:44","modified_gmt":"2026-02-20T07:57:44","slug":"huzur-veren-gelincikler-ibrahim-yildirim","status":"publish","type":"product","link":"https:\/\/kutluyayinevi.com\/magaza\/urun\/huzur-veren-gelincikler-ibrahim-yildirim\/","title":{"rendered":"Huzur Veren Gelincikler &#8211; \u0130brahim Y\u0131ld\u0131r\u0131m"},"content":{"rendered":"<p>&#8220;Yine ya\u011fmur \u00e7iseliyor, Yine ya\u011facak. Benim g\u00f6nl\u00fcm ah\u00fc-zarda, Yine olacak. Sense bana ac\u0131yarak Bir ah \u00e7ekecek, Benim g\u00f6nl\u00fcm ah\u00fc-zarda Yine olacak&#8221;.<\/p>\n","protected":false},"excerpt":{"rendered":"<p>&#8220;Yine ya\u011fmur \u00e7iseliyor, Yine ya\u011facak. Benim g\u00f6nl\u00fcm ah\u00fc-zarda, Yine olacak. Sense bana ac\u0131yarak Bir ah \u00e7ekecek, Benim g\u00f6nl\u00fcm ah\u00fc-zarda Yine olacak&#8221;.<\/p>\n","protected":false},"featured_media":23543,"comment_status":"closed","ping_status":"closed","template":"","meta":[],"product_brand":[],"product_cat":[22],"product_tag":[],"class_list":{"0":"post-23542","1":"product","2":"type-product","3":"status-publish","4":"has-post-thumbnail","6":"product_cat-siir","8":"first","9":"instock","10":"sale","11":"shipping-taxable","12":"purchasable","13":"product-type-simple"},"_links":{"self":[{"href":"https:\/\/kutluyayinevi.com\/magaza\/wp-json\/wp\/v2\/product\/23542","targetHints":{"allow":["GET"]}}],"collection":[{"href":"https:\/\/kutluyayinevi.com\/magaza\/wp-json\/wp\/v2\/product"}],"about":[{"href":"https:\/\/kutluyayinevi.com\/magaza\/wp-json\/wp\/v2\/types\/product"}],"replies":[{"embeddable":true,"href":"https:\/\/kutluyayinevi.com\/magaza\/wp-json\/wp\/v2\/comments?post=23542"}],"wp:featuredmedia":[{"embeddable":true,"href":"https:\/\/kutluyayinevi.com\/magaza\/wp-json\/wp\/v2\/media\/23543"}],"wp:attachment":[{"href":"https:\/\/kutluyayinevi.com\/magaza\/wp-json\/wp\/v2\/media?parent=23542"}],"wp:term":[{"taxonomy":"product_brand","embeddable":true,"href":"https:\/\/kutluyayinevi.com\/magaza\/wp-json\/wp\/v2\/product_brand?post=23542"},{"taxonomy":"product_cat","embeddable":true,"href":"https:\/\/kutluyayinevi.com\/magaza\/wp-json\/wp\/v2\/product_cat?post=23542"},{"taxonomy":"product_tag","embeddable":true,"href":"https:\/\/kutluyayinevi.com\/magaza\/wp-json\/wp\/v2\/product_tag?post=23542"}],"curies":[{"name":"wp","href":"https:\/\/api.w.org\/{rel}","templated":true}]}}