{"id":23544,"date":"2025-01-02T13:03:10","date_gmt":"2025-01-02T10:03:10","guid":{"rendered":"https:\/\/kutluyayinevi.com\/magaza\/?post_type=product&#038;p=23544"},"modified":"2026-02-20T15:38:50","modified_gmt":"2026-02-20T12:38:50","slug":"mona-ve-kazdagi-cadisi-gulsen-ozlem-sahin","status":"publish","type":"product","link":"https:\/\/kutluyayinevi.com\/magaza\/urun\/mona-ve-kazdagi-cadisi-gulsen-ozlem-sahin\/","title":{"rendered":"Mona ve Kazda\u011f\u0131 Cad\u0131s\u0131 &#8211; G\u00fcl\u015fen \u00d6zlem \u015eahin"},"content":{"rendered":"<p>\u2018\u2019Asl\u0131nda okumay\u0131 pek sevmem ama&#8230;\u2019\u2019 dedikten sonra isteksizce, kitaplar\u0131n aras\u0131nda g\u00f6zlerini gezdirdi. Orta \u00e7a\u011fda Cad\u0131 Av\u0131 isimli bir kitap dikkatini \u00e7ekti ama ard\u0131ndan rastgele ba\u015fka bir kitab\u0131 \u00e7ekip \u00e7\u0131karak sayfalar\u0131 geli\u015fi g\u00fczel \u00e7evirmeye ba\u015flad\u0131 ve g\u00f6rd\u00fc\u011f\u00fc bir c\u00fcmleyi okudu; \u2018\u2019Mucizeler, b\u00fct\u00fcn \u00e7arelerini bitirmi\u015f olanlar\u0131n ba\u015f\u0131na gelir.\u2019\u2019<\/p>\n<p>G\u00f6z\u00fc rafta duran d\u00fcnya maketine \u00e7arp\u0131nca bir \u00e7\u0131\u011fl\u0131k at\u0131p; \u2018\u2019D\u00fcnyaaa!\u2019\u2019 diyerek makete y\u00f6neldi ve elinde d\u00f6nd\u00fcrmeye ba\u015flad\u0131; \u2018\u2019\u0130\u015fte annem burda!\u2019\u2019 diyerek parma\u011f\u0131yla Hint okyanusunu g\u00f6sterdi.<\/p>\n","protected":false},"excerpt":{"rendered":"<p>\u2018\u2019Asl\u0131nda okumay\u0131 pek sevmem ama&#8230;\u2019\u2019 dedikten sonra isteksizce, kitaplar\u0131n aras\u0131nda g\u00f6zlerini gezdirdi. Orta \u00e7a\u011fda Cad\u0131 Av\u0131 isimli bir kitap dikkatini \u00e7ekti ama ard\u0131ndan rastgele ba\u015fka bir kitab\u0131 \u00e7ekip \u00e7\u0131karak sayfalar\u0131 geli\u015fi g\u00fczel \u00e7evirmeye ba\u015flad\u0131 ve g\u00f6rd\u00fc\u011f\u00fc bir c\u00fcmleyi okudu; \u2018\u2019Mucizeler, b\u00fct\u00fcn \u00e7arelerini bitirmi\u015f olanlar\u0131n ba\u015f\u0131na gelir.\u2019\u2019 G\u00f6z\u00fc rafta duran d\u00fcnya maketine \u00e7arp\u0131nca bir \u00e7\u0131\u011fl\u0131k at\u0131p; [&hellip;]<\/p>\n","protected":false},"featured_media":23545,"comment_status":"closed","ping_status":"closed","template":"","meta":[],"product_brand":[],"product_cat":[23],"product_tag":[],"class_list":{"0":"post-23544","1":"product","2":"type-product","3":"status-publish","4":"has-post-thumbnail","6":"product_cat-hikaye","8":"first","9":"instock","10":"sale","11":"shipping-taxable","12":"purchasable","13":"product-type-simple"},"_links":{"self":[{"href":"https:\/\/kutluyayinevi.com\/magaza\/wp-json\/wp\/v2\/product\/23544","targetHints":{"allow":["GET"]}}],"collection":[{"href":"https:\/\/kutluyayinevi.com\/magaza\/wp-json\/wp\/v2\/product"}],"about":[{"href":"https:\/\/kutluyayinevi.com\/magaza\/wp-json\/wp\/v2\/types\/product"}],"replies":[{"embeddable":true,"href":"https:\/\/kutluyayinevi.com\/magaza\/wp-json\/wp\/v2\/comments?post=23544"}],"wp:featuredmedia":[{"embeddable":true,"href":"https:\/\/kutluyayinevi.com\/magaza\/wp-json\/wp\/v2\/media\/23545"}],"wp:attachment":[{"href":"https:\/\/kutluyayinevi.com\/magaza\/wp-json\/wp\/v2\/media?parent=23544"}],"wp:term":[{"taxonomy":"product_brand","embeddable":true,"href":"https:\/\/kutluyayinevi.com\/magaza\/wp-json\/wp\/v2\/product_brand?post=23544"},{"taxonomy":"product_cat","embeddable":true,"href":"https:\/\/kutluyayinevi.com\/magaza\/wp-json\/wp\/v2\/product_cat?post=23544"},{"taxonomy":"product_tag","embeddable":true,"href":"https:\/\/kutluyayinevi.com\/magaza\/wp-json\/wp\/v2\/product_tag?post=23544"}],"curies":[{"name":"wp","href":"https:\/\/api.w.org\/{rel}","templated":true}]}}