{"id":23546,"date":"2025-01-02T13:05:27","date_gmt":"2025-01-02T10:05:27","guid":{"rendered":"https:\/\/kutluyayinevi.com\/magaza\/?post_type=product&#038;p=23546"},"modified":"2026-02-23T11:01:17","modified_gmt":"2026-02-23T08:01:17","slug":"varlik-ikilemi-umut-colak","status":"publish","type":"product","link":"https:\/\/kutluyayinevi.com\/magaza\/urun\/varlik-ikilemi-umut-colak\/","title":{"rendered":"Varl\u0131k \u0130kilemi &#8211; Umut \u00c7olak"},"content":{"rendered":"<p>&#8220;Bizler, insan adl\u0131 varl\u0131klar; d\u00fc\u015f\u00fcnen varl\u0131klar\u0131z. Bu, bizi ger\u00e7eklik bak\u0131m\u0131ndan daha \u00fcstte k\u0131lmaktad\u0131r. Ancak bizim d\u00fc\u015f\u00fcncemiz ve hi\u00e7bir de\u011fere tekam\u00fcl etmeyen k\u0131ymetli ya\u015fant\u0131m\u0131z, yapt\u0131\u011f\u0131m\u0131z rollerle yok olmaktad\u0131r. Var olan zincirin d\u0131\u015f\u0131nda kalmamak i\u00e7in yapt\u0131\u011f\u0131m\u0131z sahte se\u00e7imler, sahte samimiyetler bizleri ger\u00e7ekten bo\u015f \u015feylere itiyor. B\u0131rak\u0131n felsefe ve bilimi daha kendimizi bile tan\u0131mam\u0131za izin vermiyorlar. Herkese sunulan ayn\u0131 i\u00e7erik, ayn\u0131 ya\u015fam bizleri ayn\u0131 k\u0131l\u0131yor. Hi\u00e7bir i\u015f yapmay\u0131p kafelere oturmay\u0131 mutluluk sanan gruplar olu\u015fturuyor. Oysa mutluluk dedi\u011fimiz hayat\u0131n anlam\u0131n\u0131 ger\u00e7ekler i\u00e7in kullanam\u0131yoruz. \u0130\u015fte, sorgulama ve d\u00fc\u015f\u00fcnme gibi y\u00fcce i\u015flerle bu yanl\u0131\u015flar\u0131 bitirebiliriz. Bizim amac\u0131m\u0131z da budur.&#8221;<\/p>\n","protected":false},"excerpt":{"rendered":"<p>&#8220;Bizler, insan adl\u0131 varl\u0131klar; d\u00fc\u015f\u00fcnen varl\u0131klar\u0131z. Bu, bizi ger\u00e7eklik bak\u0131m\u0131ndan daha \u00fcstte k\u0131lmaktad\u0131r. Ancak bizim d\u00fc\u015f\u00fcncemiz ve hi\u00e7bir de\u011fere tekam\u00fcl etmeyen k\u0131ymetli ya\u015fant\u0131m\u0131z, yapt\u0131\u011f\u0131m\u0131z rollerle yok olmaktad\u0131r. Var olan zincirin d\u0131\u015f\u0131nda kalmamak i\u00e7in yapt\u0131\u011f\u0131m\u0131z sahte se\u00e7imler, sahte samimiyetler bizleri ger\u00e7ekten bo\u015f \u015feylere itiyor. B\u0131rak\u0131n felsefe ve bilimi daha kendimizi bile tan\u0131mam\u0131za izin vermiyorlar. Herkese sunulan [&hellip;]<\/p>\n","protected":false},"featured_media":23547,"comment_status":"closed","ping_status":"closed","template":"","meta":[],"product_brand":[],"product_cat":[26],"product_tag":[],"class_list":{"0":"post-23546","1":"product","2":"type-product","3":"status-publish","4":"has-post-thumbnail","6":"product_cat-deneme","8":"first","9":"instock","10":"sale","11":"shipping-taxable","12":"purchasable","13":"product-type-simple"},"_links":{"self":[{"href":"https:\/\/kutluyayinevi.com\/magaza\/wp-json\/wp\/v2\/product\/23546","targetHints":{"allow":["GET"]}}],"collection":[{"href":"https:\/\/kutluyayinevi.com\/magaza\/wp-json\/wp\/v2\/product"}],"about":[{"href":"https:\/\/kutluyayinevi.com\/magaza\/wp-json\/wp\/v2\/types\/product"}],"replies":[{"embeddable":true,"href":"https:\/\/kutluyayinevi.com\/magaza\/wp-json\/wp\/v2\/comments?post=23546"}],"wp:featuredmedia":[{"embeddable":true,"href":"https:\/\/kutluyayinevi.com\/magaza\/wp-json\/wp\/v2\/media\/23547"}],"wp:attachment":[{"href":"https:\/\/kutluyayinevi.com\/magaza\/wp-json\/wp\/v2\/media?parent=23546"}],"wp:term":[{"taxonomy":"product_brand","embeddable":true,"href":"https:\/\/kutluyayinevi.com\/magaza\/wp-json\/wp\/v2\/product_brand?post=23546"},{"taxonomy":"product_cat","embeddable":true,"href":"https:\/\/kutluyayinevi.com\/magaza\/wp-json\/wp\/v2\/product_cat?post=23546"},{"taxonomy":"product_tag","embeddable":true,"href":"https:\/\/kutluyayinevi.com\/magaza\/wp-json\/wp\/v2\/product_tag?post=23546"}],"curies":[{"name":"wp","href":"https:\/\/api.w.org\/{rel}","templated":true}]}}