{"id":23553,"date":"2025-01-10T14:56:14","date_gmt":"2025-01-10T11:56:14","guid":{"rendered":"https:\/\/kutluyayinevi.com\/magaza\/?post_type=product&#038;p=23553"},"modified":"2026-02-20T09:57:28","modified_gmt":"2026-02-20T06:57:28","slug":"gokler-kirmizilar-ve-yesil-icin-sahib-camal","status":"publish","type":"product","link":"https:\/\/kutluyayinevi.com\/magaza\/urun\/gokler-kirmizilar-ve-yesil-icin-sahib-camal\/","title":{"rendered":"G\u00f6kler, K\u0131rm\u0131z\u0131lar ve Ye\u015fil \u0130\u00e7in &#8211; Sahib Camal"},"content":{"rendered":"<p>Giydin mi \u00fcst\u00fcne postu,<br \/>\n\u00dczerinden r\u00fczgar esti.<br \/>\nYolum, bir g\u00fcn e\u015fi, dostu,<br \/>\nY\u0131\u011facaks\u0131n, anlar\u0131m ben.<\/p>\n<p>Yukar\u0131dan, a\u015fa\u011f\u0131dan,<br \/>\nVatan, sana a\u015f\u0131\u011f\u0131nla<br \/>\nKaranl\u0131\u011f\u0131 \u0131\u015f\u0131\u011f\u0131nla,<br \/>\nBo\u011facaks\u0131n, anlar\u0131m ben.<\/p>\n<p>Dola\u015f\u0131rs\u0131n yak\u0131nlarda,<br \/>\nKald\u0131\u011f\u0131m\u0131 g\u00f6r\u00fcp darda.<br \/>\nEy g\u00fcne\u015fim, yar\u0131nlarda,<br \/>\nDo\u011facaks\u0131n, anlar\u0131m ben<\/p>\n","protected":false},"excerpt":{"rendered":"<p>Giydin mi \u00fcst\u00fcne postu, \u00dczerinden r\u00fczgar esti. Yolum, bir g\u00fcn e\u015fi, dostu, Y\u0131\u011facaks\u0131n, anlar\u0131m ben. Yukar\u0131dan, a\u015fa\u011f\u0131dan, Vatan, sana a\u015f\u0131\u011f\u0131nla Karanl\u0131\u011f\u0131 \u0131\u015f\u0131\u011f\u0131nla, Bo\u011facaks\u0131n, anlar\u0131m ben. Dola\u015f\u0131rs\u0131n yak\u0131nlarda, Kald\u0131\u011f\u0131m\u0131 g\u00f6r\u00fcp darda. Ey g\u00fcne\u015fim, yar\u0131nlarda, Do\u011facaks\u0131n, anlar\u0131m ben<\/p>\n","protected":false},"featured_media":23554,"comment_status":"closed","ping_status":"closed","template":"","meta":[],"product_brand":[],"product_cat":[22],"product_tag":[],"class_list":{"0":"post-23553","1":"product","2":"type-product","3":"status-publish","4":"has-post-thumbnail","6":"product_cat-siir","8":"first","9":"instock","10":"sale","11":"shipping-taxable","12":"purchasable","13":"product-type-simple"},"_links":{"self":[{"href":"https:\/\/kutluyayinevi.com\/magaza\/wp-json\/wp\/v2\/product\/23553","targetHints":{"allow":["GET"]}}],"collection":[{"href":"https:\/\/kutluyayinevi.com\/magaza\/wp-json\/wp\/v2\/product"}],"about":[{"href":"https:\/\/kutluyayinevi.com\/magaza\/wp-json\/wp\/v2\/types\/product"}],"replies":[{"embeddable":true,"href":"https:\/\/kutluyayinevi.com\/magaza\/wp-json\/wp\/v2\/comments?post=23553"}],"wp:featuredmedia":[{"embeddable":true,"href":"https:\/\/kutluyayinevi.com\/magaza\/wp-json\/wp\/v2\/media\/23554"}],"wp:attachment":[{"href":"https:\/\/kutluyayinevi.com\/magaza\/wp-json\/wp\/v2\/media?parent=23553"}],"wp:term":[{"taxonomy":"product_brand","embeddable":true,"href":"https:\/\/kutluyayinevi.com\/magaza\/wp-json\/wp\/v2\/product_brand?post=23553"},{"taxonomy":"product_cat","embeddable":true,"href":"https:\/\/kutluyayinevi.com\/magaza\/wp-json\/wp\/v2\/product_cat?post=23553"},{"taxonomy":"product_tag","embeddable":true,"href":"https:\/\/kutluyayinevi.com\/magaza\/wp-json\/wp\/v2\/product_tag?post=23553"}],"curies":[{"name":"wp","href":"https:\/\/api.w.org\/{rel}","templated":true}]}}