{"id":23557,"date":"2025-01-10T15:02:42","date_gmt":"2025-01-10T12:02:42","guid":{"rendered":"https:\/\/kutluyayinevi.com\/magaza\/?post_type=product&#038;p=23557"},"modified":"2026-02-20T17:11:44","modified_gmt":"2026-02-20T14:11:44","slug":"ruhumun-derinliginde-levend-okumus","status":"publish","type":"product","link":"https:\/\/kutluyayinevi.com\/magaza\/urun\/ruhumun-derinliginde-levend-okumus\/","title":{"rendered":"Ruhumun Derinli\u011finde &#8211; Levend Okumu\u015f"},"content":{"rendered":"<p>Merhaba k\u0131ymetli dostum, ho\u015f geldin. Kitab\u0131m, zaman i\u00e7erisinde de\u011fi\u015fen duygular\u0131m\u0131n yo\u011funlu\u011funu ve ya\u015fanm\u0131\u015fl\u0131klar\u0131m\u0131 anlatan a\u015fk, sevgi, sorgulama ve aray\u0131\u015f s\u00f6ylemleriyle ka\u011f\u0131da d\u00f6k\u00fclen \u015fiirlerimden olu\u015fmakta. Senin de ayn\u0131 duygular\u0131 ta\u015f\u0131d\u0131\u011f\u0131na eminim ki buradas\u0131n ve seninle payla\u015fabilece\u011fim i\u00e7in \u00e7ok mutluyum.<\/p>\n<p>G\u00f6r\u00fcp bildi\u011fimiz, fark\u0131na varamad\u0131\u011f\u0131m\u0131z ya da kelimelere d\u00f6kmeye \u00e7ekindi\u011fimiz hislerimizi bu kitab\u0131mda yer verme imkan\u0131 buldu\u011fum i\u00e7in ayr\u0131ca mutluyum. D\u00fc\u015f\u00fcncelere dal\u0131p her bo\u015flu\u011fa d\u00fc\u015ft\u00fc\u011f\u00fcnde \u00fcz\u00fcnt\u00fcn\u00fc, sevgini ve kederini dile d\u00f6kemedi\u011fin, yaln\u0131z hissetti\u011fin her an\u0131nda umar\u0131m kitab\u0131m duygular\u0131n\u0131n yolculu\u011funa e\u015flik edecektir. Ve yine umuyorum ki duygular\u0131n sadece kendinle dertle\u015febilece\u011fin bir ortam yaratmanda sana ilham verecektir. Bu \u015fiir kitab\u0131m\u0131n, hepimizin ac\u0131 tatl\u0131 ya\u015fam\u0131na bir nebze de olsa derin bir nefes ald\u0131racak olmas\u0131n\u0131 ve hepimizin ayn\u0131 duyguda bulu\u015fmas\u0131n\u0131 sa\u011flayacak bir rehber olmas\u0131n\u0131 t\u00fcm kalbimle arzu ediyorum. Kalplerimizin ger\u00e7ek d\u00fcnyadan bir an kopup, spirit\u00fcel boyutta sevgi ile kar\u015f\u0131la\u015fmas\u0131 dile\u011fiyle. Sevgilerimle.<\/p>\n<p>Annem ve Babam\u2019a<\/p>\n","protected":false},"excerpt":{"rendered":"<p>Merhaba k\u0131ymetli dostum, ho\u015f geldin. Kitab\u0131m, zaman i\u00e7erisinde de\u011fi\u015fen duygular\u0131m\u0131n yo\u011funlu\u011funu ve ya\u015fanm\u0131\u015fl\u0131klar\u0131m\u0131 anlatan a\u015fk, sevgi, sorgulama ve aray\u0131\u015f s\u00f6ylemleriyle ka\u011f\u0131da d\u00f6k\u00fclen \u015fiirlerimden olu\u015fmakta. Senin de ayn\u0131 duygular\u0131 ta\u015f\u0131d\u0131\u011f\u0131na eminim ki buradas\u0131n ve seninle payla\u015fabilece\u011fim i\u00e7in \u00e7ok mutluyum. G\u00f6r\u00fcp bildi\u011fimiz, fark\u0131na varamad\u0131\u011f\u0131m\u0131z ya da kelimelere d\u00f6kmeye \u00e7ekindi\u011fimiz hislerimizi bu kitab\u0131mda yer verme imkan\u0131 buldu\u011fum i\u00e7in [&hellip;]<\/p>\n","protected":false},"featured_media":23558,"comment_status":"closed","ping_status":"closed","template":"","meta":[],"product_brand":[],"product_cat":[22],"product_tag":[],"class_list":{"0":"post-23557","1":"product","2":"type-product","3":"status-publish","4":"has-post-thumbnail","6":"product_cat-siir","8":"first","9":"instock","10":"sale","11":"shipping-taxable","12":"purchasable","13":"product-type-simple"},"_links":{"self":[{"href":"https:\/\/kutluyayinevi.com\/magaza\/wp-json\/wp\/v2\/product\/23557","targetHints":{"allow":["GET"]}}],"collection":[{"href":"https:\/\/kutluyayinevi.com\/magaza\/wp-json\/wp\/v2\/product"}],"about":[{"href":"https:\/\/kutluyayinevi.com\/magaza\/wp-json\/wp\/v2\/types\/product"}],"replies":[{"embeddable":true,"href":"https:\/\/kutluyayinevi.com\/magaza\/wp-json\/wp\/v2\/comments?post=23557"}],"wp:featuredmedia":[{"embeddable":true,"href":"https:\/\/kutluyayinevi.com\/magaza\/wp-json\/wp\/v2\/media\/23558"}],"wp:attachment":[{"href":"https:\/\/kutluyayinevi.com\/magaza\/wp-json\/wp\/v2\/media?parent=23557"}],"wp:term":[{"taxonomy":"product_brand","embeddable":true,"href":"https:\/\/kutluyayinevi.com\/magaza\/wp-json\/wp\/v2\/product_brand?post=23557"},{"taxonomy":"product_cat","embeddable":true,"href":"https:\/\/kutluyayinevi.com\/magaza\/wp-json\/wp\/v2\/product_cat?post=23557"},{"taxonomy":"product_tag","embeddable":true,"href":"https:\/\/kutluyayinevi.com\/magaza\/wp-json\/wp\/v2\/product_tag?post=23557"}],"curies":[{"name":"wp","href":"https:\/\/api.w.org\/{rel}","templated":true}]}}