{"id":23559,"date":"2025-01-10T15:06:20","date_gmt":"2025-01-10T12:06:20","guid":{"rendered":"https:\/\/kutluyayinevi.com\/magaza\/?post_type=product&#038;p=23559"},"modified":"2026-02-19T12:42:01","modified_gmt":"2026-02-19T09:42:01","slug":"aklimdaki-siir-safak-susam","status":"publish","type":"product","link":"https:\/\/kutluyayinevi.com\/magaza\/urun\/aklimdaki-siir-safak-susam\/","title":{"rendered":"Akl\u0131mdaki \u015eiir &#8211; \u015eafak Susam"},"content":{"rendered":"<p>Susarak anlat\u0131lmaz m\u0131 ac\u0131lar?<br \/>\nYazmakta susman\u0131n bir par\u00e7as\u0131 de\u011fil mi asl\u0131nda?<br \/>\n\u015eiirler yazmak, \u015fark\u0131lar yazmak,<br \/>\nKitap yazmak mesela&#8230;<br \/>\nAsl\u0131nda yazmak kadar yaz\u0131lmakta \u00f6nemlidir.<br \/>\nNereye, neden yaz\u0131ld\u0131\u011f\u0131n\u0131 bileceksin mesela.<br \/>\nBir \u015fiir kadar, g\u00fczel olacak bak\u0131\u015flar\u0131n.<br \/>\n\u00d6yle derin \u00f6yle manal\u0131.<br \/>\nMesela, bir \u015fiirde ge\u00e7ecek ad\u0131n.<br \/>\nBir \u015fiir kadar, ihti\u015faml\u0131 olacaks\u0131n.<br \/>\nAc\u0131lar\u0131n kadar susacak,<br \/>\nAc\u0131lar\u0131n kadar yazacaks\u0131n.<br \/>\n\u00d6yle bir yazacaks\u0131n ki;<br \/>\n\u00d6fken a\u011f\u0131r basacak bazen.<br \/>\nBazen de, k\u0131yamayacaks\u0131n&#8230;<\/p>\n","protected":false},"excerpt":{"rendered":"<p>Susarak anlat\u0131lmaz m\u0131 ac\u0131lar? Yazmakta susman\u0131n bir par\u00e7as\u0131 de\u011fil mi asl\u0131nda? \u015eiirler yazmak, \u015fark\u0131lar yazmak, Kitap yazmak mesela&#8230; Asl\u0131nda yazmak kadar yaz\u0131lmakta \u00f6nemlidir. Nereye, neden yaz\u0131ld\u0131\u011f\u0131n\u0131 bileceksin mesela. Bir \u015fiir kadar, g\u00fczel olacak bak\u0131\u015flar\u0131n. \u00d6yle derin \u00f6yle manal\u0131. Mesela, bir \u015fiirde ge\u00e7ecek ad\u0131n. Bir \u015fiir kadar, ihti\u015faml\u0131 olacaks\u0131n. Ac\u0131lar\u0131n kadar susacak, Ac\u0131lar\u0131n kadar yazacaks\u0131n. \u00d6yle [&hellip;]<\/p>\n","protected":false},"featured_media":23560,"comment_status":"closed","ping_status":"closed","template":"","meta":[],"product_brand":[],"product_cat":[22],"product_tag":[],"class_list":{"0":"post-23559","1":"product","2":"type-product","3":"status-publish","4":"has-post-thumbnail","6":"product_cat-siir","8":"first","9":"instock","10":"sale","11":"shipping-taxable","12":"purchasable","13":"product-type-simple"},"_links":{"self":[{"href":"https:\/\/kutluyayinevi.com\/magaza\/wp-json\/wp\/v2\/product\/23559","targetHints":{"allow":["GET"]}}],"collection":[{"href":"https:\/\/kutluyayinevi.com\/magaza\/wp-json\/wp\/v2\/product"}],"about":[{"href":"https:\/\/kutluyayinevi.com\/magaza\/wp-json\/wp\/v2\/types\/product"}],"replies":[{"embeddable":true,"href":"https:\/\/kutluyayinevi.com\/magaza\/wp-json\/wp\/v2\/comments?post=23559"}],"wp:featuredmedia":[{"embeddable":true,"href":"https:\/\/kutluyayinevi.com\/magaza\/wp-json\/wp\/v2\/media\/23560"}],"wp:attachment":[{"href":"https:\/\/kutluyayinevi.com\/magaza\/wp-json\/wp\/v2\/media?parent=23559"}],"wp:term":[{"taxonomy":"product_brand","embeddable":true,"href":"https:\/\/kutluyayinevi.com\/magaza\/wp-json\/wp\/v2\/product_brand?post=23559"},{"taxonomy":"product_cat","embeddable":true,"href":"https:\/\/kutluyayinevi.com\/magaza\/wp-json\/wp\/v2\/product_cat?post=23559"},{"taxonomy":"product_tag","embeddable":true,"href":"https:\/\/kutluyayinevi.com\/magaza\/wp-json\/wp\/v2\/product_tag?post=23559"}],"curies":[{"name":"wp","href":"https:\/\/api.w.org\/{rel}","templated":true}]}}