{"id":23561,"date":"2025-01-10T15:08:48","date_gmt":"2025-01-10T12:08:48","guid":{"rendered":"https:\/\/kutluyayinevi.com\/magaza\/?post_type=product&#038;p=23561"},"modified":"2026-02-20T12:13:39","modified_gmt":"2026-02-20T09:13:39","slug":"karakecili-huseyin-eren","status":"publish","type":"product","link":"https:\/\/kutluyayinevi.com\/magaza\/urun\/karakecili-huseyin-eren\/","title":{"rendered":"Karake\u00e7ili &#8211; H\u00fcseyin Eren"},"content":{"rendered":"<p>Karake\u00e7ili Kitab\u0131, Karake\u00e7ili toplulu\u011funun tarihini, k\u00fclt\u00fcr\u00fcn\u00fc ve ya\u015fam tarz\u0131n\u0131 a\u00e7\u0131klayarak, okuyuculara farkl\u0131 bir perspektif sunmaktad\u0131r. Yazar, Karake\u00e7ili halk\u0131n\u0131n geleneksel k\u0131yafetlerinden m\u00fczi\u011fine, ev yap\u0131lar\u0131ndan beslenme al\u0131\u015fkanl\u0131klar\u0131na kadar geni\u015f bir yelpazede bilgi vermekte ve bu toplulu\u011fun benzersiz \u00f6zelliklerini ortaya koymaktad\u0131r.<\/p>\n<p>Karake\u00e7ili halk\u0131n\u0131n Anadolu&#8217;nun en eski ve geleneksel topluluklar\u0131ndan biri oldu\u011fu vurgulanmaktad\u0131r. Yazar, bu toplulu\u011fun k\u00f6kenlerinden ve tarihinden bahsederek, okuyucular\u0131n Karake\u00e7ili k\u00fclt\u00fcr\u00fcn\u00fc daha iyi anlamalar\u0131n\u0131 sa\u011flamaktad\u0131r. Ayr\u0131ca, Karake\u00e7ili toplulu\u011funun g\u00fcn\u00fcm\u00fczdeki ya\u015fant\u0131s\u0131n\u0131 da detayl\u0131 bir \u015fekilde ele alarak, bu toplulu\u011fun nas\u0131l bir ya\u015fam tarzlar\u0131 oldu\u011funu okuyucular\u0131na g\u00f6stermeyi ama\u00e7lamaktad\u0131r.<\/p>\n<p>Yazar, bu eseri olu\u015ftururken \u00e7e\u015fitli kaynaklardan yararlanm\u0131\u015f ve Karake\u00e7ili halk\u0131yla do\u011frudan g\u00f6r\u00fc\u015fmeler yaparak onlar\u0131n bak\u0131\u015f a\u00e7\u0131lar\u0131n\u0131 da yans\u0131tm\u0131\u015ft\u0131r. Bu sayede, okuyucular\u0131n Karake\u00e7ili halk\u0131 hakk\u0131nda daha detayl\u0131 ve do\u011fru bilgilere ula\u015fmalar\u0131 sa\u011flanm\u0131\u015ft\u0131r.<\/p>\n<p>Yazar\u0131n detayl\u0131 ara\u015ft\u0131rmalar\u0131 ve analizleri sayesinde, okuyucular Karake\u00e7ili halk\u0131n\u0131 daha yak\u0131ndan tan\u0131yacak ve onlar\u0131n d\u00fcnyas\u0131na bir yolculuk yapacaklard\u0131r.<\/p>\n","protected":false},"excerpt":{"rendered":"<p>Karake\u00e7ili Kitab\u0131, Karake\u00e7ili toplulu\u011funun tarihini, k\u00fclt\u00fcr\u00fcn\u00fc ve ya\u015fam tarz\u0131n\u0131 a\u00e7\u0131klayarak, okuyuculara farkl\u0131 bir perspektif sunmaktad\u0131r. Yazar, Karake\u00e7ili halk\u0131n\u0131n geleneksel k\u0131yafetlerinden m\u00fczi\u011fine, ev yap\u0131lar\u0131ndan beslenme al\u0131\u015fkanl\u0131klar\u0131na kadar geni\u015f bir yelpazede bilgi vermekte ve bu toplulu\u011fun benzersiz \u00f6zelliklerini ortaya koymaktad\u0131r. Karake\u00e7ili halk\u0131n\u0131n Anadolu&#8217;nun en eski ve geleneksel topluluklar\u0131ndan biri oldu\u011fu vurgulanmaktad\u0131r. Yazar, bu toplulu\u011fun k\u00f6kenlerinden ve tarihinden [&hellip;]<\/p>\n","protected":false},"featured_media":23562,"comment_status":"closed","ping_status":"closed","template":"","meta":[],"product_brand":[],"product_cat":[28],"product_tag":[],"class_list":{"0":"post-23561","1":"product","2":"type-product","3":"status-publish","4":"has-post-thumbnail","6":"product_cat-aratirma-inceleme","8":"first","9":"instock","10":"sale","11":"shipping-taxable","12":"purchasable","13":"product-type-simple"},"_links":{"self":[{"href":"https:\/\/kutluyayinevi.com\/magaza\/wp-json\/wp\/v2\/product\/23561","targetHints":{"allow":["GET"]}}],"collection":[{"href":"https:\/\/kutluyayinevi.com\/magaza\/wp-json\/wp\/v2\/product"}],"about":[{"href":"https:\/\/kutluyayinevi.com\/magaza\/wp-json\/wp\/v2\/types\/product"}],"replies":[{"embeddable":true,"href":"https:\/\/kutluyayinevi.com\/magaza\/wp-json\/wp\/v2\/comments?post=23561"}],"wp:featuredmedia":[{"embeddable":true,"href":"https:\/\/kutluyayinevi.com\/magaza\/wp-json\/wp\/v2\/media\/23562"}],"wp:attachment":[{"href":"https:\/\/kutluyayinevi.com\/magaza\/wp-json\/wp\/v2\/media?parent=23561"}],"wp:term":[{"taxonomy":"product_brand","embeddable":true,"href":"https:\/\/kutluyayinevi.com\/magaza\/wp-json\/wp\/v2\/product_brand?post=23561"},{"taxonomy":"product_cat","embeddable":true,"href":"https:\/\/kutluyayinevi.com\/magaza\/wp-json\/wp\/v2\/product_cat?post=23561"},{"taxonomy":"product_tag","embeddable":true,"href":"https:\/\/kutluyayinevi.com\/magaza\/wp-json\/wp\/v2\/product_tag?post=23561"}],"curies":[{"name":"wp","href":"https:\/\/api.w.org\/{rel}","templated":true}]}}