{"id":23575,"date":"2025-01-23T12:40:45","date_gmt":"2025-01-23T09:40:45","guid":{"rendered":"https:\/\/kutluyayinevi.com\/magaza\/?post_type=product&#038;p=23575"},"modified":"2026-02-19T17:28:51","modified_gmt":"2026-02-19T14:28:51","slug":"dus-pinari-hakan-tirit-selma-tirit-dilek-sacinalp-eda-kurtulan-feydullah-aslan-funda-suicmez-mehmet-kurtulan-murat-yilmaz-ozgur-sacinalp-safinaz-akyol-yuceur-mustafa-vedat-aksu-zehra-tell","status":"publish","type":"product","link":"https:\/\/kutluyayinevi.com\/magaza\/urun\/dus-pinari-hakan-tirit-selma-tirit-dilek-sacinalp-eda-kurtulan-feydullah-aslan-funda-suicmez-mehmet-kurtulan-murat-yilmaz-ozgur-sacinalp-safinaz-akyol-yuceur-mustafa-vedat-aksu-zehra-tell\/","title":{"rendered":"D\u00fc\u015f P\u0131nar\u0131 &#8211; Hakan Tirit, Selma Tirit, Dilek Sa\u00e7\u0131nalp, Eda Kurtulan, Feydullah Aslan, Funda Sui\u00e7mez, Mehmet Kurtulan, Murat Y\u0131lmaz, \u00d6zg\u00fcr Sa\u00e7\u0131nalp, Safinaz Akyol Y\u00fcceur, Mustafa Vedat Aksu, Zehra Telli, Serdal S\u00f6nmezer, Metin T\u00fcrkmeno\u011flu"},"content":{"rendered":"<p>E\u011fitim, yaln\u0131zca bilgiyi aktarmak de\u011fil; g\u00f6n\u00fcllere dokunmak, d\u00fc\u015f\u00fcncelere y\u00f6n vermek ve hayalleri kanatland\u0131rmakt\u0131r. \u0130\u015fte bu \u015fiir kitab\u0131, Milli E\u011fitim ailesinin kalemlerinden d\u00f6k\u00fclen duygular\u0131n, d\u00fc\u015f\u00fcncelerin ve umutlar\u0131n bir yans\u0131mas\u0131d\u0131r.<\/p>\n<p>Birlikte \u00e7al\u0131\u015ft\u0131\u011f\u0131m\u0131z, birlikte \u00f6\u011frendi\u011fimiz ve birlikte b\u00fcy\u00fcd\u00fc\u011f\u00fcm\u00fcz meslekta\u015flar\u0131m\u0131zla, e\u011fitim d\u00fcnyas\u0131n\u0131n ilham\u0131n\u0131 dizelere i\u015fledik. Her bir \u015fiir, \u00f6\u011frencilerimizden ald\u0131\u011f\u0131m\u0131z enerjinin, hayat\u0131n i\u00e7inden s\u00fcz\u00fclen an\u0131lar\u0131n ve ortak hayallerimizin bir meyvesidir.<\/p>\n","protected":false},"excerpt":{"rendered":"<p>E\u011fitim, yaln\u0131zca bilgiyi aktarmak de\u011fil; g\u00f6n\u00fcllere dokunmak, d\u00fc\u015f\u00fcncelere y\u00f6n vermek ve hayalleri kanatland\u0131rmakt\u0131r. \u0130\u015fte bu \u015fiir kitab\u0131, Milli E\u011fitim ailesinin kalemlerinden d\u00f6k\u00fclen duygular\u0131n, d\u00fc\u015f\u00fcncelerin ve umutlar\u0131n bir yans\u0131mas\u0131d\u0131r. Birlikte \u00e7al\u0131\u015ft\u0131\u011f\u0131m\u0131z, birlikte \u00f6\u011frendi\u011fimiz ve birlikte b\u00fcy\u00fcd\u00fc\u011f\u00fcm\u00fcz meslekta\u015flar\u0131m\u0131zla, e\u011fitim d\u00fcnyas\u0131n\u0131n ilham\u0131n\u0131 dizelere i\u015fledik. Her bir \u015fiir, \u00f6\u011frencilerimizden ald\u0131\u011f\u0131m\u0131z enerjinin, hayat\u0131n i\u00e7inden s\u00fcz\u00fclen an\u0131lar\u0131n ve ortak hayallerimizin bir [&hellip;]<\/p>\n","protected":false},"featured_media":23576,"comment_status":"closed","ping_status":"closed","template":"","meta":[],"product_brand":[],"product_cat":[22],"product_tag":[],"class_list":{"0":"post-23575","1":"product","2":"type-product","3":"status-publish","4":"has-post-thumbnail","6":"product_cat-siir","8":"first","9":"instock","10":"sale","11":"shipping-taxable","12":"purchasable","13":"product-type-simple"},"_links":{"self":[{"href":"https:\/\/kutluyayinevi.com\/magaza\/wp-json\/wp\/v2\/product\/23575","targetHints":{"allow":["GET"]}}],"collection":[{"href":"https:\/\/kutluyayinevi.com\/magaza\/wp-json\/wp\/v2\/product"}],"about":[{"href":"https:\/\/kutluyayinevi.com\/magaza\/wp-json\/wp\/v2\/types\/product"}],"replies":[{"embeddable":true,"href":"https:\/\/kutluyayinevi.com\/magaza\/wp-json\/wp\/v2\/comments?post=23575"}],"wp:featuredmedia":[{"embeddable":true,"href":"https:\/\/kutluyayinevi.com\/magaza\/wp-json\/wp\/v2\/media\/23576"}],"wp:attachment":[{"href":"https:\/\/kutluyayinevi.com\/magaza\/wp-json\/wp\/v2\/media?parent=23575"}],"wp:term":[{"taxonomy":"product_brand","embeddable":true,"href":"https:\/\/kutluyayinevi.com\/magaza\/wp-json\/wp\/v2\/product_brand?post=23575"},{"taxonomy":"product_cat","embeddable":true,"href":"https:\/\/kutluyayinevi.com\/magaza\/wp-json\/wp\/v2\/product_cat?post=23575"},{"taxonomy":"product_tag","embeddable":true,"href":"https:\/\/kutluyayinevi.com\/magaza\/wp-json\/wp\/v2\/product_tag?post=23575"}],"curies":[{"name":"wp","href":"https:\/\/api.w.org\/{rel}","templated":true}]}}