{"id":23577,"date":"2025-01-23T12:54:23","date_gmt":"2025-01-23T09:54:23","guid":{"rendered":"https:\/\/kutluyayinevi.com\/magaza\/?post_type=product&#038;p=23577"},"modified":"2026-02-19T14:50:09","modified_gmt":"2026-02-19T11:50:09","slug":"bin-bir-kere-iki-naim-cagman","status":"publish","type":"product","link":"https:\/\/kutluyayinevi.com\/magaza\/urun\/bin-bir-kere-iki-naim-cagman\/","title":{"rendered":"Bin Bir Kere \u0130ki &#8211; Naim \u00c7a\u011fman"},"content":{"rendered":"<p>Bin Bir Kere \u0130ki, Bin Bir Kere Bir kitab\u0131n\u0131n devam\u0131d\u0131r. Mant\u0131k\u00e7\u0131 Prof. Dr. Naim \u00c7a\u011fman\u2019n\u0131n farkl\u0131 bir bak\u0131\u015f a\u00e7\u0131s\u0131yla duygu ve d\u00fc\u015f\u00fcncelerini yazd\u0131\u011f\u0131 1001 (bin bir) tane \u015fiir ve \u00f6zdeyi\u015f i\u00e7erir.<\/p>\n<p>\u015eiir, \u015fairin s\u0131v\u0131la\u015fm\u0131\u015f ruhudur. Akaca\u011f\u0131 vadi, sulayaca\u011f\u0131 \u00e7i\u00e7ek ve s\u00f6nd\u00fcrece\u011fi ate\u015f her okuyucuda farkl\u0131d\u0131r. Kitab\u0131n kapa\u011f\u0131n\u0131 a\u00e7anlar, i\u00e7ine girip yepyeni d\u00fcnyalara yelken a\u00e7acaklar, baz\u0131lar\u0131nda tebess\u00fcm edecek, baz\u0131lar\u0131nda duygulanacak, baz\u0131lar\u0131nda derin d\u00fc\u015f\u00fcncelere dalacak, kendi vadisindeki \u00e7i\u00e7ekleri sulayacak ve ruhunu serinletecektir.<\/p>\n<p>\u00c7a\u011fman yazd\u0131klar\u0131na g\u00fcvenerek diyor ki: Okuyaca\u011f\u0131n\u0131z bu kitap, size dokunmuyorsa siz de ona dokunmay\u0131n\u0131z, b\u0131rak\u0131n\u0131z \u00e7\u00f6p\u00e7\u00fc dokunsun.<\/p>\n","protected":false},"excerpt":{"rendered":"<p>Bin Bir Kere \u0130ki, Bin Bir Kere Bir kitab\u0131n\u0131n devam\u0131d\u0131r. Mant\u0131k\u00e7\u0131 Prof. Dr. Naim \u00c7a\u011fman\u2019n\u0131n farkl\u0131 bir bak\u0131\u015f a\u00e7\u0131s\u0131yla duygu ve d\u00fc\u015f\u00fcncelerini yazd\u0131\u011f\u0131 1001 (bin bir) tane \u015fiir ve \u00f6zdeyi\u015f i\u00e7erir. \u015eiir, \u015fairin s\u0131v\u0131la\u015fm\u0131\u015f ruhudur. Akaca\u011f\u0131 vadi, sulayaca\u011f\u0131 \u00e7i\u00e7ek ve s\u00f6nd\u00fcrece\u011fi ate\u015f her okuyucuda farkl\u0131d\u0131r. Kitab\u0131n kapa\u011f\u0131n\u0131 a\u00e7anlar, i\u00e7ine girip yepyeni d\u00fcnyalara yelken a\u00e7acaklar, baz\u0131lar\u0131nda [&hellip;]<\/p>\n","protected":false},"featured_media":23578,"comment_status":"closed","ping_status":"closed","template":"","meta":[],"product_brand":[],"product_cat":[22],"product_tag":[],"class_list":{"0":"post-23577","1":"product","2":"type-product","3":"status-publish","4":"has-post-thumbnail","6":"product_cat-siir","8":"first","9":"instock","10":"sale","11":"shipping-taxable","12":"purchasable","13":"product-type-simple"},"_links":{"self":[{"href":"https:\/\/kutluyayinevi.com\/magaza\/wp-json\/wp\/v2\/product\/23577","targetHints":{"allow":["GET"]}}],"collection":[{"href":"https:\/\/kutluyayinevi.com\/magaza\/wp-json\/wp\/v2\/product"}],"about":[{"href":"https:\/\/kutluyayinevi.com\/magaza\/wp-json\/wp\/v2\/types\/product"}],"replies":[{"embeddable":true,"href":"https:\/\/kutluyayinevi.com\/magaza\/wp-json\/wp\/v2\/comments?post=23577"}],"wp:featuredmedia":[{"embeddable":true,"href":"https:\/\/kutluyayinevi.com\/magaza\/wp-json\/wp\/v2\/media\/23578"}],"wp:attachment":[{"href":"https:\/\/kutluyayinevi.com\/magaza\/wp-json\/wp\/v2\/media?parent=23577"}],"wp:term":[{"taxonomy":"product_brand","embeddable":true,"href":"https:\/\/kutluyayinevi.com\/magaza\/wp-json\/wp\/v2\/product_brand?post=23577"},{"taxonomy":"product_cat","embeddable":true,"href":"https:\/\/kutluyayinevi.com\/magaza\/wp-json\/wp\/v2\/product_cat?post=23577"},{"taxonomy":"product_tag","embeddable":true,"href":"https:\/\/kutluyayinevi.com\/magaza\/wp-json\/wp\/v2\/product_tag?post=23577"}],"curies":[{"name":"wp","href":"https:\/\/api.w.org\/{rel}","templated":true}]}}