{"id":23580,"date":"2025-01-23T13:00:43","date_gmt":"2025-01-23T10:00:43","guid":{"rendered":"https:\/\/kutluyayinevi.com\/magaza\/?post_type=product&#038;p=23580"},"modified":"2026-02-20T10:36:03","modified_gmt":"2026-02-20T07:36:03","slug":"gulendam-abdulkerim-taskan","status":"publish","type":"product","link":"https:\/\/kutluyayinevi.com\/magaza\/urun\/gulendam-abdulkerim-taskan\/","title":{"rendered":"G\u00fclendam &#8211; Abdulkerim Ta\u015fkan"},"content":{"rendered":"<p>A\u015fk bir hayalin ard\u0131 s\u0131ra ko\u015fmakt\u0131r<br \/>\nKavu\u015fabilen mesut<br \/>\nKavu\u015famayan meftun<br \/>\nKavu\u015fup kaybeden ise Mecnun olur.<\/p>\n","protected":false},"excerpt":{"rendered":"<p>A\u015fk bir hayalin ard\u0131 s\u0131ra ko\u015fmakt\u0131r Kavu\u015fabilen mesut Kavu\u015famayan meftun Kavu\u015fup kaybeden ise Mecnun olur.<\/p>\n","protected":false},"featured_media":23581,"comment_status":"closed","ping_status":"closed","template":"","meta":[],"product_brand":[],"product_cat":[22],"product_tag":[],"class_list":{"0":"post-23580","1":"product","2":"type-product","3":"status-publish","4":"has-post-thumbnail","6":"product_cat-siir","8":"first","9":"instock","10":"sale","11":"shipping-taxable","12":"purchasable","13":"product-type-simple"},"_links":{"self":[{"href":"https:\/\/kutluyayinevi.com\/magaza\/wp-json\/wp\/v2\/product\/23580","targetHints":{"allow":["GET"]}}],"collection":[{"href":"https:\/\/kutluyayinevi.com\/magaza\/wp-json\/wp\/v2\/product"}],"about":[{"href":"https:\/\/kutluyayinevi.com\/magaza\/wp-json\/wp\/v2\/types\/product"}],"replies":[{"embeddable":true,"href":"https:\/\/kutluyayinevi.com\/magaza\/wp-json\/wp\/v2\/comments?post=23580"}],"wp:featuredmedia":[{"embeddable":true,"href":"https:\/\/kutluyayinevi.com\/magaza\/wp-json\/wp\/v2\/media\/23581"}],"wp:attachment":[{"href":"https:\/\/kutluyayinevi.com\/magaza\/wp-json\/wp\/v2\/media?parent=23580"}],"wp:term":[{"taxonomy":"product_brand","embeddable":true,"href":"https:\/\/kutluyayinevi.com\/magaza\/wp-json\/wp\/v2\/product_brand?post=23580"},{"taxonomy":"product_cat","embeddable":true,"href":"https:\/\/kutluyayinevi.com\/magaza\/wp-json\/wp\/v2\/product_cat?post=23580"},{"taxonomy":"product_tag","embeddable":true,"href":"https:\/\/kutluyayinevi.com\/magaza\/wp-json\/wp\/v2\/product_tag?post=23580"}],"curies":[{"name":"wp","href":"https:\/\/api.w.org\/{rel}","templated":true}]}}