{"id":23582,"date":"2025-01-23T13:03:33","date_gmt":"2025-01-23T10:03:33","guid":{"rendered":"https:\/\/kutluyayinevi.com\/magaza\/?post_type=product&#038;p=23582"},"modified":"2026-02-20T13:18:31","modified_gmt":"2026-02-20T10:18:31","slug":"marti-batmaz-aysenur-toksoz","status":"publish","type":"product","link":"https:\/\/kutluyayinevi.com\/magaza\/urun\/marti-batmaz-aysenur-toksoz\/","title":{"rendered":"Mart\u0131 Batmaz &#8211; Ay\u015fenur Toks\u00f6z"},"content":{"rendered":"<p>Binlerce s\u00f6z s\u00f6yledin<br \/>\nHer sitemin bo\u011fdu beni<br \/>\nSessizce gitseydin k\u0131rmadan bu \u015fehri<br \/>\nBelki gelmemek \u00fczere al\u0131p g\u00f6t\u00fcr beni<br \/>\nDemir parmakl\u0131klar ard\u0131ndan say\u0131kl\u0131yorlar ismini<br \/>\nY\u00fcz\u00fcn de\u011fi\u015fmi\u015f y\u0131llar y\u0131l\u0131 g\u00f6rmeyeli seni<br \/>\nBin k\u00fcs\u00fcr sene bekledim geli\u015fini<br \/>\nKaranl\u0131\u011f\u0131n g\u00fcne\u015fine haber verece\u011fim seni<\/p>\n","protected":false},"excerpt":{"rendered":"<p>Binlerce s\u00f6z s\u00f6yledin Her sitemin bo\u011fdu beni Sessizce gitseydin k\u0131rmadan bu \u015fehri Belki gelmemek \u00fczere al\u0131p g\u00f6t\u00fcr beni Demir parmakl\u0131klar ard\u0131ndan say\u0131kl\u0131yorlar ismini Y\u00fcz\u00fcn de\u011fi\u015fmi\u015f y\u0131llar y\u0131l\u0131 g\u00f6rmeyeli seni Bin k\u00fcs\u00fcr sene bekledim geli\u015fini Karanl\u0131\u011f\u0131n g\u00fcne\u015fine haber verece\u011fim seni<\/p>\n","protected":false},"featured_media":23583,"comment_status":"closed","ping_status":"closed","template":"","meta":[],"product_brand":[],"product_cat":[22],"product_tag":[],"class_list":{"0":"post-23582","1":"product","2":"type-product","3":"status-publish","4":"has-post-thumbnail","6":"product_cat-siir","8":"first","9":"instock","10":"sale","11":"shipping-taxable","12":"purchasable","13":"product-type-simple"},"_links":{"self":[{"href":"https:\/\/kutluyayinevi.com\/magaza\/wp-json\/wp\/v2\/product\/23582","targetHints":{"allow":["GET"]}}],"collection":[{"href":"https:\/\/kutluyayinevi.com\/magaza\/wp-json\/wp\/v2\/product"}],"about":[{"href":"https:\/\/kutluyayinevi.com\/magaza\/wp-json\/wp\/v2\/types\/product"}],"replies":[{"embeddable":true,"href":"https:\/\/kutluyayinevi.com\/magaza\/wp-json\/wp\/v2\/comments?post=23582"}],"wp:featuredmedia":[{"embeddable":true,"href":"https:\/\/kutluyayinevi.com\/magaza\/wp-json\/wp\/v2\/media\/23583"}],"wp:attachment":[{"href":"https:\/\/kutluyayinevi.com\/magaza\/wp-json\/wp\/v2\/media?parent=23582"}],"wp:term":[{"taxonomy":"product_brand","embeddable":true,"href":"https:\/\/kutluyayinevi.com\/magaza\/wp-json\/wp\/v2\/product_brand?post=23582"},{"taxonomy":"product_cat","embeddable":true,"href":"https:\/\/kutluyayinevi.com\/magaza\/wp-json\/wp\/v2\/product_cat?post=23582"},{"taxonomy":"product_tag","embeddable":true,"href":"https:\/\/kutluyayinevi.com\/magaza\/wp-json\/wp\/v2\/product_tag?post=23582"}],"curies":[{"name":"wp","href":"https:\/\/api.w.org\/{rel}","templated":true}]}}