{"id":23595,"date":"2025-01-31T14:27:57","date_gmt":"2025-01-31T11:27:57","guid":{"rendered":"https:\/\/kutluyayinevi.com\/magaza\/?post_type=product&#038;p=23595"},"modified":"2026-02-20T17:21:47","modified_gmt":"2026-02-20T14:21:47","slug":"seferler-hazal-aydin","status":"publish","type":"product","link":"https:\/\/kutluyayinevi.com\/magaza\/urun\/seferler-hazal-aydin\/","title":{"rendered":"Seferler &#8211; Hazal Ayd\u0131n"},"content":{"rendered":"<p>kucaklan\u0131r t\u00fcm kusur denilen zaaflar<br \/>\nherkesin akl\u0131na \u00e7al\u0131nan, a\u015fka davet vaatler<br \/>\ntopra\u011f\u0131 \u00e7ekilmi\u015f bah\u00e7eler, sarg\u0131 sarg\u0131 \u00e7imler<br \/>\nka\u00e7\u0131\u015f hayallerinin kucaklay\u0131c\u0131 g\u00fcne\u015fi, \u00f6ks\u00fcz kalplerin ailesi.<br \/>\n;<br \/>\n\u00f6ten saatler, u\u00e7an dakikalar.<br \/>\ny\u0131rt\u0131k p\u0131rt\u0131k elbiseler, ezilmi\u015f sepetler, dolanan s\u0131cak nefesler.<br \/>\nhepiniz, ho\u015f geldiniz.<\/p>\n","protected":false},"excerpt":{"rendered":"<p>kucaklan\u0131r t\u00fcm kusur denilen zaaflar herkesin akl\u0131na \u00e7al\u0131nan, a\u015fka davet vaatler topra\u011f\u0131 \u00e7ekilmi\u015f bah\u00e7eler, sarg\u0131 sarg\u0131 \u00e7imler ka\u00e7\u0131\u015f hayallerinin kucaklay\u0131c\u0131 g\u00fcne\u015fi, \u00f6ks\u00fcz kalplerin ailesi. ; \u00f6ten saatler, u\u00e7an dakikalar. y\u0131rt\u0131k p\u0131rt\u0131k elbiseler, ezilmi\u015f sepetler, dolanan s\u0131cak nefesler. hepiniz, ho\u015f geldiniz.<\/p>\n","protected":false},"featured_media":23596,"comment_status":"closed","ping_status":"closed","template":"","meta":[],"product_brand":[],"product_cat":[22],"product_tag":[],"class_list":{"0":"post-23595","1":"product","2":"type-product","3":"status-publish","4":"has-post-thumbnail","6":"product_cat-siir","8":"first","9":"instock","10":"sale","11":"shipping-taxable","12":"purchasable","13":"product-type-simple"},"_links":{"self":[{"href":"https:\/\/kutluyayinevi.com\/magaza\/wp-json\/wp\/v2\/product\/23595","targetHints":{"allow":["GET"]}}],"collection":[{"href":"https:\/\/kutluyayinevi.com\/magaza\/wp-json\/wp\/v2\/product"}],"about":[{"href":"https:\/\/kutluyayinevi.com\/magaza\/wp-json\/wp\/v2\/types\/product"}],"replies":[{"embeddable":true,"href":"https:\/\/kutluyayinevi.com\/magaza\/wp-json\/wp\/v2\/comments?post=23595"}],"wp:featuredmedia":[{"embeddable":true,"href":"https:\/\/kutluyayinevi.com\/magaza\/wp-json\/wp\/v2\/media\/23596"}],"wp:attachment":[{"href":"https:\/\/kutluyayinevi.com\/magaza\/wp-json\/wp\/v2\/media?parent=23595"}],"wp:term":[{"taxonomy":"product_brand","embeddable":true,"href":"https:\/\/kutluyayinevi.com\/magaza\/wp-json\/wp\/v2\/product_brand?post=23595"},{"taxonomy":"product_cat","embeddable":true,"href":"https:\/\/kutluyayinevi.com\/magaza\/wp-json\/wp\/v2\/product_cat?post=23595"},{"taxonomy":"product_tag","embeddable":true,"href":"https:\/\/kutluyayinevi.com\/magaza\/wp-json\/wp\/v2\/product_tag?post=23595"}],"curies":[{"name":"wp","href":"https:\/\/api.w.org\/{rel}","templated":true}]}}