{"id":23597,"date":"2025-01-31T14:34:31","date_gmt":"2025-01-31T11:34:31","guid":{"rendered":"https:\/\/kutluyayinevi.com\/magaza\/?post_type=product&#038;p=23597"},"modified":"2026-02-20T09:55:49","modified_gmt":"2026-02-20T06:55:49","slug":"goc-ve-egitim-kulturlerarasi-yolculuklar-nurcan-ada-cetinkaya","status":"publish","type":"product","link":"https:\/\/kutluyayinevi.com\/magaza\/urun\/goc-ve-egitim-kulturlerarasi-yolculuklar-nurcan-ada-cetinkaya\/","title":{"rendered":"G\u00f6\u00e7 ve E\u011fitim: K\u00fclt\u00fcrleraras\u0131 Yolculuklar &#8211; Nurcan Ada \u00c7etinkaya"},"content":{"rendered":"<p>G\u00f6\u00e7, bireylerin hayatlar\u0131n\u0131 k\u00f6kten de\u011fi\u015ftiren karma\u015f\u0131k bir s\u00fcre\u00e7tir. E\u011fitim ise toplumsal b\u00fct\u00fcnle\u015fme ve ki\u015fisel geli\u015fim i\u00e7in g\u00fc\u00e7l\u00fc bir ara\u00e7t\u0131r. Peki, bu iki olgu bir araya geldi\u011finde neler olur?  &#8220;G\u00f6\u00e7 ve E\u011fitim&#8221;, farkl\u0131 k\u00fclt\u00fcrel, sosyal ve ekonomik arka planlardan gelen bireylerin bu yeni d\u00fcnyada kar\u015f\u0131la\u015ft\u0131klar\u0131 zorluklar\u0131 ve f\u0131rsatlar\u0131 ele al\u0131yor. Bu kitap, g\u00f6\u00e7men ailelerin e\u011fitim alan\u0131ndaki m\u00fccadelelerini, topluma entegrasyon \u00e7abalar\u0131n\u0131 ve bu s\u00fcre\u00e7te e\u011fitim sisteminin rol\u00fcn\u00fc derinlemesine inceliyor.  Ba\u015far\u0131l\u0131 g\u00f6\u00e7 ve e\u011fitim hikayelerinden \u00f6rneklerle zenginle\u015ftirilmi\u015f bu \u00e7al\u0131\u015fma, okuyuculara empati kurmalar\u0131n\u0131 sa\u011flayacak bir perspektif sunuyor. E\u011fitimciler, politika yap\u0131c\u0131lar ve konuya ilgi duyan herkes i\u00e7in vazge\u00e7ilmez bir kaynak olan bu kitap, k\u00fcreselle\u015fen d\u00fcnyam\u0131zda g\u00f6\u00e7 ve e\u011fitim aras\u0131ndaki karma\u015f\u0131k ili\u015fkiyi anlamam\u0131za yard\u0131mc\u0131 oluyor.<\/p>\n","protected":false},"excerpt":{"rendered":"<p>G\u00f6\u00e7, bireylerin hayatlar\u0131n\u0131 k\u00f6kten de\u011fi\u015ftiren karma\u015f\u0131k bir s\u00fcre\u00e7tir. E\u011fitim ise toplumsal b\u00fct\u00fcnle\u015fme ve ki\u015fisel geli\u015fim i\u00e7in g\u00fc\u00e7l\u00fc bir ara\u00e7t\u0131r. Peki, bu iki olgu bir araya geldi\u011finde neler olur? &#8220;G\u00f6\u00e7 ve E\u011fitim&#8221;, farkl\u0131 k\u00fclt\u00fcrel, sosyal ve ekonomik arka planlardan gelen bireylerin bu yeni d\u00fcnyada kar\u015f\u0131la\u015ft\u0131klar\u0131 zorluklar\u0131 ve f\u0131rsatlar\u0131 ele al\u0131yor. Bu kitap, g\u00f6\u00e7men ailelerin e\u011fitim alan\u0131ndaki [&hellip;]<\/p>\n","protected":false},"featured_media":23598,"comment_status":"closed","ping_status":"closed","template":"","meta":[],"product_brand":[],"product_cat":[28],"product_tag":[],"class_list":{"0":"post-23597","1":"product","2":"type-product","3":"status-publish","4":"has-post-thumbnail","6":"product_cat-aratirma-inceleme","8":"first","9":"instock","10":"sale","11":"shipping-taxable","12":"purchasable","13":"product-type-simple"},"_links":{"self":[{"href":"https:\/\/kutluyayinevi.com\/magaza\/wp-json\/wp\/v2\/product\/23597","targetHints":{"allow":["GET"]}}],"collection":[{"href":"https:\/\/kutluyayinevi.com\/magaza\/wp-json\/wp\/v2\/product"}],"about":[{"href":"https:\/\/kutluyayinevi.com\/magaza\/wp-json\/wp\/v2\/types\/product"}],"replies":[{"embeddable":true,"href":"https:\/\/kutluyayinevi.com\/magaza\/wp-json\/wp\/v2\/comments?post=23597"}],"wp:featuredmedia":[{"embeddable":true,"href":"https:\/\/kutluyayinevi.com\/magaza\/wp-json\/wp\/v2\/media\/23598"}],"wp:attachment":[{"href":"https:\/\/kutluyayinevi.com\/magaza\/wp-json\/wp\/v2\/media?parent=23597"}],"wp:term":[{"taxonomy":"product_brand","embeddable":true,"href":"https:\/\/kutluyayinevi.com\/magaza\/wp-json\/wp\/v2\/product_brand?post=23597"},{"taxonomy":"product_cat","embeddable":true,"href":"https:\/\/kutluyayinevi.com\/magaza\/wp-json\/wp\/v2\/product_cat?post=23597"},{"taxonomy":"product_tag","embeddable":true,"href":"https:\/\/kutluyayinevi.com\/magaza\/wp-json\/wp\/v2\/product_tag?post=23597"}],"curies":[{"name":"wp","href":"https:\/\/api.w.org\/{rel}","templated":true}]}}